{"id":130346,"date":"2022-10-12T23:46:44","date_gmt":"2022-10-12T21:46:44","guid":{"rendered":"http:\/\/dev.claret.cat\/producte\/el-buen-profesional\/"},"modified":"2024-05-24T04:46:37","modified_gmt":"2024-05-24T02:46:37","slug":"el-buen-profesional-9788432151118","status":"publish","type":"product","link":"https:\/\/www.claret.cat\/es\/libro\/el-buen-profesional-9788432151118\/","title":{"rendered":"EL BUEN PROFESIONAL"},"content":{"rendered":"<p>C\u00f3mo desenvolverse en un nuevo empleo, y c\u00f3mo dejarlo con elegancia. Qu\u00e9 implica saber estar en un entorno laboral. C\u00f3mo ser competente y competitivo, sin pisar a nadie. C\u00f3mo confiar en los dem\u00e1s, y que ellos conf\u00eden en ti. Por qu\u00e9 la raz\u00f3n de ser de la empresa no es el dinero, sino la suma de compa\u00f1erismo y emprendimiento. C\u00f3mo dejarse ense\u00f1ar, y estar dispuesto a ense\u00f1ar. Qu\u00e9 importancia tiene la reputaci\u00f3n. C\u00f3mo respetar limpiamente las reglas del juego. C\u00f3mo enfocar la propia vocaci\u00f3n profesional como un servicio a los dem\u00e1s.<\/p>\n","protected":false},"excerpt":{"rendered":"<p>CERD\u00c1, DAVID<\/p>\n","protected":false},"featured_media":344143,"template":"","meta":{"_acf_changed":false,"om_disable_all_campaigns":false,"rs_blank_template":"","rs_page_bg_color":"","slide_template_v7":"","inline_featured_image":false,"_monsterinsights_skip_tracking":false,"_monsterinsights_sitenote_active":false,"_monsterinsights_sitenote_note":"","_monsterinsights_sitenote_category":0},"product_brand":[],"product_cat":[569,120,84,350],"product_tag":[],"class_list":{"0":"post-130346","1":"product","2":"type-product","3":"status-publish","4":"has-post-thumbnail","6":"product_cat-politica-2_humanidades-spa","7":"product_cat-politica","8":"product_cat-sociologia","9":"product_cat-sociologia-2_humanidades","11":"first","12":"instock","13":"taxable","14":"shipping-taxable","15":"purchasable","16":"product-type-simple"},"acf":{"editorial":[{"ID":6348,"post_author":"3","post_date":"2022-07-28 17:50:16","post_date_gmt":"2022-07-28 15:50:16","post_content":"","post_title":"Rialp","post_excerpt":"","post_status":"publish","comment_status":"closed","ping_status":"closed","post_password":"","post_name":"rialp","to_ping":"","pinged":"","post_modified":"2022-07-28 17:50:16","post_modified_gmt":"2022-07-28 15:50:16","post_content_filtered":"","post_parent":0,"guid":"http:\/\/dev.claret.cat\/editorial\/rialp\/","menu_order":0,"post_type":"editorial","post_mime_type":"","comment_count":"0","filter":"raw"}],"autor":"CERD\u00c1, DAVID","codart":"843215111","libros-coleccion":"","ediciones":"1","encuadernacion":"R\u00fastica","fecha_de_publicacion":"09\/05\/2019","novedad":"1","paginas":"174","subtitulo":"PRIMEROS Y SEGUNDOS PASOS EN EL \u00c1MBITO LABORAL","orden":"0","portada":"0","idioma":"spa","autores-libros":[{"ID":153774,"post_author":"3","post_date":"2022-10-14 14:59:25","post_date_gmt":"2022-10-14 12:59:25","post_content":"","post_title":"DAVID CERD\u00c1","post_excerpt":"","post_status":"publish","comment_status":"closed","ping_status":"closed","post_password":"","post_name":"david-cerda","to_ping":"","pinged":"","post_modified":"2022-10-14 14:59:25","post_modified_gmt":"2022-10-14 12:59:25","post_content_filtered":"","post_parent":0,"guid":"http:\/\/dev.claret.cat\/autor\/david-cerda\/","menu_order":0,"post_type":"autor","post_mime_type":"","comment_count":"0","filter":"raw"}]},"aioseo_notices":[],"_links":{"self":[{"href":"https:\/\/www.claret.cat\/es\/wp-json\/wp\/v2\/product\/130346","targetHints":{"allow":["GET"]}}],"collection":[{"href":"https:\/\/www.claret.cat\/es\/wp-json\/wp\/v2\/product"}],"about":[{"href":"https:\/\/www.claret.cat\/es\/wp-json\/wp\/v2\/types\/product"}],"wp:featuredmedia":[{"embeddable":true,"href":"https:\/\/www.claret.cat\/es\/wp-json\/wp\/v2\/media\/344143"}],"wp:attachment":[{"href":"https:\/\/www.claret.cat\/es\/wp-json\/wp\/v2\/media?parent=130346"}],"wp:term":[{"taxonomy":"product_brand","embeddable":true,"href":"https:\/\/www.claret.cat\/es\/wp-json\/wp\/v2\/product_brand?post=130346"},{"taxonomy":"product_cat","embeddable":true,"href":"https:\/\/www.claret.cat\/es\/wp-json\/wp\/v2\/product_cat?post=130346"},{"taxonomy":"product_tag","embeddable":true,"href":"https:\/\/www.claret.cat\/es\/wp-json\/wp\/v2\/product_tag?post=130346"}],"curies":[{"name":"wp","href":"https:\/\/api.w.org\/{rel}","templated":true}]}}