{"id":130424,"date":"2022-10-12T23:47:54","date_gmt":"2022-10-12T21:47:54","guid":{"rendered":"http:\/\/dev.claret.cat\/producte\/vision-mistica\/"},"modified":"2024-01-10T10:52:43","modified_gmt":"2024-01-10T09:52:43","slug":"vision-mistica-9788417371739","status":"publish","type":"product","link":"https:\/\/www.claret.cat\/es\/libro\/vision-mistica-9788417371739\/","title":{"rendered":"VISI\u00d3N M\u00cdSTICA"},"content":{"rendered":"<p>Un compendio actualizado de las aportaciones fundamentales del fil\u00f3sofo: las conexiones entre cristianismo, hinduismo y budismo; la visi\u00f3n &#8216;cosmote\u00e1ndrica&#8217;, es decir, una concepci\u00f3n novedosa de la trinidad, compuesta de una s\u00edntesis de la filosof\u00eda oriental y occidental: Dios-Hombre-Cosmos, en la que la realidad no es dualista y las conexiones entre los tres son en plano de igualdad. <br \/> Tanto Panikkar como Volpini defienden la fe en un Dios que no es monote\u00edsta, sino libre de &#8216;ismos&#8217; y conocedor del infinito. Transmiten la espiritualidad como concepto te\u00f3rico que traspasa las definiciones limitadas de cada tradici\u00f3n religiosa.<\/p>\n","protected":false},"excerpt":{"rendered":"<p>VOLPINI, ANGELA<\/p>\n","protected":false},"featured_media":130425,"template":"","meta":{"_acf_changed":false,"om_disable_all_campaigns":false,"rs_blank_template":"","rs_page_bg_color":"","slide_template_v7":"","inline_featured_image":false,"_monsterinsights_skip_tracking":false,"_monsterinsights_sitenote_active":false,"_monsterinsights_sitenote_note":"","_monsterinsights_sitenote_category":0},"product_brand":[],"product_cat":[90,540],"product_tag":[],"class_list":{"0":"post-130424","1":"product","2":"type-product","3":"status-publish","4":"has-post-thumbnail","6":"product_cat-altres","7":"product_cat-otros","9":"first","10":"instock","11":"taxable","12":"shipping-taxable","13":"purchasable","14":"product-type-simple"},"acf":{"autor":"VOLPINI, ANGELA","codart":"841737173","libros-coleccion":"LIBROS DE CABECERA","ediciones":"1","encuadernacion":"R\u00fastica","fecha_de_publicacion":"01\/05\/2019","novedad":"1","paginas":"128","subtitulo":"","orden":"0","portada":"0","idioma":"spa","editorial":[{"ID":148472,"post_author":"3","post_date":"2022-10-14 11:58:30","post_date_gmt":"2022-10-14 09:58:30","post_content":"","post_title":"Luci\u00e9rnaga","post_excerpt":"","post_status":"publish","comment_status":"closed","ping_status":"closed","post_password":"","post_name":"luciernaga","to_ping":"","pinged":"","post_modified":"2022-10-14 11:58:30","post_modified_gmt":"2022-10-14 09:58:30","post_content_filtered":"","post_parent":0,"guid":"http:\/\/dev.claret.cat\/editorial\/luciernaga\/","menu_order":0,"post_type":"editorial","post_mime_type":"","comment_count":"0","filter":"raw"}],"autores-libros":[{"ID":150447,"post_author":"3","post_date":"2022-10-14 14:33:02","post_date_gmt":"2022-10-14 12:33:02","post_content":"","post_title":"\u00c1NGELA VOLPINI","post_excerpt":"","post_status":"publish","comment_status":"closed","ping_status":"closed","post_password":"","post_name":"angela-volpini","to_ping":"","pinged":"","post_modified":"2022-10-14 14:33:02","post_modified_gmt":"2022-10-14 12:33:02","post_content_filtered":"","post_parent":0,"guid":"http:\/\/dev.claret.cat\/autor\/angela-volpini\/","menu_order":0,"post_type":"autor","post_mime_type":"","comment_count":"0","filter":"raw"}]},"aioseo_notices":[],"_links":{"self":[{"href":"https:\/\/www.claret.cat\/es\/wp-json\/wp\/v2\/product\/130424","targetHints":{"allow":["GET"]}}],"collection":[{"href":"https:\/\/www.claret.cat\/es\/wp-json\/wp\/v2\/product"}],"about":[{"href":"https:\/\/www.claret.cat\/es\/wp-json\/wp\/v2\/types\/product"}],"wp:featuredmedia":[{"embeddable":true,"href":"https:\/\/www.claret.cat\/es\/wp-json\/wp\/v2\/media\/130425"}],"wp:attachment":[{"href":"https:\/\/www.claret.cat\/es\/wp-json\/wp\/v2\/media?parent=130424"}],"wp:term":[{"taxonomy":"product_brand","embeddable":true,"href":"https:\/\/www.claret.cat\/es\/wp-json\/wp\/v2\/product_brand?post=130424"},{"taxonomy":"product_cat","embeddable":true,"href":"https:\/\/www.claret.cat\/es\/wp-json\/wp\/v2\/product_cat?post=130424"},{"taxonomy":"product_tag","embeddable":true,"href":"https:\/\/www.claret.cat\/es\/wp-json\/wp\/v2\/product_tag?post=130424"}],"curies":[{"name":"wp","href":"https:\/\/api.w.org\/{rel}","templated":true}]}}