{"id":130457,"date":"2022-10-12T23:48:24","date_gmt":"2022-10-12T21:48:24","guid":{"rendered":"http:\/\/dev.claret.cat\/producte\/el-cas-de-la-dama-esquerrana\/"},"modified":"2025-10-20T20:44:13","modified_gmt":"2025-10-20T18:44:13","slug":"el-cas-de-la-dama-esquerrana-9788491378075","status":"publish","type":"product","link":"https:\/\/www.claret.cat\/es\/libro\/el-cas-de-la-dama-esquerrana-9788491378075\/","title":{"rendered":"EL CAS DE LA DAMA ESQUERRANA"},"content":{"rendered":"<p>En Sherlock Holmes, el detectiu me\u00e9s fam\u00f3s de tots els temps, est\u00e0 buscant la seva germana Enola, que ha fugit a la ciutat m\u00e9s gran, fosca i bruta del m\u00f3n: Londres. Per\u00f2 en realitat, la noia est\u00e0 fugint del seu propi germ\u00e0. En la seva fugida, descobreix uns dibuixos al carbonet i immediatament se sent l&#8217;\u00e0nima bessona de la seva autora, Lady Cecily, que ha desaparegut sense deixar cap rastre. A trav\u00e9s dels carrers m\u00e9s sinistres de la ciutat, l&#8217;Enola haur\u00e0 de resoldre les pistes que la conduiran a la dama esquerrana per salvar-la. Aconseguir\u00e0 la noia mantenir la seva identitat en secret i alhora trobar Lady Cecily? O b\u00e9 perdr\u00e0 la seva llibertat per sempre?<\/p>\n","protected":false},"excerpt":{"rendered":"<p>SPRINGER, NANCY<\/p>\n","protected":false},"featured_media":130458,"template":"","meta":{"_acf_changed":false,"om_disable_all_campaigns":false,"rs_blank_template":"","rs_page_bg_color":"","slide_template_v7":"","inline_featured_image":false,"_monsterinsights_skip_tracking":false,"_monsterinsights_sitenote_active":false,"_monsterinsights_sitenote_note":"","_monsterinsights_sitenote_category":0},"product_brand":[],"product_cat":[86,352],"product_tag":[],"class_list":{"0":"post-130457","1":"product","2":"type-product","3":"status-publish","4":"has-post-thumbnail","6":"product_cat-infantil","7":"product_cat-infantil-3_infantil-juvenil-spa","9":"first","10":"instock","11":"taxable","12":"shipping-taxable","13":"purchasable","14":"product-type-simple"},"acf":{"editorial":[{"ID":6249,"post_author":"3","post_date":"2022-07-28 17:48:09","post_date_gmt":"2022-07-28 15:48:09","post_content":"","post_title":"Estrella Polar","post_excerpt":"","post_status":"publish","comment_status":"closed","ping_status":"closed","post_password":"","post_name":"estrella-polar","to_ping":"","pinged":"","post_modified":"2022-07-28 17:48:09","post_modified_gmt":"2022-07-28 15:48:09","post_content_filtered":"","post_parent":0,"guid":"http:\/\/dev.claret.cat\/editorial\/estrella-polar\/","menu_order":0,"post_type":"editorial","post_mime_type":"","comment_count":"0","filter":"raw"}],"autor":"SPRINGER, NANCY","codart":"849137807","libros-coleccion":"Llibres de coneixement","ediciones":"1","encuadernacion":"Carton\u00e9","fecha_de_publicacion":"01\/05\/2019","novedad":"1","paginas":"219","subtitulo":"","orden":"0","portada":"0","idioma":"cat","autores-libros":[{"ID":165615,"post_author":"3","post_date":"2022-10-14 17:56:35","post_date_gmt":"2022-10-14 15:56:35","post_content":"","post_title":"NANCY SPRINGER","post_excerpt":"","post_status":"publish","comment_status":"closed","ping_status":"closed","post_password":"","post_name":"nancy-springer","to_ping":"","pinged":"","post_modified":"2022-10-14 17:56:35","post_modified_gmt":"2022-10-14 15:56:35","post_content_filtered":"","post_parent":0,"guid":"http:\/\/dev.claret.cat\/autor\/nancy-springer\/","menu_order":0,"post_type":"autor","post_mime_type":"","comment_count":"0","filter":"raw"}],"booktrailer":"","resenas":""},"aioseo_notices":[],"_links":{"self":[{"href":"https:\/\/www.claret.cat\/es\/wp-json\/wp\/v2\/product\/130457","targetHints":{"allow":["GET"]}}],"collection":[{"href":"https:\/\/www.claret.cat\/es\/wp-json\/wp\/v2\/product"}],"about":[{"href":"https:\/\/www.claret.cat\/es\/wp-json\/wp\/v2\/types\/product"}],"wp:featuredmedia":[{"embeddable":true,"href":"https:\/\/www.claret.cat\/es\/wp-json\/wp\/v2\/media\/130458"}],"wp:attachment":[{"href":"https:\/\/www.claret.cat\/es\/wp-json\/wp\/v2\/media?parent=130457"}],"wp:term":[{"taxonomy":"product_brand","embeddable":true,"href":"https:\/\/www.claret.cat\/es\/wp-json\/wp\/v2\/product_brand?post=130457"},{"taxonomy":"product_cat","embeddable":true,"href":"https:\/\/www.claret.cat\/es\/wp-json\/wp\/v2\/product_cat?post=130457"},{"taxonomy":"product_tag","embeddable":true,"href":"https:\/\/www.claret.cat\/es\/wp-json\/wp\/v2\/product_tag?post=130457"}],"curies":[{"name":"wp","href":"https:\/\/api.w.org\/{rel}","templated":true}]}}