{"id":130577,"date":"2022-10-12T23:50:16","date_gmt":"2022-10-12T21:50:16","guid":{"rendered":"http:\/\/dev.claret.cat\/producte\/disciplina-sin-lagrimas\/"},"modified":"2023-01-28T21:51:10","modified_gmt":"2023-01-28T20:51:10","slug":"disciplina-sin-lagrimas-9788490704523","status":"publish","type":"product","link":"https:\/\/www.claret.cat\/es\/libro\/disciplina-sin-lagrimas-9788490704523\/","title":{"rendered":"DISCIPLINA SIN L\u00c1GRIMAS"},"content":{"rendered":"<p>Una gu\u00eda imprescindible para orientar y alimentar el desarrollo mental de tu hijo.  Por los autores del best seller internacional El cerebro del ni\u00f1o.   Los autores de El cerebro del ni\u00f1o, Daniel J. Siegel y Tina Payne  Bryson, analizan, en esta ocasi\u00f3n, el desaf\u00edo primordial en la educaci\u00f3n de los hijos: la disciplina. Haciendo hincapi\u00e9 en el fascinante v\u00ednculo entre el desarrollo  neurol\u00f3gico del ni\u00f1o y el modo en que los padres reaccionan ante la mala conducta de este, La disciplina sin l\u00e1grimas proporciona un  efectivo y compasivo \u00abmapa de carreteras\u00bb para afrontar las pataletas, las tensiones y las l\u00e1grimas sin montar un n\u00famero. Al definir el verdadero significado de la palabra \u00abdisciplina\u00bb  (instruir, no gritar ni rega\u00f1ar), los autores explican c\u00f3mo establecer  conexi\u00f3n con el ni\u00f1o, redirigir emociones y convertir una rabieta en una  oportunidad para crecer. De este modo, el ciclo de comportamiento (y  castigo) negativo b\u00e1sicamente se detiene, mientras que la resoluci\u00f3n del  problema se transforma en una situaci\u00f3n en la que todos salen ganando. En esta gu\u00eda para no volverte loco descubrir\u00e1s: <br \/>&#8211;  Estrategias para ayudar a los padres a identificar su propia  filosof\u00eda disciplinaria y dominar los mejores m\u00e9todos para transmitir las lecciones que intentan impartir. &#8211;  Aspectos del desarrollo del cerebro del ni\u00f1o y an\u00e1lisis de las  disciplinas m\u00e1s adecuadas y constructivas para todas las edades y etapas. &#8211;  La manera de conectar con un ni\u00f1o con tranquilidad y afectuosidad  -por extrema que sea su conducta-, fijando a la vez l\u00edmites claros y coherentes. &#8211;  Consejos para orientar a tus hijos a lo largo de una pataleta a fin de lograr percepci\u00f3n, empat\u00eda y reparaci\u00f3n. &#8211; Veinte errores en relaci\u00f3n con la disciplina que hasta los mejores  padres cometen, y c\u00f3mo permanecer centrados en los principios de las  t\u00e9cnicas disciplinarias y el estilo parental de \u00abcerebro pleno\u00bb. Complementado con sencillas historias y divertidas ilustraciones que dan vida a las sugerencias de los autores, La disciplina sin l\u00e1grimas  explica c\u00f3mo trabajar con la mente en desarrollo de tu hijo, resolver  conflictos de forma tranquila, inspirar felicidad y fortalecer la resiliencia en todos los miembros de la familia.<\/p>\n","protected":false},"excerpt":{"rendered":"<p>SIEGEL, DANIEL J. \/ BRYSON, TINA PAYNE<\/p>\n","protected":false},"featured_media":130578,"template":"","meta":{"_acf_changed":false,"om_disable_all_campaigns":false,"rs_blank_template":"","rs_page_bg_color":"","slide_template_v7":"","inline_featured_image":false,"_monsterinsights_skip_tracking":false,"_monsterinsights_sitenote_active":false,"_monsterinsights_sitenote_note":"","_monsterinsights_sitenote_category":0},"product_brand":[],"product_cat":[100],"product_tag":[],"class_list":{"0":"post-130577","1":"product","2":"type-product","3":"status-publish","4":"has-post-thumbnail","6":"product_cat-escola-de-pares","8":"first","9":"instock","10":"taxable","11":"shipping-taxable","12":"purchasable","13":"product-type-simple"},"acf":{"editorial":[{"ID":6138,"post_author":"3","post_date":"2022-07-28 17:45:42","post_date_gmt":"2022-07-28 15:45:42","post_content":"","post_title":"B de Bolsillo (Ediciones B)","post_excerpt":"","post_status":"publish","comment_status":"closed","ping_status":"closed","post_password":"","post_name":"b-de-bolsillo-ediciones-b","to_ping":"","pinged":"","post_modified":"2022-07-28 17:45:42","post_modified_gmt":"2022-07-28 15:45:42","post_content_filtered":"","post_parent":0,"guid":"http:\/\/dev.claret.cat\/editorial\/b-de-bolsillo-ediciones-b\/","menu_order":0,"post_type":"editorial","post_mime_type":"","comment_count":"0","filter":"raw"}],"autor":"SIEGEL, DANIEL J. \/ BRYSON, TINA PAYNE","codart":"849070452","libros-coleccion":"","ediciones":"1","encuadernacion":"R\u00fastica","fecha_de_publicacion":"01\/03\/2018","novedad":"1","paginas":"304","subtitulo":"UNA GU\u00cdA IMPRESCINDIBLE PARA ORIENTAR Y ALIMENTAR EL DESARROLLO MENTAL DE TU HIJ","orden":"0","portada":"0","idioma":"spa","autores-libros":[{"ID":170429,"post_author":"3","post_date":"2022-10-14 22:35:15","post_date_gmt":"2022-10-14 20:35:15","post_content":"","post_title":"TINA PAYNE BRYSON","post_excerpt":"","post_status":"publish","comment_status":"closed","ping_status":"closed","post_password":"","post_name":"tina-payne-bryson","to_ping":"","pinged":"","post_modified":"2022-10-14 22:35:15","post_modified_gmt":"2022-10-14 20:35:15","post_content_filtered":"","post_parent":0,"guid":"http:\/\/dev.claret.cat\/autor\/tina-payne-bryson\/","menu_order":0,"post_type":"autor","post_mime_type":"","comment_count":"0","filter":"raw"},{"ID":153600,"post_author":"3","post_date":"2022-10-14 14:58:02","post_date_gmt":"2022-10-14 12:58:02","post_content":"","post_title":"DANIEL J. SIEGEL","post_excerpt":"","post_status":"publish","comment_status":"closed","ping_status":"closed","post_password":"","post_name":"daniel-j-siegel","to_ping":"","pinged":"","post_modified":"2022-10-14 14:58:02","post_modified_gmt":"2022-10-14 12:58:02","post_content_filtered":"","post_parent":0,"guid":"http:\/\/dev.claret.cat\/autor\/daniel-j-siegel\/","menu_order":0,"post_type":"autor","post_mime_type":"","comment_count":"0","filter":"raw"}]},"aioseo_notices":[],"_links":{"self":[{"href":"https:\/\/www.claret.cat\/es\/wp-json\/wp\/v2\/product\/130577","targetHints":{"allow":["GET"]}}],"collection":[{"href":"https:\/\/www.claret.cat\/es\/wp-json\/wp\/v2\/product"}],"about":[{"href":"https:\/\/www.claret.cat\/es\/wp-json\/wp\/v2\/types\/product"}],"wp:featuredmedia":[{"embeddable":true,"href":"https:\/\/www.claret.cat\/es\/wp-json\/wp\/v2\/media\/130578"}],"wp:attachment":[{"href":"https:\/\/www.claret.cat\/es\/wp-json\/wp\/v2\/media?parent=130577"}],"wp:term":[{"taxonomy":"product_brand","embeddable":true,"href":"https:\/\/www.claret.cat\/es\/wp-json\/wp\/v2\/product_brand?post=130577"},{"taxonomy":"product_cat","embeddable":true,"href":"https:\/\/www.claret.cat\/es\/wp-json\/wp\/v2\/product_cat?post=130577"},{"taxonomy":"product_tag","embeddable":true,"href":"https:\/\/www.claret.cat\/es\/wp-json\/wp\/v2\/product_tag?post=130577"}],"curies":[{"name":"wp","href":"https:\/\/api.w.org\/{rel}","templated":true}]}}