{"id":130643,"date":"2022-10-12T23:51:15","date_gmt":"2022-10-12T21:51:15","guid":{"rendered":"http:\/\/dev.claret.cat\/producte\/cremaras-en-la-tempesta\/"},"modified":"2023-01-28T22:31:25","modified_gmt":"2023-01-28T21:31:25","slug":"cremaras-en-la-tempesta-9788416859764","status":"publish","type":"product","link":"https:\/\/www.claret.cat\/es\/libro\/cremaras-en-la-tempesta-9788416859764\/","title":{"rendered":"CREMAR\u00c0S EN LA TEMPESTA"},"content":{"rendered":"<p>L&#8217;\u00faltima novel\u00b7la del John Verdon, autor del best seller internacional S\u00e9 lo que est\u00e1s pensando. La tensi\u00f3 ha anat en augment a White River. L&#8217;imminent primer aniversari de la mort d&#8217;un motorista negre pel tret d&#8217;un policia local inquieta una poblaci\u00f3 econ\u00f2micament deprimida i racialment polaritzada. S&#8217;han pronunciat discursos incendiaris. Han comen\u00e7at manifestacions irades. Hi ha hagut casos a\u00efllats d&#8217;incendis i saquejos. Enmig de tota aquesta agitaci\u00f3, un franctirador mata un agent de policia i la situaci\u00f3 es descontrola. El fiscal de districte del comtat acudeix a Dave Gurney, detectiu d&#8217;homicidis retirat del Departament de Policia de Nova York, amb una proposta estranya: vol que en Gurney dugui a terme una investigaci\u00f3 independent de l&#8217;homicidi i que l&#8217;informi directament a ell. Tot i tenir alguns recels sobre la singular oferta, en Gurney acaba acceptant l&#8217;enc\u00e0rrec. Els seus dubtes s&#8217;intensifiquen encara m\u00e9s quan coneix el tremendament ambici\u00f3s cap de policia local, en els m\u00e8todes agressius i possiblement il\u00b7legals del qual podria trobar-se l&#8217;origen de la inquietud dels ciutadans. La situaci\u00f3 a White River es torna tensa de deb\u00f2 quan es produeixen m\u00e9s morts en el que sembla ser una escalada de revenges. No obstant aix\u00f2, quan en Gurney es pregunta per la veritable naturalesa de tot aquest bany de sang i se centra en aspectes peculiars de cadascun dels homicidis, el fiscal del districte li ordena desvincular-se de la investigaci\u00f3. Obsessionat amb els indicis que no corroboren la versi\u00f3 oficial dels fets, en Gurney decideix actuar pel seu compte. Malgrat la intensa oposici\u00f3 de la policia, com tamb\u00e9 de fan\u00e0tics perillosos que aguaiten a l&#8217;ombra, en Gurney comen\u00e7a a descobrir un sorprenent entramat d&#8217;enganys, entre els quals el que podria ser el pla d&#8217;incriminaci\u00f3 m\u00e9s diab\u00f2lic que s&#8217;hagi concebut mai. La resposta a aquesta tena\u00e7 investigaci\u00f3 es torna cada cop m\u00e9s violenta a mesura que en Gurney s&#8217;acosta a la veritat que s&#8217;oculta darrere dels crims. Al final, quan aconsegueix desemmascarar el monstre que mou els fils, en Gurney descobreix que a White River res no \u00e9s el que sembla.<\/p>\n","protected":false},"excerpt":{"rendered":"<p>VERDON, JOHN<\/p>\n","protected":false},"featured_media":130644,"template":"","meta":{"_acf_changed":false,"om_disable_all_campaigns":false,"rs_blank_template":"","rs_page_bg_color":"","slide_template_v7":"","inline_featured_image":false,"_monsterinsights_skip_tracking":false,"_monsterinsights_sitenote_active":false,"_monsterinsights_sitenote_note":"","_monsterinsights_sitenote_category":0},"product_brand":[],"product_cat":[87],"product_tag":[],"class_list":{"0":"post-130643","1":"product","2":"type-product","3":"status-publish","4":"has-post-thumbnail","6":"product_cat-literatura","8":"first","9":"instock","10":"taxable","11":"shipping-taxable","12":"purchasable","13":"product-type-simple"},"acf":{"editorial":[{"ID":6349,"post_author":"3","post_date":"2022-07-28 17:50:17","post_date_gmt":"2022-07-28 15:50:17","post_content":"","post_title":"Roca Bolsillo","post_excerpt":"","post_status":"publish","comment_status":"closed","ping_status":"closed","post_password":"","post_name":"roca-bolsillo","to_ping":"","pinged":"","post_modified":"2022-07-28 17:50:17","post_modified_gmt":"2022-07-28 15:50:17","post_content_filtered":"","post_parent":0,"guid":"http:\/\/dev.claret.cat\/editorial\/roca-bolsillo\/","menu_order":0,"post_type":"editorial","post_mime_type":"","comment_count":"0","filter":"raw"}],"autores-libros":[{"ID":159707,"post_author":"3","post_date":"2022-10-14 15:47:04","post_date_gmt":"2022-10-14 13:47:04","post_content":"","post_title":"JOHN VERDON","post_excerpt":"","post_status":"publish","comment_status":"closed","ping_status":"closed","post_password":"","post_name":"john-verdon","to_ping":"","pinged":"","post_modified":"2022-10-14 15:47:04","post_modified_gmt":"2022-10-14 13:47:04","post_content_filtered":"","post_parent":0,"guid":"http:\/\/dev.claret.cat\/autor\/john-verdon\/","menu_order":0,"post_type":"autor","post_mime_type":"","comment_count":"0","filter":"raw"}],"autor":"VERDON, JOHN","codart":"841685976","libros-coleccion":"Best seller \/ Thriller","ediciones":"1","encuadernacion":"R\u00fastica","fecha_de_publicacion":"01\/05\/2019","novedad":"1","paginas":"504","subtitulo":"","orden":"0","portada":"0","idioma":"cat"},"aioseo_notices":[],"_links":{"self":[{"href":"https:\/\/www.claret.cat\/es\/wp-json\/wp\/v2\/product\/130643","targetHints":{"allow":["GET"]}}],"collection":[{"href":"https:\/\/www.claret.cat\/es\/wp-json\/wp\/v2\/product"}],"about":[{"href":"https:\/\/www.claret.cat\/es\/wp-json\/wp\/v2\/types\/product"}],"wp:featuredmedia":[{"embeddable":true,"href":"https:\/\/www.claret.cat\/es\/wp-json\/wp\/v2\/media\/130644"}],"wp:attachment":[{"href":"https:\/\/www.claret.cat\/es\/wp-json\/wp\/v2\/media?parent=130643"}],"wp:term":[{"taxonomy":"product_brand","embeddable":true,"href":"https:\/\/www.claret.cat\/es\/wp-json\/wp\/v2\/product_brand?post=130643"},{"taxonomy":"product_cat","embeddable":true,"href":"https:\/\/www.claret.cat\/es\/wp-json\/wp\/v2\/product_cat?post=130643"},{"taxonomy":"product_tag","embeddable":true,"href":"https:\/\/www.claret.cat\/es\/wp-json\/wp\/v2\/product_tag?post=130643"}],"curies":[{"name":"wp","href":"https:\/\/api.w.org\/{rel}","templated":true}]}}