{"id":130659,"date":"2022-10-12T23:51:32","date_gmt":"2022-10-12T21:51:32","guid":{"rendered":"http:\/\/dev.claret.cat\/producte\/diario-de-rowley\/"},"modified":"2025-04-07T12:12:28","modified_gmt":"2025-04-07T10:12:28","slug":"diario-de-rowley-9788427218079","status":"publish","type":"product","link":"https:\/\/www.claret.cat\/es\/libro\/diario-de-rowley-9788427218079\/","title":{"rendered":"DIARIO DE ROWLEY"},"content":{"rendered":"<p>Greg Heffley ha estado narrando sus experiencias en el instituto en las varias entregas de la serie Diario de Greg, pero ahora ha llegado el turno de Rowley, su mejor amigo. En Diario de Rowley, \u00a1un chico superguay!, Rowley Jefferson adopta el papel de bi\u00f3grafo de Greg, pero parece ser que este chico incansablemente alegre no es el m\u00e1s adecuado para el trabajo. Y es que su &#8216;biograf\u00eda&#8217; de Greg acaba hablando m\u00e1s del propio Rowley que de su mejor amigo? Eso s\u00ed \u00a1el resultado es para partirse de risa!<\/p>\n","protected":false},"excerpt":{"rendered":"<p>KINNEY JEFF<\/p>\n","protected":false},"featured_media":130660,"template":"","meta":{"_acf_changed":false,"om_disable_all_campaigns":false,"rs_blank_template":"","rs_page_bg_color":"","slide_template_v7":"","inline_featured_image":false,"_monsterinsights_skip_tracking":false,"_monsterinsights_sitenote_active":false,"_monsterinsights_sitenote_note":"","_monsterinsights_sitenote_category":0},"product_brand":[],"product_cat":[86,352],"product_tag":[],"class_list":{"0":"post-130659","1":"product","2":"type-product","3":"status-publish","4":"has-post-thumbnail","6":"product_cat-infantil","7":"product_cat-infantil-3_infantil-juvenil-spa","9":"first","10":"instock","11":"taxable","12":"shipping-taxable","13":"purchasable","14":"product-type-simple"},"acf":{"editorial":[{"ID":6346,"post_author":"3","post_date":"2022-07-28 17:50:13","post_date_gmt":"2022-07-28 15:50:13","post_content":"","post_title":"RBA Molino","post_excerpt":"","post_status":"publish","comment_status":"closed","ping_status":"closed","post_password":"","post_name":"rba-molino","to_ping":"","pinged":"","post_modified":"2022-07-28 17:50:13","post_modified_gmt":"2022-07-28 15:50:13","post_content_filtered":"","post_parent":0,"guid":"http:\/\/dev.claret.cat\/editorial\/rba-molino\/","menu_order":0,"post_type":"editorial","post_mime_type":"","comment_count":"0","filter":"raw"}],"autor":"KINNEY JEFF","codart":"842721807","libros-coleccion":"DIARIO DE GREG","ediciones":"1","encuadernacion":"Carton\u00e9","fecha_de_publicacion":"08\/05\/2019","novedad":"1","paginas":"216","subtitulo":"","orden":"0","portada":"0","idioma":"spa","autores-libros":[{"ID":161695,"post_author":"3","post_date":"2022-10-14 17:20:18","post_date_gmt":"2022-10-14 15:20:18","post_content":"","post_title":"KINNEY JEFF","post_excerpt":"","post_status":"publish","comment_status":"closed","ping_status":"closed","post_password":"","post_name":"kinney-jeff","to_ping":"","pinged":"","post_modified":"2022-10-14 17:20:18","post_modified_gmt":"2022-10-14 15:20:18","post_content_filtered":"","post_parent":0,"guid":"http:\/\/dev.claret.cat\/autor\/kinney-jeff\/","menu_order":0,"post_type":"autor","post_mime_type":"","comment_count":"0","filter":"raw"}]},"aioseo_notices":[],"_links":{"self":[{"href":"https:\/\/www.claret.cat\/es\/wp-json\/wp\/v2\/product\/130659","targetHints":{"allow":["GET"]}}],"collection":[{"href":"https:\/\/www.claret.cat\/es\/wp-json\/wp\/v2\/product"}],"about":[{"href":"https:\/\/www.claret.cat\/es\/wp-json\/wp\/v2\/types\/product"}],"wp:featuredmedia":[{"embeddable":true,"href":"https:\/\/www.claret.cat\/es\/wp-json\/wp\/v2\/media\/130660"}],"wp:attachment":[{"href":"https:\/\/www.claret.cat\/es\/wp-json\/wp\/v2\/media?parent=130659"}],"wp:term":[{"taxonomy":"product_brand","embeddable":true,"href":"https:\/\/www.claret.cat\/es\/wp-json\/wp\/v2\/product_brand?post=130659"},{"taxonomy":"product_cat","embeddable":true,"href":"https:\/\/www.claret.cat\/es\/wp-json\/wp\/v2\/product_cat?post=130659"},{"taxonomy":"product_tag","embeddable":true,"href":"https:\/\/www.claret.cat\/es\/wp-json\/wp\/v2\/product_tag?post=130659"}],"curies":[{"name":"wp","href":"https:\/\/api.w.org\/{rel}","templated":true}]}}