{"id":130665,"date":"2022-10-12T23:51:38","date_gmt":"2022-10-12T21:51:38","guid":{"rendered":"http:\/\/dev.claret.cat\/producte\/el-curriculo-de-religion-en-dialogo\/"},"modified":"2024-05-02T05:59:26","modified_gmt":"2024-05-02T03:59:26","slug":"el-curriculo-de-religion-en-dialogo-9788428834070","status":"publish","type":"product","link":"https:\/\/www.claret.cat\/es\/libro\/el-curriculo-de-religion-en-dialogo-9788428834070\/","title":{"rendered":"EL CURR\u00cdCULO DE RELIGI\u00d3N EN DI\u00c1LOGO"},"content":{"rendered":"<p>Este es el primer libro de la nueva serie llamada \u2018Escuela en salida\u2019, cuyo objetivo es subrayar la conexi\u00f3n entre el curr\u00edculo de las diferentes asignaturas del sistema educativo y el mensaje cristiano.<br \/>Esta obra nos invita a poner en di\u00e1logo los contenidos espec\u00edficos del curr\u00edculo de Religi\u00f3n con el resto de las asignaturas de cada una de las etapas en las que se organiza el sistema educativo. Y es que la clase de Religi\u00f3n Cat\u00f3lica es una oportunidad extraordinaria para avanzar en un modelo de di\u00e1logo curricular que asuma la invitaci\u00f3n a la transdiciplinariedad, que formula el papa Francisco en la &#8216;Veritatis gaudium\u2019. La mirada que aqu\u00ed se propone, en coherencia con un concepto m\u00e1s amplio de la raz\u00f3n, funde las barreras de los compartimentos estancos e invita a los profesores de Religi\u00f3n y a los centros educativos a que se empe\u00f1en en articular las conexiones oportunas para que el curr\u00edculo no se limite a ser una suma inconexa de programas.<\/p>\n","protected":false},"excerpt":{"rendered":"<p>ROURA; FERN\u00c1NDEZ; RUEDA<\/p>\n","protected":false},"featured_media":337918,"template":"","meta":{"_acf_changed":false,"om_disable_all_campaigns":false,"rs_blank_template":"","rs_page_bg_color":"","slide_template_v7":"","inline_featured_image":false,"_monsterinsights_skip_tracking":false,"_monsterinsights_sitenote_active":false,"_monsterinsights_sitenote_note":"","_monsterinsights_sitenote_category":0},"product_brand":[],"product_cat":[82,348],"product_tag":[],"class_list":{"0":"post-130665","1":"product","2":"type-product","3":"status-publish","4":"has-post-thumbnail","6":"product_cat-pedagogia","7":"product_cat-pedagogia-2_humanidades","9":"first","10":"instock","11":"taxable","12":"shipping-taxable","13":"purchasable","14":"product-type-simple"},"acf":{"editorial":[{"ID":6335,"post_author":"3","post_date":"2022-07-28 17:49:59","post_date_gmt":"2022-07-28 15:49:59","post_content":"","post_title":"PPC altres","post_excerpt":"","post_status":"publish","comment_status":"closed","ping_status":"closed","post_password":"","post_name":"ppc-altres","to_ping":"","pinged":"","post_modified":"2022-07-28 17:49:59","post_modified_gmt":"2022-07-28 15:49:59","post_content_filtered":"","post_parent":0,"guid":"http:\/\/dev.claret.cat\/editorial\/ppc-altres\/","menu_order":0,"post_type":"editorial","post_mime_type":"","comment_count":"0","filter":"raw"}],"autor":"ROURA; FERN\u00c1NDEZ; RUEDA","codart":"842883407","libros-coleccion":"","ediciones":"1","encuadernacion":"R\u00fastica","fecha_de_publicacion":"07\/05\/2019","novedad":"1","paginas":"312","subtitulo":"","orden":"0","portada":"0","idioma":"spa","autores-libros":[{"ID":168620,"post_author":"3","post_date":"2022-10-14 22:20:34","post_date_gmt":"2022-10-14 20:20:34","post_content":"","post_title":"ROURA","post_excerpt":"","post_status":"publish","comment_status":"closed","ping_status":"closed","post_password":"","post_name":"roura","to_ping":"","pinged":"","post_modified":"2022-10-14 22:20:34","post_modified_gmt":"2022-10-14 20:20:34","post_content_filtered":"","post_parent":0,"guid":"http:\/\/dev.claret.cat\/autor\/roura\/","menu_order":0,"post_type":"autor","post_mime_type":"","comment_count":"0","filter":"raw"},{"ID":168666,"post_author":"3","post_date":"2022-10-14 22:20:56","post_date_gmt":"2022-10-14 20:20:56","post_content":"","post_title":"RUEDA","post_excerpt":"","post_status":"publish","comment_status":"closed","ping_status":"closed","post_password":"","post_name":"rueda","to_ping":"","pinged":"","post_modified":"2022-10-14 22:20:56","post_modified_gmt":"2022-10-14 20:20:56","post_content_filtered":"","post_parent":0,"guid":"http:\/\/dev.claret.cat\/autor\/rueda\/","menu_order":0,"post_type":"autor","post_mime_type":"","comment_count":"0","filter":"raw"},{"ID":155765,"post_author":"3","post_date":"2022-10-14 15:15:27","post_date_gmt":"2022-10-14 13:15:27","post_content":"","post_title":"FERNANDEZ","post_excerpt":"","post_status":"publish","comment_status":"closed","ping_status":"closed","post_password":"","post_name":"fernandez","to_ping":"","pinged":"","post_modified":"2022-10-14 15:15:27","post_modified_gmt":"2022-10-14 13:15:27","post_content_filtered":"","post_parent":0,"guid":"http:\/\/dev.claret.cat\/autor\/fernandez\/","menu_order":0,"post_type":"autor","post_mime_type":"","comment_count":"0","filter":"raw"}]},"aioseo_notices":[],"_links":{"self":[{"href":"https:\/\/www.claret.cat\/es\/wp-json\/wp\/v2\/product\/130665","targetHints":{"allow":["GET"]}}],"collection":[{"href":"https:\/\/www.claret.cat\/es\/wp-json\/wp\/v2\/product"}],"about":[{"href":"https:\/\/www.claret.cat\/es\/wp-json\/wp\/v2\/types\/product"}],"wp:featuredmedia":[{"embeddable":true,"href":"https:\/\/www.claret.cat\/es\/wp-json\/wp\/v2\/media\/337918"}],"wp:attachment":[{"href":"https:\/\/www.claret.cat\/es\/wp-json\/wp\/v2\/media?parent=130665"}],"wp:term":[{"taxonomy":"product_brand","embeddable":true,"href":"https:\/\/www.claret.cat\/es\/wp-json\/wp\/v2\/product_brand?post=130665"},{"taxonomy":"product_cat","embeddable":true,"href":"https:\/\/www.claret.cat\/es\/wp-json\/wp\/v2\/product_cat?post=130665"},{"taxonomy":"product_tag","embeddable":true,"href":"https:\/\/www.claret.cat\/es\/wp-json\/wp\/v2\/product_tag?post=130665"}],"curies":[{"name":"wp","href":"https:\/\/api.w.org\/{rel}","templated":true}]}}