{"id":130677,"date":"2022-10-12T23:51:49","date_gmt":"2022-10-12T21:51:49","guid":{"rendered":"http:\/\/dev.claret.cat\/producte\/nuevos-enigmas-de-la-biblia-2\/"},"modified":"2026-02-05T13:04:25","modified_gmt":"2026-02-05T12:04:25","slug":"nuevos-enigmas-de-la-biblia-2-9788428834063","status":"publish","type":"product","link":"https:\/\/www.claret.cat\/es\/libro\/nuevos-enigmas-de-la-biblia-2-9788428834063\/","title":{"rendered":"NUEVOS ENIGMAS DE LA BIBLIA &#8211; 2"},"content":{"rendered":"<p>Cuenta la Biblia que, durante el siglo XII a. C., un rey cananeo llamado Yab\u00edn decidi\u00f3 expandir sus fronteras y apropiarse del territorio perteneciente a las tribus de Israel. Desde su capital, Jasor, a 15 kil\u00f3metros del lago de Galilea, comenz\u00f3 a saquear y oprimir a los hebreos. Surgi\u00f3 entonces una incre\u00edble mujer llamada D\u00e9bora. Pocos lectores han o\u00eddo hablar de ella, la \u00fanica profetisa que lider\u00f3 una guerra&#8230;<\/p>\n<p>Ariel \u00c1lvarez Vald\u00e9s, uno de los te\u00f3logos latinoamericanos m\u00e1s importantes de los \u00faltimos a\u00f1os, rastrea en los relatos b\u00edblicos en busca de esas historias y personajes que pocas personas conocen, arrojando m\u00e1s luz si cabe sobre el Libro de los libros. En este segundo volumen de la serie \u2018Nuevos enigmas de la Biblia\u2019, se plantea preguntas tan curiosas como cu\u00e1l es el salmo m\u00e1s triste de la Biblia, o d\u00f3nde est\u00e1 la \u2018carta con l\u00e1grimas\u2019 de san Pablo; interesantes como qu\u00e9 sucedi\u00f3 durante la transfiguraci\u00f3n; o tan escabrosas como si el rey David era homosexual, o por qu\u00e9 Mar\u00eda no acompa\u00f1\u00f3 a Jes\u00fas durante su vida p\u00fablica.<\/p>\n","protected":false},"excerpt":{"rendered":"<p>\u00c1LVAREZ VALD\u00c9S, ARIEL<\/p>\n","protected":false},"featured_media":1081511,"template":"","meta":{"_acf_changed":false,"om_disable_all_campaigns":false,"rs_blank_template":"","rs_page_bg_color":"","slide_template_v7":"","inline_featured_image":false,"_monsterinsights_skip_tracking":false,"_monsterinsights_sitenote_active":false,"_monsterinsights_sitenote_note":"","_monsterinsights_sitenote_category":0},"product_brand":[],"product_cat":[341,75],"product_tag":[],"class_list":{"0":"post-130677","1":"product","2":"type-product","3":"status-publish","4":"has-post-thumbnail","6":"product_cat-biblia-es","7":"product_cat-biblia","9":"first","10":"instock","11":"taxable","12":"shipping-taxable","13":"purchasable","14":"product-type-simple"},"acf":{"editorial":[{"ID":6335,"post_author":"3","post_date":"2022-07-28 17:49:59","post_date_gmt":"2022-07-28 15:49:59","post_content":"","post_title":"PPC altres","post_excerpt":"","post_status":"publish","comment_status":"closed","ping_status":"closed","post_password":"","post_name":"ppc-altres","to_ping":"","pinged":"","post_modified":"2022-07-28 17:49:59","post_modified_gmt":"2022-07-28 15:49:59","post_content_filtered":"","post_parent":0,"guid":"http:\/\/dev.claret.cat\/editorial\/ppc-altres\/","menu_order":0,"post_type":"editorial","post_mime_type":"","comment_count":"0","filter":"raw"}],"autor":"\u00c1LVAREZ VALD\u00c9S, ARIEL","codart":"842883406","libros-coleccion":"","ediciones":"1","encuadernacion":"R\u00fastica","fecha_de_publicacion":"07\/05\/2019","novedad":"1","paginas":"176","subtitulo":"","orden":"0","portada":"0","idioma":"spa","autores-libros":[{"ID":151077,"post_author":"3","post_date":"2022-10-14 14:38:01","post_date_gmt":"2022-10-14 12:38:01","post_content":"","post_title":"ARIEL ALVAREZ VALDES","post_excerpt":"","post_status":"publish","comment_status":"closed","ping_status":"closed","post_password":"","post_name":"ariel-alvarez-valdes","to_ping":"","pinged":"","post_modified":"2022-10-14 14:38:01","post_modified_gmt":"2022-10-14 12:38:01","post_content_filtered":"","post_parent":0,"guid":"http:\/\/dev.claret.cat\/autor\/ariel-alvarez-valdes\/","menu_order":0,"post_type":"autor","post_mime_type":"","comment_count":"0","filter":"raw"}],"booktrailer":"","resenas":""},"aioseo_notices":[],"_links":{"self":[{"href":"https:\/\/www.claret.cat\/es\/wp-json\/wp\/v2\/product\/130677","targetHints":{"allow":["GET"]}}],"collection":[{"href":"https:\/\/www.claret.cat\/es\/wp-json\/wp\/v2\/product"}],"about":[{"href":"https:\/\/www.claret.cat\/es\/wp-json\/wp\/v2\/types\/product"}],"wp:featuredmedia":[{"embeddable":true,"href":"https:\/\/www.claret.cat\/es\/wp-json\/wp\/v2\/media\/1081511"}],"wp:attachment":[{"href":"https:\/\/www.claret.cat\/es\/wp-json\/wp\/v2\/media?parent=130677"}],"wp:term":[{"taxonomy":"product_brand","embeddable":true,"href":"https:\/\/www.claret.cat\/es\/wp-json\/wp\/v2\/product_brand?post=130677"},{"taxonomy":"product_cat","embeddable":true,"href":"https:\/\/www.claret.cat\/es\/wp-json\/wp\/v2\/product_cat?post=130677"},{"taxonomy":"product_tag","embeddable":true,"href":"https:\/\/www.claret.cat\/es\/wp-json\/wp\/v2\/product_tag?post=130677"}],"curies":[{"name":"wp","href":"https:\/\/api.w.org\/{rel}","templated":true}]}}