{"id":130899,"date":"2022-10-12T23:55:13","date_gmt":"2022-10-12T21:55:13","guid":{"rendered":"http:\/\/dev.claret.cat\/producte\/la-terra-vikinga\/"},"modified":"2023-01-28T21:05:18","modified_gmt":"2023-01-28T20:05:18","slug":"la-terra-vikinga-9788417615857","status":"publish","type":"product","link":"https:\/\/www.claret.cat\/es\/libro\/la-terra-vikinga-9788417615857\/","title":{"rendered":"LA TERRA VIKINGA"},"content":{"rendered":"<p>Has guanyat un concurs i el premi \u00e9s\u2026 un viatge al pol nord! Ara formes part d\u2019una expedici\u00f3 cient\u00edfica i ets en un vaixell cap a l\u2019\u00c0rtic, una terra coberta de gel per\u00f2 d\u2019una gran riquesa natural: foques, \u00f3ssos polars, orques, carib\u00fas\u2026 Fins i tot hi ha qui diu que existeix un tresor viking llegendari ocult en el gel. El trobar\u00e0s? DE LES TEVES DECISIONS DEP\u00c8N EL TEU DEST\u00cd. En el cam\u00ed que tri\u00efs raur\u00e0 la clau per sobreviure o sucumbir davant els perills de l\u2019\u00c0rtic.<\/p>\n","protected":false},"excerpt":{"rendered":"<p>BAEYENS DE ARCE, ALBERTO;LOZANO, DAVID<\/p>\n","protected":false},"featured_media":130900,"template":"","meta":{"_acf_changed":false,"om_disable_all_campaigns":false,"rs_blank_template":"","rs_page_bg_color":"","slide_template_v7":"","inline_featured_image":false,"_monsterinsights_skip_tracking":false,"_monsterinsights_sitenote_active":false,"_monsterinsights_sitenote_note":"","_monsterinsights_sitenote_category":0},"product_brand":[],"product_cat":[86],"product_tag":[],"class_list":{"0":"post-130899","1":"product","2":"type-product","3":"status-publish","4":"has-post-thumbnail","6":"product_cat-infantil","8":"first","9":"instock","10":"taxable","11":"shipping-taxable","12":"purchasable","13":"product-type-simple"},"acf":{"autor":"BAEYENS DE ARCE, ALBERTO;LOZANO, DAVID","codart":"841761585","libros-coleccion":"TU TRIES L AVENTURA - CATALAN","ediciones":"1","encuadernacion":"Carton\u00e9","fecha_de_publicacion":"01\/04\/2019","novedad":"1","paginas":"134","subtitulo":"TU TRIES L''AVENTURA, 31","orden":"0","portada":"0","idioma":"cat","editorial":[{"ID":148258,"post_author":"3","post_date":"2022-10-14 11:56:51","post_date_gmt":"2022-10-14 09:56:51","post_content":"","post_title":"HIDRA,EDITORIAL","post_excerpt":"","post_status":"publish","comment_status":"closed","ping_status":"closed","post_password":"","post_name":"hidraeditorial","to_ping":"","pinged":"","post_modified":"2022-10-14 11:56:51","post_modified_gmt":"2022-10-14 09:56:51","post_content_filtered":"","post_parent":0,"guid":"http:\/\/dev.claret.cat\/editorial\/hidraeditorial\/","menu_order":0,"post_type":"editorial","post_mime_type":"","comment_count":"0","filter":"raw"}],"autores-libros":[{"ID":149469,"post_author":"3","post_date":"2022-10-14 14:25:07","post_date_gmt":"2022-10-14 12:25:07","post_content":"","post_title":"ALBERTO BAEYENS DE ARCE","post_excerpt":"","post_status":"publish","comment_status":"closed","ping_status":"closed","post_password":"","post_name":"alberto-baeyens-de-arce","to_ping":"","pinged":"","post_modified":"2022-10-14 14:25:07","post_modified_gmt":"2022-10-14 12:25:07","post_content_filtered":"","post_parent":0,"guid":"http:\/\/dev.claret.cat\/autor\/alberto-baeyens-de-arce\/","menu_order":0,"post_type":"autor","post_mime_type":"","comment_count":"0","filter":"raw"},{"ID":153871,"post_author":"3","post_date":"2022-10-14 15:00:12","post_date_gmt":"2022-10-14 13:00:12","post_content":"","post_title":"DAVID LOZANO","post_excerpt":"","post_status":"publish","comment_status":"closed","ping_status":"closed","post_password":"","post_name":"david-lozano","to_ping":"","pinged":"","post_modified":"2022-10-14 15:00:12","post_modified_gmt":"2022-10-14 13:00:12","post_content_filtered":"","post_parent":0,"guid":"http:\/\/dev.claret.cat\/autor\/david-lozano\/","menu_order":0,"post_type":"autor","post_mime_type":"","comment_count":"0","filter":"raw"}]},"aioseo_notices":[],"_links":{"self":[{"href":"https:\/\/www.claret.cat\/es\/wp-json\/wp\/v2\/product\/130899","targetHints":{"allow":["GET"]}}],"collection":[{"href":"https:\/\/www.claret.cat\/es\/wp-json\/wp\/v2\/product"}],"about":[{"href":"https:\/\/www.claret.cat\/es\/wp-json\/wp\/v2\/types\/product"}],"wp:featuredmedia":[{"embeddable":true,"href":"https:\/\/www.claret.cat\/es\/wp-json\/wp\/v2\/media\/130900"}],"wp:attachment":[{"href":"https:\/\/www.claret.cat\/es\/wp-json\/wp\/v2\/media?parent=130899"}],"wp:term":[{"taxonomy":"product_brand","embeddable":true,"href":"https:\/\/www.claret.cat\/es\/wp-json\/wp\/v2\/product_brand?post=130899"},{"taxonomy":"product_cat","embeddable":true,"href":"https:\/\/www.claret.cat\/es\/wp-json\/wp\/v2\/product_cat?post=130899"},{"taxonomy":"product_tag","embeddable":true,"href":"https:\/\/www.claret.cat\/es\/wp-json\/wp\/v2\/product_tag?post=130899"}],"curies":[{"name":"wp","href":"https:\/\/api.w.org\/{rel}","templated":true}]}}