{"id":130965,"date":"2022-10-12T23:56:13","date_gmt":"2022-10-12T21:56:13","guid":{"rendered":"http:\/\/dev.claret.cat\/producte\/lol-surprise-fan-book\/"},"modified":"2023-01-28T17:35:57","modified_gmt":"2023-01-28T16:35:57","slug":"lol-surprise-fan-book-9788893676557","status":"publish","type":"product","link":"https:\/\/www.claret.cat\/es\/libro\/lol-surprise-fan-book-9788893676557\/","title":{"rendered":"LOL SURPRISE! FAN BOOK"},"content":{"rendered":"<p>Descubre todos los detalles de los clubs de las L.O.L. Surprise! con esta gu\u00eda indispensable: aprende qu\u00e9 L.O.L. y Lil Sis est\u00e1n en cada grupo, descubre cu\u00e1l ser\u00eda el tuyo y divi\u00e9rtete con los juegos que incluye. Canta para entrar en el Glee Club, demuestra que eres puro Rock y que podr\u00edas ser la mejor en el Glitter Club.<\/p>\n","protected":false},"excerpt":{"rendered":"<p>, AA.VV.<\/p>\n","protected":false},"featured_media":130966,"template":"","meta":{"_acf_changed":false,"om_disable_all_campaigns":false,"rs_blank_template":"","rs_page_bg_color":"","slide_template_v7":"","inline_featured_image":false,"_monsterinsights_skip_tracking":false,"_monsterinsights_sitenote_active":false,"_monsterinsights_sitenote_note":"","_monsterinsights_sitenote_category":0},"product_brand":[],"product_cat":[86],"product_tag":[],"class_list":{"0":"post-130965","1":"product","2":"type-product","3":"status-publish","4":"has-post-thumbnail","6":"product_cat-infantil","8":"first","9":"instock","10":"taxable","11":"shipping-taxable","12":"purchasable","13":"product-type-simple"},"acf":{"editorial":[{"ID":6298,"post_author":"3","post_date":"2022-07-28 17:49:11","post_date_gmt":"2022-07-28 15:49:11","post_content":"","post_title":"MAGAZZINI SALANI (DEP)","post_excerpt":"","post_status":"publish","comment_status":"closed","ping_status":"closed","post_password":"","post_name":"magazzini-salani-dep","to_ping":"","pinged":"","post_modified":"2022-07-28 17:49:11","post_modified_gmt":"2022-07-28 15:49:11","post_content_filtered":"","post_parent":0,"guid":"http:\/\/dev.claret.cat\/editorial\/magazzini-salani-dep\/","menu_order":0,"post_type":"editorial","post_mime_type":"","comment_count":"0","filter":"raw"}],"autores-libros":[{"ID":5199,"post_author":"3","post_date":"2022-07-28 17:16:54","post_date_gmt":"2022-07-28 15:16:54","post_content":"","post_title":"AA.VV.","post_excerpt":"","post_status":"publish","comment_status":"closed","ping_status":"closed","post_password":"","post_name":"aa-vv-3","to_ping":"","pinged":"","post_modified":"2022-07-28 17:16:54","post_modified_gmt":"2022-07-28 15:16:54","post_content_filtered":"","post_parent":0,"guid":"http:\/\/dev.claret.cat\/autor\/aa-vv-3\/","menu_order":0,"post_type":"autor","post_mime_type":"","comment_count":"0","filter":"raw"}],"autor":", AA.VV.","codart":"889367655","libros-coleccion":"INFANTIL JUVENIL","ediciones":"1","encuadernacion":"Carton\u00e9","fecha_de_publicacion":"01\/04\/2019","novedad":"1","paginas":"0","subtitulo":"","orden":"0","portada":"0","idioma":"spa"},"aioseo_notices":[],"_links":{"self":[{"href":"https:\/\/www.claret.cat\/es\/wp-json\/wp\/v2\/product\/130965","targetHints":{"allow":["GET"]}}],"collection":[{"href":"https:\/\/www.claret.cat\/es\/wp-json\/wp\/v2\/product"}],"about":[{"href":"https:\/\/www.claret.cat\/es\/wp-json\/wp\/v2\/types\/product"}],"wp:featuredmedia":[{"embeddable":true,"href":"https:\/\/www.claret.cat\/es\/wp-json\/wp\/v2\/media\/130966"}],"wp:attachment":[{"href":"https:\/\/www.claret.cat\/es\/wp-json\/wp\/v2\/media?parent=130965"}],"wp:term":[{"taxonomy":"product_brand","embeddable":true,"href":"https:\/\/www.claret.cat\/es\/wp-json\/wp\/v2\/product_brand?post=130965"},{"taxonomy":"product_cat","embeddable":true,"href":"https:\/\/www.claret.cat\/es\/wp-json\/wp\/v2\/product_cat?post=130965"},{"taxonomy":"product_tag","embeddable":true,"href":"https:\/\/www.claret.cat\/es\/wp-json\/wp\/v2\/product_tag?post=130965"}],"curies":[{"name":"wp","href":"https:\/\/api.w.org\/{rel}","templated":true}]}}