{"id":131049,"date":"2022-10-12T23:57:32","date_gmt":"2022-10-12T21:57:32","guid":{"rendered":"http:\/\/dev.claret.cat\/producte\/la-pookins-se-surt-amb-la-seva-pookins-gets-her-way\/"},"modified":"2023-01-28T16:50:14","modified_gmt":"2023-01-28T15:50:14","slug":"la-pookins-se-surt-amb-la-seva-pookins-gets-her-way-9788491452591","status":"publish","type":"product","link":"https:\/\/www.claret.cat\/es\/libro\/la-pookins-se-surt-amb-la-seva-pookins-gets-her-way-9788491452591\/","title":{"rendered":"LA POOKINS SE SURT AMB LA SEVA &#8211; POOKINS GETS HER WAY"},"content":{"rendered":"<p>La Pookins sempre se surt amb la seva. I si no ho aconsegueix, s&#8221;emprenya i comen\u00e7a a llan\u00e7ar pomes. Per\u00f2 en con\u00e8ixer un gnom m\u00e0gic, li demanar\u00e0 tres desitjos i descobrir\u00e0 que tenir tot el que vol no sempre \u00e9s la f\u00f3rmula per a ser feli\u00e7. &#8221;Divertid\u00edssim&#8221;-The New York Times Book Review &#8221;Els nens reconeixeran algunes coses de si mateixos en la Pookins&#8221;. Booklist<\/p>\n","protected":false},"excerpt":{"rendered":"<p>LESTER, HELEN<\/p>\n","protected":false},"featured_media":131050,"template":"","meta":{"_acf_changed":false,"om_disable_all_campaigns":false,"rs_blank_template":"","rs_page_bg_color":"","slide_template_v7":"","inline_featured_image":false,"_monsterinsights_skip_tracking":false,"_monsterinsights_sitenote_active":false,"_monsterinsights_sitenote_note":"","_monsterinsights_sitenote_category":0},"product_brand":[],"product_cat":[86],"product_tag":[],"class_list":{"0":"post-131049","1":"product","2":"type-product","3":"status-publish","4":"has-post-thumbnail","6":"product_cat-infantil","8":"first","9":"instock","10":"taxable","11":"shipping-taxable","12":"purchasable","13":"product-type-simple"},"acf":{"editorial":[{"ID":6329,"post_author":"3","post_date":"2022-07-28 17:49:51","post_date_gmt":"2022-07-28 15:49:51","post_content":"","post_title":"PICARONA","post_excerpt":"","post_status":"publish","comment_status":"closed","ping_status":"closed","post_password":"","post_name":"picarona","to_ping":"","pinged":"","post_modified":"2022-07-28 17:49:51","post_modified_gmt":"2022-07-28 15:49:51","post_content_filtered":"","post_parent":0,"guid":"http:\/\/dev.claret.cat\/editorial\/picarona\/","menu_order":0,"post_type":"editorial","post_mime_type":"","comment_count":"0","filter":"raw"}],"autor":"LESTER, HELEN","codart":"849145259","libros-coleccion":"PICARONA","ediciones":"1","encuadernacion":"Carton\u00e9","fecha_de_publicacion":"01\/04\/2019","novedad":"1","paginas":"45","subtitulo":"","orden":"0","portada":"0","idioma":"eng","autores-libros":[{"ID":157451,"post_author":"3","post_date":"2022-10-14 15:28:56","post_date_gmt":"2022-10-14 13:28:56","post_content":"","post_title":"HELEN LESTER","post_excerpt":"","post_status":"publish","comment_status":"closed","ping_status":"closed","post_password":"","post_name":"helen-lester","to_ping":"","pinged":"","post_modified":"2022-10-14 15:28:56","post_modified_gmt":"2022-10-14 13:28:56","post_content_filtered":"","post_parent":0,"guid":"http:\/\/dev.claret.cat\/autor\/helen-lester\/","menu_order":0,"post_type":"autor","post_mime_type":"","comment_count":"0","filter":"raw"}]},"aioseo_notices":[],"_links":{"self":[{"href":"https:\/\/www.claret.cat\/es\/wp-json\/wp\/v2\/product\/131049","targetHints":{"allow":["GET"]}}],"collection":[{"href":"https:\/\/www.claret.cat\/es\/wp-json\/wp\/v2\/product"}],"about":[{"href":"https:\/\/www.claret.cat\/es\/wp-json\/wp\/v2\/types\/product"}],"wp:featuredmedia":[{"embeddable":true,"href":"https:\/\/www.claret.cat\/es\/wp-json\/wp\/v2\/media\/131050"}],"wp:attachment":[{"href":"https:\/\/www.claret.cat\/es\/wp-json\/wp\/v2\/media?parent=131049"}],"wp:term":[{"taxonomy":"product_brand","embeddable":true,"href":"https:\/\/www.claret.cat\/es\/wp-json\/wp\/v2\/product_brand?post=131049"},{"taxonomy":"product_cat","embeddable":true,"href":"https:\/\/www.claret.cat\/es\/wp-json\/wp\/v2\/product_cat?post=131049"},{"taxonomy":"product_tag","embeddable":true,"href":"https:\/\/www.claret.cat\/es\/wp-json\/wp\/v2\/product_tag?post=131049"}],"curies":[{"name":"wp","href":"https:\/\/api.w.org\/{rel}","templated":true}]}}