{"id":131115,"date":"2022-10-12T23:58:34","date_gmt":"2022-10-12T21:58:34","guid":{"rendered":"http:\/\/dev.claret.cat\/producte\/medios-de-comunicacion-2\/"},"modified":"2023-04-28T07:55:12","modified_gmt":"2023-04-28T05:55:12","slug":"medios-de-comunicacion-9788498888997","status":"publish","type":"product","link":"https:\/\/www.claret.cat\/es\/libro\/medios-de-comunicacion-9788498888997\/","title":{"rendered":"MEDIOS DE COMUNICACI\u00d3N"},"content":{"rendered":"<p>El sistema neoliberal, incluida hoy su variante m\u00e1s ultraderechista, siempre se ha explicado en funci\u00f3n de factores pol\u00edticos, econ\u00f3micos y sociales diversos. Sin embargo, \u00bfcu\u00e1l es el papel de los medios de comunicaci\u00f3n masiva?, \u00bfson simples relatores de la actualidad o juegan un rol determinante y protagonista en ese fortalecimiento del sistema?, \u00bfexiste diversidad ideol\u00f3gica entre los medios de comunicaci\u00f3n masiva o es un espejismo interesadamente alimentado?, \u00bfcu\u00e1l es la relaci\u00f3n entre medios y \u00e9lites?<br \/>Adem\u00e1s de tratar de responder a las preguntas anteriores, este libro hace un repaso a los principales oligopolios de la comunicaci\u00f3n: empezando por EE UU para posteriormente pasar por el Estado espa\u00f1ol y concluir en Am\u00e9rica Latina. Analiza tambi\u00e9n el relevante papel de oposici\u00f3n pol\u00edtica que estos han jugado en los \u00faltimos a\u00f1os en contra de los procesos de transformaci\u00f3n y gobiernos de izquierda que se han dado en el continente americano.<br \/>La segunda parte reflexiona sobre la existencia de otra comunicaci\u00f3n alternativa, ind\u00edgena, feminista o comunitaria. Esa otra forma de construir el relato para y desde las bases populares de la sociedad, al lado de los movimientos sociales que trabajan para transformar ese sistema neoliberal dominante y construir sociedades verdaderamente m\u00e1s justas y democr\u00e1ticas para las grandes mayor\u00edas.<\/p>\n","protected":false},"excerpt":{"rendered":"<p>GONZALEZ PAZOS, JES\u00daS<\/p>\n","protected":false},"featured_media":312563,"template":"","meta":{"_acf_changed":false,"om_disable_all_campaigns":false,"rs_blank_template":"","rs_page_bg_color":"","slide_template_v7":"","inline_featured_image":false,"_monsterinsights_skip_tracking":false,"_monsterinsights_sitenote_active":false,"_monsterinsights_sitenote_note":"","_monsterinsights_sitenote_category":0},"product_brand":[],"product_cat":[84,350],"product_tag":[],"class_list":{"0":"post-131115","1":"product","2":"type-product","3":"status-publish","4":"has-post-thumbnail","6":"product_cat-sociologia","7":"product_cat-sociologia-2_humanidades","9":"first","10":"instock","11":"taxable","12":"shipping-taxable","13":"purchasable","14":"product-type-simple"},"acf":{"editorial":[{"ID":6269,"post_author":"3","post_date":"2022-07-28 17:48:34","post_date_gmt":"2022-07-28 15:48:34","post_content":"","post_title":"Icaria editorial","post_excerpt":"","post_status":"publish","comment_status":"closed","ping_status":"closed","post_password":"","post_name":"icaria-editorial","to_ping":"","pinged":"","post_modified":"2022-07-28 17:48:34","post_modified_gmt":"2022-07-28 15:48:34","post_content_filtered":"","post_parent":0,"guid":"http:\/\/dev.claret.cat\/editorial\/icaria-editorial\/","menu_order":0,"post_type":"editorial","post_mime_type":"","comment_count":"0","filter":"raw"}],"autor":"GONZALEZ PAZOS, JES\u00daS","codart":"849888899","libros-coleccion":"M\u00e1s madera","ediciones":"1","encuadernacion":"R\u00fastica","fecha_de_publicacion":"01\/04\/2019","novedad":"1","paginas":"144","subtitulo":"\u00bfAL SERVICIO DE QUI\u00c9N?","orden":"0","portada":"0","idioma":"spa","autores-libros":[{"ID":159112,"post_author":"3","post_date":"2022-10-14 15:42:11","post_date_gmt":"2022-10-14 13:42:11","post_content":"","post_title":"JES\u00daS GONZALEZ PAZOS","post_excerpt":"","post_status":"publish","comment_status":"closed","ping_status":"closed","post_password":"","post_name":"jesus-gonzalez-pazos","to_ping":"","pinged":"","post_modified":"2022-10-14 15:42:11","post_modified_gmt":"2022-10-14 13:42:11","post_content_filtered":"","post_parent":0,"guid":"http:\/\/dev.claret.cat\/autor\/jesus-gonzalez-pazos\/","menu_order":0,"post_type":"autor","post_mime_type":"","comment_count":"0","filter":"raw"}]},"aioseo_notices":[],"_links":{"self":[{"href":"https:\/\/www.claret.cat\/es\/wp-json\/wp\/v2\/product\/131115","targetHints":{"allow":["GET"]}}],"collection":[{"href":"https:\/\/www.claret.cat\/es\/wp-json\/wp\/v2\/product"}],"about":[{"href":"https:\/\/www.claret.cat\/es\/wp-json\/wp\/v2\/types\/product"}],"wp:featuredmedia":[{"embeddable":true,"href":"https:\/\/www.claret.cat\/es\/wp-json\/wp\/v2\/media\/312563"}],"wp:attachment":[{"href":"https:\/\/www.claret.cat\/es\/wp-json\/wp\/v2\/media?parent=131115"}],"wp:term":[{"taxonomy":"product_brand","embeddable":true,"href":"https:\/\/www.claret.cat\/es\/wp-json\/wp\/v2\/product_brand?post=131115"},{"taxonomy":"product_cat","embeddable":true,"href":"https:\/\/www.claret.cat\/es\/wp-json\/wp\/v2\/product_cat?post=131115"},{"taxonomy":"product_tag","embeddable":true,"href":"https:\/\/www.claret.cat\/es\/wp-json\/wp\/v2\/product_tag?post=131115"}],"curies":[{"name":"wp","href":"https:\/\/api.w.org\/{rel}","templated":true}]}}