{"id":131151,"date":"2022-10-12T23:59:06","date_gmt":"2022-10-12T21:59:06","guid":{"rendered":"http:\/\/dev.claret.cat\/producte\/unicornios-2\/"},"modified":"2023-01-28T23:36:30","modified_gmt":"2023-01-28T22:36:30","slug":"unicornios-9788427045712","status":"publish","type":"product","link":"https:\/\/www.claret.cat\/es\/libro\/unicornios-9788427045712\/","title":{"rendered":"UNICORNIOS"},"content":{"rendered":"<p>\u00bfNecesitas una nueva funda para tu m\u00f3vil? \u00bfO quiz\u00e1 te encantar\u00eda tener tu propio portal\u00e1pices personalizado? <br \/>En este libro descubrir\u00e1s 27 divertidas manualidades inspiradas en los unicornios y explicadas paso a paso, que despertar\u00e1n tu faceta m\u00e1s m\u00e1gica y creativa. Y adem\u00e1s te dar\u00e1n un mont\u00f3n de ideas para regalar, preparar una fiesta tem\u00e1tica de unicornios, personalizar y organizar tus \u00fatiles escolares, decorar tu habitaci\u00f3n y muchas cosas m\u00e1s.<br \/>\u00a1Los l\u00edmites los pone tu imaginaci\u00f3n!<\/p>\n","protected":false},"excerpt":{"rendered":"<p>EL MUNDO DE ISA<\/p>\n","protected":false},"featured_media":131152,"template":"","meta":{"_acf_changed":false,"om_disable_all_campaigns":false,"rs_blank_template":"","rs_page_bg_color":"","slide_template_v7":"","inline_featured_image":false,"_monsterinsights_skip_tracking":false,"_monsterinsights_sitenote_active":false,"_monsterinsights_sitenote_note":"","_monsterinsights_sitenote_category":0},"product_brand":[],"product_cat":[101],"product_tag":[],"class_list":{"0":"post-131151","1":"product","2":"type-product","3":"status-publish","4":"has-post-thumbnail","6":"product_cat-manualitats","8":"first","9":"instock","10":"taxable","11":"shipping-taxable","12":"purchasable","13":"product-type-simple"},"acf":{"editorial":[{"ID":6303,"post_author":"3","post_date":"2022-07-28 17:49:17","post_date_gmt":"2022-07-28 15:49:17","post_content":"","post_title":"MARTINEZ ROCA","post_excerpt":"","post_status":"publish","comment_status":"closed","ping_status":"closed","post_password":"","post_name":"martinez-roca","to_ping":"","pinged":"","post_modified":"2022-07-28 17:49:17","post_modified_gmt":"2022-07-28 15:49:17","post_content_filtered":"","post_parent":0,"guid":"http:\/\/dev.claret.cat\/editorial\/martinez-roca\/","menu_order":0,"post_type":"editorial","post_mime_type":"","comment_count":"0","filter":"raw"}],"autor":"EL MUNDO DE ISA","codart":"842704571","libros-coleccion":"FUERA DE COLECCI\u00d3N","ediciones":"1","encuadernacion":"R\u00fastica","fecha_de_publicacion":"01\/04\/2019","novedad":"1","paginas":"176","subtitulo":"MANUALIDADES M\u00c1GICAS Y DIVERTIDAS","orden":"0","portada":"0","idioma":"spa","autores-libros":[{"ID":154683,"post_author":"3","post_date":"2022-10-14 15:06:47","post_date_gmt":"2022-10-14 13:06:47","post_content":"","post_title":"EL MUNDO DE ISA","post_excerpt":"","post_status":"publish","comment_status":"closed","ping_status":"closed","post_password":"","post_name":"el-mundo-de-isa","to_ping":"","pinged":"","post_modified":"2022-10-14 15:06:47","post_modified_gmt":"2022-10-14 13:06:47","post_content_filtered":"","post_parent":0,"guid":"http:\/\/dev.claret.cat\/autor\/el-mundo-de-isa\/","menu_order":0,"post_type":"autor","post_mime_type":"","comment_count":"0","filter":"raw"}]},"aioseo_notices":[],"_links":{"self":[{"href":"https:\/\/www.claret.cat\/es\/wp-json\/wp\/v2\/product\/131151","targetHints":{"allow":["GET"]}}],"collection":[{"href":"https:\/\/www.claret.cat\/es\/wp-json\/wp\/v2\/product"}],"about":[{"href":"https:\/\/www.claret.cat\/es\/wp-json\/wp\/v2\/types\/product"}],"wp:featuredmedia":[{"embeddable":true,"href":"https:\/\/www.claret.cat\/es\/wp-json\/wp\/v2\/media\/131152"}],"wp:attachment":[{"href":"https:\/\/www.claret.cat\/es\/wp-json\/wp\/v2\/media?parent=131151"}],"wp:term":[{"taxonomy":"product_brand","embeddable":true,"href":"https:\/\/www.claret.cat\/es\/wp-json\/wp\/v2\/product_brand?post=131151"},{"taxonomy":"product_cat","embeddable":true,"href":"https:\/\/www.claret.cat\/es\/wp-json\/wp\/v2\/product_cat?post=131151"},{"taxonomy":"product_tag","embeddable":true,"href":"https:\/\/www.claret.cat\/es\/wp-json\/wp\/v2\/product_tag?post=131151"}],"curies":[{"name":"wp","href":"https:\/\/api.w.org\/{rel}","templated":true}]}}