{"id":131211,"date":"2022-10-13T00:00:04","date_gmt":"2022-10-12T22:00:04","guid":{"rendered":"http:\/\/dev.claret.cat\/producte\/pepita-sarmiento\/"},"modified":"2024-05-02T12:33:47","modified_gmt":"2024-05-02T10:33:47","slug":"pepita-sarmiento-9788427143180","status":"publish","type":"product","link":"https:\/\/www.claret.cat\/es\/libro\/pepita-sarmiento-9788427143180\/","title":{"rendered":"PEPITA SARMIENTO"},"content":{"rendered":"<p>Este es el cuento de Pepita Sarmiento, que cada vez que sal\u00eda se la llevaba el viento. Por miedo a que volara demasiado lejos, su familia tom\u00f3 medidas para mantenerla en tierra. \u00bfEncontrar\u00e1n el modo de no perderla para siempre? Un precioso y divertid\u00edsimo \u00e1lbum ilustrado preparado por Gracia Iglesias (autora) y David Sierra (ilustrador), para descubrir c\u00f3mo respetar la diversidad dentro de cualquier familia.<\/p>\n","protected":false},"excerpt":{"rendered":"<p>IGLESIAS, GRACIA; SIERRA LIST\u00d3N, DAVID<\/p>\n","protected":false},"featured_media":332609,"template":"","meta":{"_acf_changed":false,"om_disable_all_campaigns":false,"rs_blank_template":"","rs_page_bg_color":"","slide_template_v7":"","inline_featured_image":false,"_monsterinsights_skip_tracking":false,"_monsterinsights_sitenote_active":false,"_monsterinsights_sitenote_note":"","_monsterinsights_sitenote_category":0},"product_brand":[],"product_cat":[352,86],"product_tag":[],"class_list":{"0":"post-131211","1":"product","2":"type-product","3":"status-publish","4":"has-post-thumbnail","6":"product_cat-infantil-3_infantil-juvenil-spa","7":"product_cat-infantil","9":"first","10":"instock","11":"taxable","12":"shipping-taxable","13":"purchasable","14":"product-type-simple"},"acf":{"editorial":[{"ID":8258,"post_author":"3","post_date":"2022-09-30 09:21:32","post_date_gmt":"2022-09-30 07:21:32","post_content":"","post_title":"MENSAJERO","post_excerpt":"","post_status":"publish","comment_status":"closed","ping_status":"closed","post_password":"","post_name":"mensajero","to_ping":"","pinged":"","post_modified":"2022-09-30 09:21:32","post_modified_gmt":"2022-09-30 07:21:32","post_content_filtered":"","post_parent":0,"guid":"http:\/\/dev.claret.cat\/editorial\/mensajero\/","menu_order":0,"post_type":"editorial","post_mime_type":"","comment_count":"0","filter":"raw"}],"autores-libros":[{"ID":157085,"post_author":"3","post_date":"2022-10-14 15:26:00","post_date_gmt":"2022-10-14 13:26:00","post_content":"","post_title":"GRACIA IGLESIAS","post_excerpt":"","post_status":"publish","comment_status":"closed","ping_status":"closed","post_password":"","post_name":"gracia-iglesias","to_ping":"","pinged":"","post_modified":"2022-10-14 15:26:00","post_modified_gmt":"2022-10-14 13:26:00","post_content_filtered":"","post_parent":0,"guid":"http:\/\/dev.claret.cat\/autor\/gracia-iglesias\/","menu_order":0,"post_type":"autor","post_mime_type":"","comment_count":"0","filter":"raw"},{"ID":5393,"post_author":"3","post_date":"2022-07-28 17:23:01","post_date_gmt":"2022-07-28 15:23:01","post_content":"","post_title":"DAVID SIERRA LIST\u00d3N","post_excerpt":"","post_status":"publish","comment_status":"closed","ping_status":"closed","post_password":"","post_name":"david-sierra-liston","to_ping":"","pinged":"","post_modified":"2022-07-28 17:23:01","post_modified_gmt":"2022-07-28 15:23:01","post_content_filtered":"","post_parent":0,"guid":"http:\/\/dev.claret.cat\/autor\/david-sierra-liston\/","menu_order":0,"post_type":"autor","post_mime_type":"","comment_count":"0","filter":"raw"}],"autor":"IGLESIAS, GRACIA; SIERRA LIST\u00d3N, DAVID","codart":"842714318","libros-coleccion":"","ediciones":"1","encuadernacion":"Carton\u00e9","fecha_de_publicacion":"30\/04\/2019","novedad":"1","paginas":"36","subtitulo":"","orden":"0","portada":"0","idioma":"spa"},"aioseo_notices":[],"_links":{"self":[{"href":"https:\/\/www.claret.cat\/es\/wp-json\/wp\/v2\/product\/131211","targetHints":{"allow":["GET"]}}],"collection":[{"href":"https:\/\/www.claret.cat\/es\/wp-json\/wp\/v2\/product"}],"about":[{"href":"https:\/\/www.claret.cat\/es\/wp-json\/wp\/v2\/types\/product"}],"wp:featuredmedia":[{"embeddable":true,"href":"https:\/\/www.claret.cat\/es\/wp-json\/wp\/v2\/media\/332609"}],"wp:attachment":[{"href":"https:\/\/www.claret.cat\/es\/wp-json\/wp\/v2\/media?parent=131211"}],"wp:term":[{"taxonomy":"product_brand","embeddable":true,"href":"https:\/\/www.claret.cat\/es\/wp-json\/wp\/v2\/product_brand?post=131211"},{"taxonomy":"product_cat","embeddable":true,"href":"https:\/\/www.claret.cat\/es\/wp-json\/wp\/v2\/product_cat?post=131211"},{"taxonomy":"product_tag","embeddable":true,"href":"https:\/\/www.claret.cat\/es\/wp-json\/wp\/v2\/product_tag?post=131211"}],"curies":[{"name":"wp","href":"https:\/\/api.w.org\/{rel}","templated":true}]}}