{"id":131229,"date":"2022-10-13T00:00:22","date_gmt":"2022-10-12T22:00:22","guid":{"rendered":"http:\/\/dev.claret.cat\/producte\/tierra-de-dios\/"},"modified":"2026-04-01T08:58:51","modified_gmt":"2026-04-01T06:58:51","slug":"tierra-de-dios-9788429328356","status":"publish","type":"product","link":"https:\/\/www.claret.cat\/es\/libro\/tierra-de-dios-9788429328356\/","title":{"rendered":"TIERRA DE DIOS"},"content":{"rendered":"<p>A veces nos imaginamos que Dios est\u00e1 lejos, en un para\u00edso remoto y ajeno a nosotros. Pero el Dios de Jes\u00fas est\u00e1 en la tierra, es un \u00abDios de tierra\u00bb. No es un dios lejano y aislado del mundo en el confort privado de su bienestar personal. M\u00e1s all\u00e1 de las representaciones que nos hacemos de \u00c9l y de los \u00eddolos de barro que nos fabricamos continuamente para intentar poseerlo en vano, la pregunta siempre es la misma: \u00ab\u00bfD\u00f3nde est\u00e1 Dios \u201cpara m\u00ed\u201d?\u00bb.<\/p>\n","protected":false},"excerpt":{"rendered":"<p>SALDA\u00d1A MOSTAJO, MARGARITA<\/p>\n","protected":false},"featured_media":974864,"template":"","meta":{"_acf_changed":false,"om_disable_all_campaigns":false,"rs_blank_template":"","rs_page_bg_color":"","slide_template_v7":"","inline_featured_image":false,"_monsterinsights_skip_tracking":false,"_monsterinsights_sitenote_active":false,"_monsterinsights_sitenote_note":"","_monsterinsights_sitenote_category":0},"product_brand":[],"product_cat":[543,93,345,79],"product_tag":[],"class_list":{"0":"post-131229","1":"product","2":"type-product","3":"status-publish","4":"has-post-thumbnail","6":"product_cat-eclesiologia-es","7":"product_cat-eclesiologia","8":"product_cat-espiritualidad","9":"product_cat-espiritualitat","11":"first","12":"instock","13":"taxable","14":"shipping-taxable","15":"purchasable","16":"product-type-simple"},"acf":{"editorial":[{"ID":6351,"post_author":"3","post_date":"2022-07-28 17:50:19","post_date_gmt":"2022-07-28 15:50:19","post_content":"","post_title":"Sal Terrae","post_excerpt":"","post_status":"publish","comment_status":"closed","ping_status":"closed","post_password":"","post_name":"sal-terrae","to_ping":"","pinged":"","post_modified":"2022-07-28 17:50:19","post_modified_gmt":"2022-07-28 15:50:19","post_content_filtered":"","post_parent":0,"guid":"http:\/\/dev.claret.cat\/editorial\/sal-terrae\/","menu_order":0,"post_type":"editorial","post_mime_type":"","comment_count":"0","filter":"raw"}],"autor":"SALDA\u00d1A MOSTAJO, MARGARITA","codart":"842932835","libros-coleccion":"Pozo de Siquem","ediciones":"1","encuadernacion":"R\u00fastica","fecha_de_publicacion":"30\/04\/2019","novedad":"1","paginas":"144","subtitulo":"UNA ESPIRITUALIDAD PARA LA VIDA COTIDIANA","orden":"0","portada":"0","idioma":"spa","autores-libros":[{"ID":163488,"post_author":"3","post_date":"2022-10-14 17:39:26","post_date_gmt":"2022-10-14 15:39:26","post_content":"","post_title":"MARGARITA SALDA\u00d1A MOSTAJO","post_excerpt":"","post_status":"publish","comment_status":"closed","ping_status":"closed","post_password":"","post_name":"margarita-saldana-mostajo","to_ping":"","pinged":"","post_modified":"2022-10-14 17:39:26","post_modified_gmt":"2022-10-14 15:39:26","post_content_filtered":"","post_parent":0,"guid":"http:\/\/dev.claret.cat\/autor\/margarita-saldana-mostajo\/","menu_order":0,"post_type":"autor","post_mime_type":"","comment_count":"0","filter":"raw"}],"booktrailer":"","resenas":""},"aioseo_notices":[],"_links":{"self":[{"href":"https:\/\/www.claret.cat\/es\/wp-json\/wp\/v2\/product\/131229","targetHints":{"allow":["GET"]}}],"collection":[{"href":"https:\/\/www.claret.cat\/es\/wp-json\/wp\/v2\/product"}],"about":[{"href":"https:\/\/www.claret.cat\/es\/wp-json\/wp\/v2\/types\/product"}],"wp:featuredmedia":[{"embeddable":true,"href":"https:\/\/www.claret.cat\/es\/wp-json\/wp\/v2\/media\/974864"}],"wp:attachment":[{"href":"https:\/\/www.claret.cat\/es\/wp-json\/wp\/v2\/media?parent=131229"}],"wp:term":[{"taxonomy":"product_brand","embeddable":true,"href":"https:\/\/www.claret.cat\/es\/wp-json\/wp\/v2\/product_brand?post=131229"},{"taxonomy":"product_cat","embeddable":true,"href":"https:\/\/www.claret.cat\/es\/wp-json\/wp\/v2\/product_cat?post=131229"},{"taxonomy":"product_tag","embeddable":true,"href":"https:\/\/www.claret.cat\/es\/wp-json\/wp\/v2\/product_tag?post=131229"}],"curies":[{"name":"wp","href":"https:\/\/api.w.org\/{rel}","templated":true}]}}