{"id":13125,"date":"2022-10-01T22:07:22","date_gmt":"2022-10-01T20:07:22","guid":{"rendered":"http:\/\/dev.claret.cat\/producte\/la-santa-biblia-con-grabados\/"},"modified":"2025-12-24T18:10:42","modified_gmt":"2025-12-24T17:10:42","slug":"la-santa-biblia-con-grabados-9788428541046","status":"publish","type":"product","link":"https:\/\/www.claret.cat\/es\/libro\/la-santa-biblia-con-grabados-9788428541046\/","title":{"rendered":"LA SANTA BIBLIA &#8211; CON GRABADOS"},"content":{"rendered":"<p>Edici\u00f3n de lujo de la Santa Biblia, que reproduce 230 grabados antiguos que representan los m\u00e1s destacados pasajes del Antiguo y del Nuevo Testamento. Los grabados proceden de la edici\u00f3n de la Vulgata impresa en Amberes por Juan Bautista Verdussen en 1715, que se conserva en la Biblioteca del Real Seminario Sacerdotal de San Carlos de Zaragoza. Los dibujos originales son, en su mayor\u00eda, de Antoine Vitr\u00e9, artista parisino activo en la primera mitad del siglo XVI. La Santa Biblia con grabados es un espl\u00e9ndido regalo para las celebraciones m\u00e1s importantes: Navidad, Matrimonio, Ordenaci\u00f3n sacerdotal, Profesi\u00f3n religiosa, Bodas de oro o de plata, D\u00eda del Padre o de la Madre. Una elegante Biblia encuadernada en carton\u00e9 imitaci\u00f3n piel, con estampaciones en oro y termograbado en la cubierta, cintas de registro en raso en colores rojo y oro, y cantos dorados. La impresi\u00f3n del interior es a tres tintas -negra, marr\u00f3n y roja-, y una elegante maquetaci\u00f3n, con capitulares y elementos ornamentales. La Biblia viene protegida por un estuche de cart\u00f3n plastificado con filigranas en o<\/p>\n","protected":false},"excerpt":{"rendered":"<p>SAN PABLO<\/p>\n","protected":false},"featured_media":951493,"template":"","meta":{"_acf_changed":false,"om_disable_all_campaigns":false,"rs_blank_template":"","rs_page_bg_color":"","slide_template_v7":"","inline_featured_image":false,"_monsterinsights_skip_tracking":false,"_monsterinsights_sitenote_active":false,"_monsterinsights_sitenote_note":"","_monsterinsights_sitenote_category":0},"product_brand":[],"product_cat":[420,296],"product_tag":[],"class_list":{"0":"post-13125","1":"product","2":"type-product","3":"status-publish","4":"has-post-thumbnail","6":"product_cat-biblias","7":"product_cat-biblies","9":"first","10":"instock","11":"taxable","12":"shipping-taxable","13":"purchasable","14":"product-type-simple"},"acf":{"autor":"SAN PABLO","codart":"842854104","libros-coleccion":"","ediciones":"1","encuadernacion":"Carton\u00e9","fecha_de_publicacion":"07\/09\/2012","novedad":"0","paginas":"3000","subtitulo":"","orden":"999","portada":"0","idioma":"spa","editorial":[{"ID":6356,"post_author":"3","post_date":"2022-07-28 17:50:26","post_date_gmt":"2022-07-28 15:50:26","post_content":"","post_title":"SAN PABLO COMUNICACI\u00d3N","post_excerpt":"","post_status":"publish","comment_status":"closed","ping_status":"closed","post_password":"","post_name":"san-pablo-comunicacion","to_ping":"","pinged":"","post_modified":"2022-07-28 17:50:26","post_modified_gmt":"2022-07-28 15:50:26","post_content_filtered":"","post_parent":0,"guid":"http:\/\/dev.claret.cat\/editorial\/san-pablo-comunicacion\/","menu_order":0,"post_type":"editorial","post_mime_type":"","comment_count":"0","filter":"raw"}],"autores-libros":[{"ID":155233,"post_author":"3","post_date":"2022-10-14 15:11:12","post_date_gmt":"2022-10-14 13:11:12","post_content":"","post_title":"EQUIPO SAN PABLO","post_excerpt":"","post_status":"publish","comment_status":"closed","ping_status":"closed","post_password":"","post_name":"equipo-san-pablo","to_ping":"","pinged":"","post_modified":"2022-10-14 15:11:12","post_modified_gmt":"2022-10-14 13:11:12","post_content_filtered":"","post_parent":0,"guid":"http:\/\/dev.claret.cat\/autor\/equipo-san-pablo\/","menu_order":0,"post_type":"autor","post_mime_type":"","comment_count":"0","filter":"raw"}],"booktrailer":"","resenas":""},"aioseo_notices":[],"_links":{"self":[{"href":"https:\/\/www.claret.cat\/es\/wp-json\/wp\/v2\/product\/13125","targetHints":{"allow":["GET"]}}],"collection":[{"href":"https:\/\/www.claret.cat\/es\/wp-json\/wp\/v2\/product"}],"about":[{"href":"https:\/\/www.claret.cat\/es\/wp-json\/wp\/v2\/types\/product"}],"wp:featuredmedia":[{"embeddable":true,"href":"https:\/\/www.claret.cat\/es\/wp-json\/wp\/v2\/media\/951493"}],"wp:attachment":[{"href":"https:\/\/www.claret.cat\/es\/wp-json\/wp\/v2\/media?parent=13125"}],"wp:term":[{"taxonomy":"product_brand","embeddable":true,"href":"https:\/\/www.claret.cat\/es\/wp-json\/wp\/v2\/product_brand?post=13125"},{"taxonomy":"product_cat","embeddable":true,"href":"https:\/\/www.claret.cat\/es\/wp-json\/wp\/v2\/product_cat?post=13125"},{"taxonomy":"product_tag","embeddable":true,"href":"https:\/\/www.claret.cat\/es\/wp-json\/wp\/v2\/product_tag?post=13125"}],"curies":[{"name":"wp","href":"https:\/\/api.w.org\/{rel}","templated":true}]}}