{"id":131283,"date":"2022-10-13T00:01:11","date_gmt":"2022-10-12T22:01:11","guid":{"rendered":"http:\/\/dev.claret.cat\/producte\/histories-de-fantasmes\/"},"modified":"2024-01-31T21:39:05","modified_gmt":"2024-01-31T20:39:05","slug":"histories-de-fantasmes-9788417515416","status":"publish","type":"product","link":"https:\/\/www.claret.cat\/es\/libro\/histories-de-fantasmes-9788417515416\/","title":{"rendered":"HIST\u00d2RIES DE FANTASMES"},"content":{"rendered":"<p>Roald Dahl presenta en aquest volum les catorze hist\u00f2ries de terror que ell considera m\u00e9s bones. Al conte d\u2019E. F. Benson trobem el terror en el metro de Londres; al de Richard Middle- ton, a l\u2019autopista de Brighton; al noruec Jonas Lie, en una salvatge tempesta marina; i&#8230; mentre que l\u2019espectre de Sheridan Le Fanu no pot parar de picar a la finestra, ja que no \u00e9s m\u00e9s que una m\u00e0 fantasma.<\/p>\n","protected":false},"excerpt":{"rendered":"<p>DAHL, ROALD<\/p>\n","protected":false},"featured_media":131284,"template":"","meta":{"_acf_changed":false,"om_disable_all_campaigns":false,"rs_blank_template":"","rs_page_bg_color":"","slide_template_v7":"","inline_featured_image":false,"_monsterinsights_skip_tracking":false,"_monsterinsights_sitenote_active":false,"_monsterinsights_sitenote_note":"","_monsterinsights_sitenote_category":0},"product_brand":[],"product_cat":[87,353],"product_tag":[],"class_list":{"0":"post-131283","1":"product","2":"type-product","3":"status-publish","4":"has-post-thumbnail","6":"product_cat-literatura","7":"product_cat-literatura-2_humanidades","9":"first","10":"instock","11":"taxable","12":"shipping-taxable","13":"purchasable","14":"product-type-simple"},"acf":{"editorial":[{"ID":6254,"post_author":"3","post_date":"2022-07-28 17:48:15","post_date_gmt":"2022-07-28 15:48:15","post_content":"","post_title":"FANBOOKS","post_excerpt":"","post_status":"publish","comment_status":"closed","ping_status":"closed","post_password":"","post_name":"fanbooks","to_ping":"","pinged":"","post_modified":"2022-07-28 17:48:15","post_modified_gmt":"2022-07-28 15:48:15","post_content_filtered":"","post_parent":0,"guid":"http:\/\/dev.claret.cat\/editorial\/fanbooks\/","menu_order":0,"post_type":"editorial","post_mime_type":"","comment_count":"0","filter":"raw"}],"autor":"DAHL, ROALD","codart":"841751541","libros-coleccion":"FICCI\u00d3","ediciones":"1","encuadernacion":"R\u00fastica","fecha_de_publicacion":"01\/05\/2019","novedad":"1","paginas":"320","subtitulo":"","orden":"0","portada":"0","idioma":"cat","autores-libros":[{"ID":168156,"post_author":"3","post_date":"2022-10-14 18:16:58","post_date_gmt":"2022-10-14 16:16:58","post_content":"","post_title":"ROALD DAHL","post_excerpt":"","post_status":"publish","comment_status":"closed","ping_status":"closed","post_password":"","post_name":"roald-dahl","to_ping":"","pinged":"","post_modified":"2022-10-14 18:16:58","post_modified_gmt":"2022-10-14 16:16:58","post_content_filtered":"","post_parent":0,"guid":"http:\/\/dev.claret.cat\/autor\/roald-dahl\/","menu_order":0,"post_type":"autor","post_mime_type":"","comment_count":"0","filter":"raw"}]},"aioseo_notices":[],"_links":{"self":[{"href":"https:\/\/www.claret.cat\/es\/wp-json\/wp\/v2\/product\/131283","targetHints":{"allow":["GET"]}}],"collection":[{"href":"https:\/\/www.claret.cat\/es\/wp-json\/wp\/v2\/product"}],"about":[{"href":"https:\/\/www.claret.cat\/es\/wp-json\/wp\/v2\/types\/product"}],"wp:featuredmedia":[{"embeddable":true,"href":"https:\/\/www.claret.cat\/es\/wp-json\/wp\/v2\/media\/131284"}],"wp:attachment":[{"href":"https:\/\/www.claret.cat\/es\/wp-json\/wp\/v2\/media?parent=131283"}],"wp:term":[{"taxonomy":"product_brand","embeddable":true,"href":"https:\/\/www.claret.cat\/es\/wp-json\/wp\/v2\/product_brand?post=131283"},{"taxonomy":"product_cat","embeddable":true,"href":"https:\/\/www.claret.cat\/es\/wp-json\/wp\/v2\/product_cat?post=131283"},{"taxonomy":"product_tag","embeddable":true,"href":"https:\/\/www.claret.cat\/es\/wp-json\/wp\/v2\/product_tag?post=131283"}],"curies":[{"name":"wp","href":"https:\/\/api.w.org\/{rel}","templated":true}]}}