{"id":131674,"date":"2022-10-13T00:33:14","date_gmt":"2022-10-12T22:33:14","guid":{"rendered":"http:\/\/dev.claret.cat\/producte\/tu-relacion-con-la-comida-habla-de-ti\/"},"modified":"2023-01-28T21:05:56","modified_gmt":"2023-01-28T20:05:56","slug":"tu-relacion-con-la-comida-habla-de-ti-9788417399962","status":"publish","type":"product","link":"https:\/\/www.claret.cat\/es\/libro\/tu-relacion-con-la-comida-habla-de-ti-9788417399962\/","title":{"rendered":"TU RELACI\u00d3N CON LA COMIDA HABLA DE T\u00cd"},"content":{"rendered":"<p>A muchas nos sonar\u00e1 esta historia: siento hambre y como, me doy un atrac\u00f3n y pienso que el atrac\u00f3n es &#8216;el problema&#8217;. Comienzo la dieta y me frustro porque los kilos, tal como se fueron, vuelven. Me siento culpable por haber comido de m\u00e1s, odio mi cuerpo y mi autoestima queda por los suelos. Esta es la espiral en la que entran miles de mujeres en todo el mundo. Pero \u00bfde qu\u00e9 tenemos hambre? Sumati nos ense\u00f1a a mirarnos con compasi\u00f3n y ternura, a escucharnos con honestidad y a descubrir que tomar conciencia de nuestra relaci\u00f3n con la comida es una oportunidad \u00fanica para conocernos mejor, ser m\u00e1s asertivas y hacernos con las riendas de nuestra vida. Porque, probablemente, ese atrac\u00f3n era solo la punta del iceberg. Los atracones nos hablan de la necesidad de recibir cuando estamos dando demasiado o llevamos mucho tiempo cuidando de los dem\u00e1s, del miedo a la soledad, del estr\u00e9s y la ansiedad, de las sombras que queremos tapar&#8230; y necesitamos parar y atendernos. En este libro hablaremos sobre el hambre f\u00edsica y encontraremos interesant\u00edsimas claves nutricionales para mejorar nuestra forma de comer, as\u00ed como pr\u00e1cticas para la autorregulaci\u00f3n y el bienestar; pero, sobre todo, vamos a hablar del hambre emocional, a menudo un s\u00edntoma de algo que poco tiene que ver con la comida, y que puede ser una oportunidad para crecer si nos atrevemos a mirarlo de frente. D\u00e9jate acompa\u00f1ar en este proceso de transformaci\u00f3n que has iniciado, aprende con este libro la importancia de observar c\u00f3mo comes y a tomar conciencia de ti misma, pues solo desde ah\u00ed nacer\u00e1 tu verdadero cambio.<\/p>\n","protected":false},"excerpt":{"rendered":"<p>SUMATI, SUMATI<\/p>\n","protected":false},"featured_media":131675,"template":"","meta":{"_acf_changed":false,"om_disable_all_campaigns":false,"rs_blank_template":"","rs_page_bg_color":"","slide_template_v7":"","inline_featured_image":false,"_monsterinsights_skip_tracking":false,"_monsterinsights_sitenote_active":false,"_monsterinsights_sitenote_note":"","_monsterinsights_sitenote_category":0},"product_brand":[],"product_cat":[97],"product_tag":[],"class_list":{"0":"post-131674","1":"product","2":"type-product","3":"status-publish","4":"has-post-thumbnail","6":"product_cat-salut","8":"first","9":"instock","10":"taxable","11":"shipping-taxable","12":"purchasable","13":"product-type-simple"},"acf":{"editorial":[{"ID":6235,"post_author":"3","post_date":"2022-07-28 17:47:51","post_date_gmt":"2022-07-28 15:47:51","post_content":"","post_title":"Editorial Sirio","post_excerpt":"","post_status":"publish","comment_status":"closed","ping_status":"closed","post_password":"","post_name":"editorial-sirio","to_ping":"","pinged":"","post_modified":"2022-07-28 17:47:51","post_modified_gmt":"2022-07-28 15:47:51","post_content_filtered":"","post_parent":0,"guid":"http:\/\/dev.claret.cat\/editorial\/editorial-sirio\/","menu_order":0,"post_type":"editorial","post_mime_type":"","comment_count":"0","filter":"raw"}],"autor":"SUMATI, SUMATI","codart":"841739996","libros-coleccion":"","ediciones":"1","encuadernacion":"R\u00fastica","fecha_de_publicacion":"01\/09\/2019","novedad":"1","paginas":"303","subtitulo":"UNA GU\u00cdA PARA MUJERES QUE DESEAN INDAGAR C\u00d3MO COMEN, IDENTIFICAR EL HAMBRE EMOCI","orden":"0","portada":"0","idioma":"spa","autores-libros":[{"ID":169905,"post_author":"3","post_date":"2022-10-14 22:30:58","post_date_gmt":"2022-10-14 20:30:58","post_content":"","post_title":"SUMATI SUMATI","post_excerpt":"","post_status":"publish","comment_status":"closed","ping_status":"closed","post_password":"","post_name":"sumati-sumati","to_ping":"","pinged":"","post_modified":"2022-10-14 22:30:58","post_modified_gmt":"2022-10-14 20:30:58","post_content_filtered":"","post_parent":0,"guid":"http:\/\/dev.claret.cat\/autor\/sumati-sumati\/","menu_order":0,"post_type":"autor","post_mime_type":"","comment_count":"0","filter":"raw"}]},"aioseo_notices":[],"_links":{"self":[{"href":"https:\/\/www.claret.cat\/es\/wp-json\/wp\/v2\/product\/131674","targetHints":{"allow":["GET"]}}],"collection":[{"href":"https:\/\/www.claret.cat\/es\/wp-json\/wp\/v2\/product"}],"about":[{"href":"https:\/\/www.claret.cat\/es\/wp-json\/wp\/v2\/types\/product"}],"wp:featuredmedia":[{"embeddable":true,"href":"https:\/\/www.claret.cat\/es\/wp-json\/wp\/v2\/media\/131675"}],"wp:attachment":[{"href":"https:\/\/www.claret.cat\/es\/wp-json\/wp\/v2\/media?parent=131674"}],"wp:term":[{"taxonomy":"product_brand","embeddable":true,"href":"https:\/\/www.claret.cat\/es\/wp-json\/wp\/v2\/product_brand?post=131674"},{"taxonomy":"product_cat","embeddable":true,"href":"https:\/\/www.claret.cat\/es\/wp-json\/wp\/v2\/product_cat?post=131674"},{"taxonomy":"product_tag","embeddable":true,"href":"https:\/\/www.claret.cat\/es\/wp-json\/wp\/v2\/product_tag?post=131674"}],"curies":[{"name":"wp","href":"https:\/\/api.w.org\/{rel}","templated":true}]}}