{"id":131680,"date":"2022-10-13T00:33:19","date_gmt":"2022-10-12T22:33:19","guid":{"rendered":"http:\/\/dev.claret.cat\/producte\/la-paradoja-de-fermi\/"},"modified":"2023-05-12T14:29:38","modified_gmt":"2023-05-12T12:29:38","slug":"la-paradoja-de-fermi-9788417497439","status":"publish","type":"product","link":"https:\/\/www.claret.cat\/es\/libro\/la-paradoja-de-fermi-9788417497439\/","title":{"rendered":"LA PARADOJA DE FERMI"},"content":{"rendered":"<p>Despu\u00e9s de la aventura con supuestos fantasmas en El misterio de la mansi\u00f3n quemada, nuestros amigos se enfrentan a una nueva prueba todav\u00eda m\u00e1s dif\u00edcil y misteriosa con seres venidos del conf\u00edn del universo. Un avi\u00f3n se ha estrellado en los Andes argentinos y toda la tripulaci\u00f3n ha desaparecido sin dejar rastro. <\/p>\n<p> Seres extra\u00f1os de m\u00e1s de dos metros de altura, y con una extra\u00f1a luz en la cabeza, han sido avistados por la zona. La polic\u00eda albiceleste est\u00e1 desesperada y ha reclamado la ayuda de la joven Anna para intentar resolver el misterio, pero la detective ha desaparecido en extra\u00f1as circunstancias y ahora nadie sabe d\u00f3nde est\u00e1&#8230; <\/p>\n<p> Hasta que aparece uno de sus cuadernos.<\/p>\n","protected":false},"excerpt":{"rendered":"<p>GINER BOU, MIGUEL \u00c1NGEL<\/p>\n","protected":false},"featured_media":131681,"template":"","meta":{"_acf_changed":false,"om_disable_all_campaigns":false,"rs_blank_template":"","rs_page_bg_color":"","slide_template_v7":"","inline_featured_image":false,"_monsterinsights_skip_tracking":false,"_monsterinsights_sitenote_active":false,"_monsterinsights_sitenote_note":"","_monsterinsights_sitenote_category":0},"product_brand":[],"product_cat":[132,364,134,362],"product_tag":[],"class_list":{"0":"post-131680","1":"product","2":"type-product","3":"status-publish","4":"has-post-thumbnail","6":"product_cat-lectures-per-preadolescents-6-12-anys","7":"product_cat-comics-infantil-3_infantil-juvenil-spa","8":"product_cat-comics","9":"product_cat-libros-preadolescentes-6-12-anos","11":"first","12":"instock","13":"taxable","14":"shipping-taxable","15":"purchasable","16":"product-type-simple"},"acf":{"autor":"GINER BOU, MIGUEL \u00c1NGEL","codart":"841749743","libros-coleccion":"Anna D\u00e9dalus detective","ediciones":"1","encuadernacion":"R\u00fastica","fecha_de_publicacion":"01\/06\/2019","novedad":"1","paginas":"142","subtitulo":"ANNA D\u00c9DALUS DETECTIVE","orden":"0","portada":"0","idioma":"spa","editorial":[{"ID":147439,"post_author":"3","post_date":"2022-10-14 11:50:35","post_date_gmt":"2022-10-14 09:50:35","post_content":"","post_title":"Andana Editorial","post_excerpt":"","post_status":"publish","comment_status":"closed","ping_status":"closed","post_password":"","post_name":"andana-editorial","to_ping":"","pinged":"","post_modified":"2022-10-14 11:50:35","post_modified_gmt":"2022-10-14 09:50:35","post_content_filtered":"","post_parent":0,"guid":"http:\/\/dev.claret.cat\/editorial\/andana-editorial\/","menu_order":0,"post_type":"editorial","post_mime_type":"","comment_count":"0","filter":"raw"}],"autores-libros":[{"ID":164926,"post_author":"3","post_date":"2022-10-14 17:50:59","post_date_gmt":"2022-10-14 15:50:59","post_content":"","post_title":"MIGUEL \u00c1NGEL GINER BOU","post_excerpt":"","post_status":"publish","comment_status":"closed","ping_status":"closed","post_password":"","post_name":"miguel-angel-giner-bou","to_ping":"","pinged":"","post_modified":"2022-10-14 17:50:59","post_modified_gmt":"2022-10-14 15:50:59","post_content_filtered":"","post_parent":0,"guid":"http:\/\/dev.claret.cat\/autor\/miguel-angel-giner-bou\/","menu_order":0,"post_type":"autor","post_mime_type":"","comment_count":"0","filter":"raw"}]},"aioseo_notices":[],"_links":{"self":[{"href":"https:\/\/www.claret.cat\/es\/wp-json\/wp\/v2\/product\/131680","targetHints":{"allow":["GET"]}}],"collection":[{"href":"https:\/\/www.claret.cat\/es\/wp-json\/wp\/v2\/product"}],"about":[{"href":"https:\/\/www.claret.cat\/es\/wp-json\/wp\/v2\/types\/product"}],"wp:featuredmedia":[{"embeddable":true,"href":"https:\/\/www.claret.cat\/es\/wp-json\/wp\/v2\/media\/131681"}],"wp:attachment":[{"href":"https:\/\/www.claret.cat\/es\/wp-json\/wp\/v2\/media?parent=131680"}],"wp:term":[{"taxonomy":"product_brand","embeddable":true,"href":"https:\/\/www.claret.cat\/es\/wp-json\/wp\/v2\/product_brand?post=131680"},{"taxonomy":"product_cat","embeddable":true,"href":"https:\/\/www.claret.cat\/es\/wp-json\/wp\/v2\/product_cat?post=131680"},{"taxonomy":"product_tag","embeddable":true,"href":"https:\/\/www.claret.cat\/es\/wp-json\/wp\/v2\/product_tag?post=131680"}],"curies":[{"name":"wp","href":"https:\/\/api.w.org\/{rel}","templated":true}]}}