{"id":131683,"date":"2022-10-13T00:33:22","date_gmt":"2022-10-12T22:33:22","guid":{"rendered":"http:\/\/dev.claret.cat\/producte\/la-paradoxa-de-fermi\/"},"modified":"2023-05-12T14:29:27","modified_gmt":"2023-05-12T12:29:27","slug":"la-paradoxa-de-fermi-9788417497422","status":"publish","type":"product","link":"https:\/\/www.claret.cat\/es\/libro\/la-paradoxa-de-fermi-9788417497422\/","title":{"rendered":"LA PARADOXA DE FERMI"},"content":{"rendered":"<p>Despr\u00e9s de l&#8217;aventura amb suposats fantasmes en El misteri de la mansi\u00f3 cremada, els nostres amics s&#8217;enfronten a una nova prova encara m\u00e9s dif\u00edcil i misteriosa amb \u00e9ssers vinguts de m\u00e9s enll\u00e0 de l&#8217;univers.Un avi\u00f3 s&#8217;ha estavellat als Andes argentins i tota la tripulaci\u00f3 ha desaparegut sense deixar rastre. <\/p>\n<p> \u00c9ssers estranys de m\u00e9s de dos metres d&#8217;al\u00e7\u00e0ria, i amb una estranya llum al cap, han sigut albirats per la zona. La policia argentina est\u00e0 desesperada i ha reclamat l&#8217;ajuda de la jove Anna per a intentar resoldre el misteri, per\u00f2 la detectiu ha desaparegut en estranyes circumst\u00e0ncies i ara ning\u00fa sap on est\u00e0&#8230;<\/p>\n<p> Fins que apareix un dels seus quaderns<\/p>\n","protected":false},"excerpt":{"rendered":"<p>GINER BOU, MIGUEL \u00c1NGEL<\/p>\n","protected":false},"featured_media":131684,"template":"","meta":{"_acf_changed":false,"om_disable_all_campaigns":false,"rs_blank_template":"","rs_page_bg_color":"","slide_template_v7":"","inline_featured_image":false,"_monsterinsights_skip_tracking":false,"_monsterinsights_sitenote_active":false,"_monsterinsights_sitenote_note":"","_monsterinsights_sitenote_category":0},"product_brand":[],"product_cat":[132,364,134,362],"product_tag":[],"class_list":{"0":"post-131683","1":"product","2":"type-product","3":"status-publish","4":"has-post-thumbnail","6":"product_cat-lectures-per-preadolescents-6-12-anys","7":"product_cat-comics-infantil-3_infantil-juvenil-spa","8":"product_cat-comics","9":"product_cat-libros-preadolescentes-6-12-anos","11":"first","12":"instock","13":"taxable","14":"shipping-taxable","15":"purchasable","16":"product-type-simple"},"acf":{"autor":"GINER BOU, MIGUEL \u00c1NGEL","codart":"841749742","libros-coleccion":"Anna D\u00e9dalus detective","ediciones":"1","encuadernacion":"R\u00fastica","fecha_de_publicacion":"01\/06\/2019","novedad":"1","paginas":"142","subtitulo":"ANNA D\u00c9DALUS DETECTIU","orden":"0","portada":"0","idioma":"car","editorial":[{"ID":147439,"post_author":"3","post_date":"2022-10-14 11:50:35","post_date_gmt":"2022-10-14 09:50:35","post_content":"","post_title":"Andana Editorial","post_excerpt":"","post_status":"publish","comment_status":"closed","ping_status":"closed","post_password":"","post_name":"andana-editorial","to_ping":"","pinged":"","post_modified":"2022-10-14 11:50:35","post_modified_gmt":"2022-10-14 09:50:35","post_content_filtered":"","post_parent":0,"guid":"http:\/\/dev.claret.cat\/editorial\/andana-editorial\/","menu_order":0,"post_type":"editorial","post_mime_type":"","comment_count":"0","filter":"raw"}],"autores-libros":[{"ID":164926,"post_author":"3","post_date":"2022-10-14 17:50:59","post_date_gmt":"2022-10-14 15:50:59","post_content":"","post_title":"MIGUEL \u00c1NGEL GINER BOU","post_excerpt":"","post_status":"publish","comment_status":"closed","ping_status":"closed","post_password":"","post_name":"miguel-angel-giner-bou","to_ping":"","pinged":"","post_modified":"2022-10-14 17:50:59","post_modified_gmt":"2022-10-14 15:50:59","post_content_filtered":"","post_parent":0,"guid":"http:\/\/dev.claret.cat\/autor\/miguel-angel-giner-bou\/","menu_order":0,"post_type":"autor","post_mime_type":"","comment_count":"0","filter":"raw"}]},"aioseo_notices":[],"_links":{"self":[{"href":"https:\/\/www.claret.cat\/es\/wp-json\/wp\/v2\/product\/131683","targetHints":{"allow":["GET"]}}],"collection":[{"href":"https:\/\/www.claret.cat\/es\/wp-json\/wp\/v2\/product"}],"about":[{"href":"https:\/\/www.claret.cat\/es\/wp-json\/wp\/v2\/types\/product"}],"wp:featuredmedia":[{"embeddable":true,"href":"https:\/\/www.claret.cat\/es\/wp-json\/wp\/v2\/media\/131684"}],"wp:attachment":[{"href":"https:\/\/www.claret.cat\/es\/wp-json\/wp\/v2\/media?parent=131683"}],"wp:term":[{"taxonomy":"product_brand","embeddable":true,"href":"https:\/\/www.claret.cat\/es\/wp-json\/wp\/v2\/product_brand?post=131683"},{"taxonomy":"product_cat","embeddable":true,"href":"https:\/\/www.claret.cat\/es\/wp-json\/wp\/v2\/product_cat?post=131683"},{"taxonomy":"product_tag","embeddable":true,"href":"https:\/\/www.claret.cat\/es\/wp-json\/wp\/v2\/product_tag?post=131683"}],"curies":[{"name":"wp","href":"https:\/\/api.w.org\/{rel}","templated":true}]}}