{"id":131776,"date":"2022-10-13T00:34:41","date_gmt":"2022-10-12T22:34:41","guid":{"rendered":"http:\/\/dev.claret.cat\/producte\/los-i-les-dues-germanes\/"},"modified":"2024-05-23T02:19:10","modified_gmt":"2024-05-23T00:19:10","slug":"los-i-les-dues-germanes-9788491910701","status":"publish","type":"product","link":"https:\/\/www.claret.cat\/es\/libro\/los-i-les-dues-germanes-9788491910701\/","title":{"rendered":"L&#8217;\u00d3S I LES DUES GERMANES"},"content":{"rendered":"<p>La Blanca i la Mariedda s\u00f3n dues germanes que vivien amb la seva mare en un bosc de l&#8217;illa de Sardenya. Una nit de fred i neu, un \u00f3s enorme va trucar a la porta de la seva cabana.<\/p>\n","protected":false},"excerpt":{"rendered":"<p>MULET, GEMMA; JIM\u00c9NEZ, DANI<\/p>\n","protected":false},"featured_media":361746,"template":"","meta":{"_acf_changed":false,"om_disable_all_campaigns":false,"rs_blank_template":"","rs_page_bg_color":"","slide_template_v7":"","inline_featured_image":false,"_monsterinsights_skip_tracking":false,"_monsterinsights_sitenote_active":false,"_monsterinsights_sitenote_note":"","_monsterinsights_sitenote_category":0},"product_brand":[],"product_cat":[90,540],"product_tag":[],"class_list":{"0":"post-131776","1":"product","2":"type-product","3":"status-publish","4":"has-post-thumbnail","6":"product_cat-altres","7":"product_cat-otros","9":"first","10":"instock","11":"taxable","12":"shipping-taxable","13":"purchasable","14":"product-type-simple"},"acf":{"editorial":[{"ID":8266,"post_author":"3","post_date":"2022-09-30 09:21:36","post_date_gmt":"2022-09-30 07:21:36","post_content":"","post_title":"PUBLICACIONS DE L'ABADIA DE MONTSERRAT","post_excerpt":"","post_status":"publish","comment_status":"closed","ping_status":"closed","post_password":"","post_name":"publicacions-de-labadia-de-montserrat-5","to_ping":"","pinged":"","post_modified":"2022-09-30 09:21:36","post_modified_gmt":"2022-09-30 07:21:36","post_content_filtered":"","post_parent":0,"guid":"http:\/\/dev.claret.cat\/editorial\/publicacions-de-labadia-de-montserrat-5\/","menu_order":0,"post_type":"editorial","post_mime_type":"","comment_count":"0","filter":"raw"}],"autor":"MULET, GEMMA; JIM\u00c9NEZ, DANI","codart":"849191070","libros-coleccion":"Contes de la Mediterr\u00e0nia","ediciones":"1","encuadernacion":"R\u00fastica","fecha_de_publicacion":"06\/09\/2019","novedad":"1","paginas":"28","subtitulo":"","orden":"0","portada":"0","idioma":"cat","autores-libros":[{"ID":156680,"post_author":"3","post_date":"2022-10-14 15:22:44","post_date_gmt":"2022-10-14 13:22:44","post_content":"","post_title":"GEMMA MULET","post_excerpt":"","post_status":"publish","comment_status":"closed","ping_status":"closed","post_password":"","post_name":"gemma-mulet","to_ping":"","pinged":"","post_modified":"2022-10-14 15:22:44","post_modified_gmt":"2022-10-14 13:22:44","post_content_filtered":"","post_parent":0,"guid":"http:\/\/dev.claret.cat\/autor\/gemma-mulet\/","menu_order":0,"post_type":"autor","post_mime_type":"","comment_count":"0","filter":"raw"},{"ID":153528,"post_author":"3","post_date":"2022-10-14 14:57:28","post_date_gmt":"2022-10-14 12:57:28","post_content":"","post_title":"DANI JIMENEZ","post_excerpt":"","post_status":"publish","comment_status":"closed","ping_status":"closed","post_password":"","post_name":"dani-jimenez","to_ping":"","pinged":"","post_modified":"2022-10-14 14:57:28","post_modified_gmt":"2022-10-14 12:57:28","post_content_filtered":"","post_parent":0,"guid":"http:\/\/dev.claret.cat\/autor\/dani-jimenez\/","menu_order":0,"post_type":"autor","post_mime_type":"","comment_count":"0","filter":"raw"}]},"aioseo_notices":[],"_links":{"self":[{"href":"https:\/\/www.claret.cat\/es\/wp-json\/wp\/v2\/product\/131776","targetHints":{"allow":["GET"]}}],"collection":[{"href":"https:\/\/www.claret.cat\/es\/wp-json\/wp\/v2\/product"}],"about":[{"href":"https:\/\/www.claret.cat\/es\/wp-json\/wp\/v2\/types\/product"}],"wp:featuredmedia":[{"embeddable":true,"href":"https:\/\/www.claret.cat\/es\/wp-json\/wp\/v2\/media\/361746"}],"wp:attachment":[{"href":"https:\/\/www.claret.cat\/es\/wp-json\/wp\/v2\/media?parent=131776"}],"wp:term":[{"taxonomy":"product_brand","embeddable":true,"href":"https:\/\/www.claret.cat\/es\/wp-json\/wp\/v2\/product_brand?post=131776"},{"taxonomy":"product_cat","embeddable":true,"href":"https:\/\/www.claret.cat\/es\/wp-json\/wp\/v2\/product_cat?post=131776"},{"taxonomy":"product_tag","embeddable":true,"href":"https:\/\/www.claret.cat\/es\/wp-json\/wp\/v2\/product_tag?post=131776"}],"curies":[{"name":"wp","href":"https:\/\/api.w.org\/{rel}","templated":true}]}}