{"id":1318,"date":"2022-07-27T20:40:46","date_gmt":"2022-07-27T18:40:46","guid":{"rendered":"http:\/\/dev.claret.cat\/producto\/cduna-misa-para-el-siglo-xxi-amigos-9781597098434\/"},"modified":"2023-01-28T10:05:11","modified_gmt":"2023-01-28T09:05:11","slug":"cduna-misa-para-el-siglo-xxi-amigos-9781597098434","status":"publish","type":"product","link":"https:\/\/www.claret.cat\/es\/libro\/cduna-misa-para-el-siglo-xxi-amigos-9781597098434\/","title":{"rendered":"CD-UNA MISA PARA EL SIGLO XXI + AMIGOS"},"content":{"rendered":"<p>El cantante cat\u00f3lico espa\u00f1ol, C\u00e9sar Hidalgo, lanza su nuevo disco UNA MISA PARA EL SIGLO XXI, un CD fresco y actual donde aporta, dentro de su estilo Folk Rock, canciones nuevas para acompa\u00f1ar en las Eucarist\u00edas. Y no est\u00e1 solo en este trabajo, le acompa\u00f1an grandes artistas nacionales e internacionales de la m\u00fasica cat\u00f3lica contempor\u00e1nea, como Mart\u00edn Valverde, La Voz del Desierto, Unai Quir\u00f3s, Axana, Jose Iba\u00f1ez, Nico Montero, Mariola Alcocer y Raquel Test\u00f3n, Expresarte 16, Juan Susarte, Manu Escudero, Migueli, David Santaf\u00e9 o Fray Nacho. Todos ellos hacen de este CD, UNA MISA PARA EL SIGLO XXI, un disco imprescindible para la m\u00fasica cristiana cat\u00f3lica.<\/p>\n","protected":false},"excerpt":{"rendered":"<p>CESAR HIDALGO<\/p>\n","protected":false},"featured_media":65534,"template":"","meta":{"_acf_changed":false,"om_disable_all_campaigns":false,"rs_blank_template":"","rs_page_bg_color":"","slide_template_v7":"","inline_featured_image":false,"_monsterinsights_skip_tracking":false,"_monsterinsights_sitenote_active":false,"_monsterinsights_sitenote_note":"","_monsterinsights_sitenote_category":0},"product_brand":[],"product_cat":[302,525],"product_tag":[],"class_list":{"0":"post-1318","1":"product","2":"type-product","3":"status-publish","4":"has-post-thumbnail","6":"product_cat-cd-musica-religiosa","7":"product_cat-cd-musica-religiosa-multimedia-5_otras","9":"first","10":"instock","11":"taxable","12":"shipping-taxable","13":"purchasable","14":"product-type-simple"},"acf":{"autores-libros":[{"ID":5343,"post_author":"3","post_date":"2022-07-28 17:21:57","post_date_gmt":"2022-07-28 15:21:57","post_content":"","post_title":"C\u00c9SAR HIDALGO","post_excerpt":"","post_status":"publish","comment_status":"closed","ping_status":"closed","post_password":"","post_name":"cesar-hidalgo","to_ping":"","pinged":"","post_modified":"2022-07-28 17:21:57","post_modified_gmt":"2022-07-28 15:21:57","post_content_filtered":"","post_parent":0,"guid":"http:\/\/dev.claret.cat\/autor\/cesar-hidalgo\/","menu_order":0,"post_type":"autor","post_mime_type":"","comment_count":"0","filter":"raw"}],"editorial":[{"ID":6367,"post_author":"3","post_date":"2022-07-28 17:50:40","post_date_gmt":"2022-07-28 15:50:40","post_content":"","post_title":"SOLUZIONO","post_excerpt":"","post_status":"publish","comment_status":"closed","ping_status":"closed","post_password":"","post_name":"soluziono","to_ping":"","pinged":"","post_modified":"2022-07-28 17:50:40","post_modified_gmt":"2022-07-28 15:50:40","post_content_filtered":"","post_parent":0,"guid":"http:\/\/dev.claret.cat\/editorial\/soluziono\/","menu_order":0,"post_type":"editorial","post_mime_type":"","comment_count":"0","filter":"raw"}],"autor":"CESAR HIDALGO","codart":"159709843","libros-coleccion":"","ediciones":"1","encuadernacion":"R\u00fastica","fecha_de_publicacion":"19\/11\/2020","novedad":"1","paginas":"1","subtitulo":"","orden":"0","portada":"0","idioma":"spa"},"aioseo_notices":[],"_links":{"self":[{"href":"https:\/\/www.claret.cat\/es\/wp-json\/wp\/v2\/product\/1318","targetHints":{"allow":["GET"]}}],"collection":[{"href":"https:\/\/www.claret.cat\/es\/wp-json\/wp\/v2\/product"}],"about":[{"href":"https:\/\/www.claret.cat\/es\/wp-json\/wp\/v2\/types\/product"}],"wp:featuredmedia":[{"embeddable":true,"href":"https:\/\/www.claret.cat\/es\/wp-json\/wp\/v2\/media\/65534"}],"wp:attachment":[{"href":"https:\/\/www.claret.cat\/es\/wp-json\/wp\/v2\/media?parent=1318"}],"wp:term":[{"taxonomy":"product_brand","embeddable":true,"href":"https:\/\/www.claret.cat\/es\/wp-json\/wp\/v2\/product_brand?post=1318"},{"taxonomy":"product_cat","embeddable":true,"href":"https:\/\/www.claret.cat\/es\/wp-json\/wp\/v2\/product_cat?post=1318"},{"taxonomy":"product_tag","embeddable":true,"href":"https:\/\/www.claret.cat\/es\/wp-json\/wp\/v2\/product_tag?post=1318"}],"curies":[{"name":"wp","href":"https:\/\/api.w.org\/{rel}","templated":true}]}}