{"id":131803,"date":"2022-10-13T00:35:03","date_gmt":"2022-10-12T22:35:03","guid":{"rendered":"http:\/\/dev.claret.cat\/producte\/pinguinauta-la-gran-aventura-hacia-la-luna\/"},"modified":"2023-01-28T14:11:38","modified_gmt":"2023-01-28T13:11:38","slug":"pinguinauta-la-gran-aventura-hacia-la-luna-9788467934359","status":"publish","type":"product","link":"https:\/\/www.claret.cat\/es\/libro\/pinguinauta-la-gran-aventura-hacia-la-luna-9788467934359\/","title":{"rendered":"\u00a1PING\u00dcINAUTA! LA GRAN AVENTURA HACIA LA LUNA"},"content":{"rendered":"<p>\u00a1La historia de un ping\u00fcino con un sue\u00f1o extraordinario!<br \/>El peque\u00f1o Orville quiere vivir grandes aventuras, igual que sus amigos, as\u00ed que idea un plan para convertirse en el primer ping\u00fcinauta e ir a la Luna. Sin embargo, una vez all\u00ed, se da cuenta de lo solo que est\u00e1 y lo poco divertido que es vivir aventuras sin sus amigos.<\/p>\n<p>Marcie Colleen es escritora de libros infantiles galardonada con distintos premios, tales como el Bank Street College of Education&#8221;s Best Children&#8221;s Book. Vive en San Diego, California, con su marido. <\/p>\n<p>Emma Yarlett es una galardonada autora e ilustradora de libros infantiles. Sus libros han vendido m\u00e1s de medio mill\u00f3n de copias alrededor del mundo y han ganado numerosos premios.<\/p>\n","protected":false},"excerpt":{"rendered":"<p>COLLEEN,MARCIE\/YARLETT,EMMA<\/p>\n","protected":false},"featured_media":131804,"template":"","meta":{"_acf_changed":false,"om_disable_all_campaigns":false,"rs_blank_template":"","rs_page_bg_color":"","slide_template_v7":"","inline_featured_image":false,"_monsterinsights_skip_tracking":false,"_monsterinsights_sitenote_active":false,"_monsterinsights_sitenote_note":"","_monsterinsights_sitenote_category":0},"product_brand":[],"product_cat":[131],"product_tag":[],"class_list":{"0":"post-131803","1":"product","2":"type-product","3":"status-publish","4":"has-post-thumbnail","6":"product_cat-contes-per-infants-0-6-anys","8":"first","9":"instock","10":"taxable","11":"shipping-taxable","12":"purchasable","13":"product-type-simple"},"acf":{"editorial":[{"ID":6315,"post_author":"3","post_date":"2022-07-28 17:49:33","post_date_gmt":"2022-07-28 15:49:33","post_content":"","post_title":"NORMA EDITORIAL S.A","post_excerpt":"","post_status":"publish","comment_status":"closed","ping_status":"closed","post_password":"","post_name":"norma-editorial-s-a","to_ping":"","pinged":"","post_modified":"2022-07-28 17:49:33","post_modified_gmt":"2022-07-28 15:49:33","post_content_filtered":"","post_parent":0,"guid":"http:\/\/dev.claret.cat\/editorial\/norma-editorial-s-a\/","menu_order":0,"post_type":"editorial","post_mime_type":"","comment_count":"0","filter":"raw"}],"autor":"COLLEEN,MARCIE\/YARLETT,EMMA","codart":"846793435","libros-coleccion":"","ediciones":"1","encuadernacion":"Carton\u00e9","fecha_de_publicacion":"01\/07\/2019","novedad":"1","paginas":"32","subtitulo":"","orden":"0","portada":"0","idioma":"spa","autores-libros":[{"ID":155042,"post_author":"3","post_date":"2022-10-14 15:09:42","post_date_gmt":"2022-10-14 13:09:42","post_content":"","post_title":"EMMA YARLETT","post_excerpt":"","post_status":"publish","comment_status":"closed","ping_status":"closed","post_password":"","post_name":"emma-yarlett","to_ping":"","pinged":"","post_modified":"2022-10-14 15:09:42","post_modified_gmt":"2022-10-14 13:09:42","post_content_filtered":"","post_parent":0,"guid":"http:\/\/dev.claret.cat\/autor\/emma-yarlett\/","menu_order":0,"post_type":"autor","post_mime_type":"","comment_count":"0","filter":"raw"},{"ID":163398,"post_author":"3","post_date":"2022-10-14 17:38:42","post_date_gmt":"2022-10-14 15:38:42","post_content":"","post_title":"MARCIE COLLEEN","post_excerpt":"","post_status":"publish","comment_status":"closed","ping_status":"closed","post_password":"","post_name":"marcie-colleen","to_ping":"","pinged":"","post_modified":"2022-10-14 17:38:42","post_modified_gmt":"2022-10-14 15:38:42","post_content_filtered":"","post_parent":0,"guid":"http:\/\/dev.claret.cat\/autor\/marcie-colleen\/","menu_order":0,"post_type":"autor","post_mime_type":"","comment_count":"0","filter":"raw"}]},"aioseo_notices":[],"_links":{"self":[{"href":"https:\/\/www.claret.cat\/es\/wp-json\/wp\/v2\/product\/131803","targetHints":{"allow":["GET"]}}],"collection":[{"href":"https:\/\/www.claret.cat\/es\/wp-json\/wp\/v2\/product"}],"about":[{"href":"https:\/\/www.claret.cat\/es\/wp-json\/wp\/v2\/types\/product"}],"wp:featuredmedia":[{"embeddable":true,"href":"https:\/\/www.claret.cat\/es\/wp-json\/wp\/v2\/media\/131804"}],"wp:attachment":[{"href":"https:\/\/www.claret.cat\/es\/wp-json\/wp\/v2\/media?parent=131803"}],"wp:term":[{"taxonomy":"product_brand","embeddable":true,"href":"https:\/\/www.claret.cat\/es\/wp-json\/wp\/v2\/product_brand?post=131803"},{"taxonomy":"product_cat","embeddable":true,"href":"https:\/\/www.claret.cat\/es\/wp-json\/wp\/v2\/product_cat?post=131803"},{"taxonomy":"product_tag","embeddable":true,"href":"https:\/\/www.claret.cat\/es\/wp-json\/wp\/v2\/product_tag?post=131803"}],"curies":[{"name":"wp","href":"https:\/\/api.w.org\/{rel}","templated":true}]}}