{"id":131806,"date":"2022-10-13T00:35:07","date_gmt":"2022-10-12T22:35:07","guid":{"rendered":"http:\/\/dev.claret.cat\/producte\/emotions-primeras-palabras-en-ingles\/"},"modified":"2023-01-28T20:29:46","modified_gmt":"2023-01-28T19:29:46","slug":"emotions-primeras-palabras-en-ingles-9788467934571","status":"publish","type":"product","link":"https:\/\/www.claret.cat\/es\/libro\/emotions-primeras-palabras-en-ingles-9788467934571\/","title":{"rendered":"EMOTIONS. PRIMERAS PALABRAS EN INGL\u00c9S"},"content":{"rendered":"<p>\u00a1Aprender ingl\u00e9s nunca ha sido tan divertido! <\/p>\n<p>Los peque\u00f1os aprender\u00e1n las emociones en ingl\u00e9s mediante ilustraciones vistosas y escenas muy cotidianas. <\/p>\n<p>Lemon Ribbon Studio es un estudio de Londres cuyos dise\u00f1os se venden en todo el mundo. La colecci\u00f3n Primeras palabras    est\u00e1 hecha en colaboraci\u00f3n con Astronave.<\/p>\n","protected":false},"excerpt":{"rendered":"<p>,LEMON RIBBON STUDIO<\/p>\n","protected":false},"featured_media":131807,"template":"","meta":{"_acf_changed":false,"om_disable_all_campaigns":false,"rs_blank_template":"","rs_page_bg_color":"","slide_template_v7":"","inline_featured_image":false,"_monsterinsights_skip_tracking":false,"_monsterinsights_sitenote_active":false,"_monsterinsights_sitenote_note":"","_monsterinsights_sitenote_category":0},"product_brand":[],"product_cat":[131],"product_tag":[],"class_list":{"0":"post-131806","1":"product","2":"type-product","3":"status-publish","4":"has-post-thumbnail","6":"product_cat-contes-per-infants-0-6-anys","8":"first","9":"instock","10":"taxable","11":"shipping-taxable","12":"purchasable","13":"product-type-simple"},"acf":{"autor":",LEMON RIBBON STUDIO","codart":"846793457","libros-coleccion":"Primeras palabras en ingl\u00e9s","ediciones":"1","encuadernacion":"Carton\u00e9","fecha_de_publicacion":"01\/07\/2019","novedad":"1","paginas":"24","subtitulo":"","orden":"0","portada":"0","idioma":"spa","editorial":[{"ID":147494,"post_author":"3","post_date":"2022-10-14 11:51:01","post_date_gmt":"2022-10-14 09:51:01","post_content":"","post_title":"ASTRONAVE","post_excerpt":"","post_status":"publish","comment_status":"closed","ping_status":"closed","post_password":"","post_name":"astronave","to_ping":"","pinged":"","post_modified":"2022-10-14 11:51:01","post_modified_gmt":"2022-10-14 09:51:01","post_content_filtered":"","post_parent":0,"guid":"http:\/\/dev.claret.cat\/editorial\/astronave\/","menu_order":0,"post_type":"editorial","post_mime_type":"","comment_count":"0","filter":"raw"}],"autores-libros":[{"ID":162097,"post_author":"3","post_date":"2022-10-14 17:28:20","post_date_gmt":"2022-10-14 15:28:20","post_content":"","post_title":"LEMON RIBBON STUDIO","post_excerpt":"","post_status":"publish","comment_status":"closed","ping_status":"closed","post_password":"","post_name":"lemon-ribbon-studio-2","to_ping":"","pinged":"","post_modified":"2022-10-14 17:28:20","post_modified_gmt":"2022-10-14 15:28:20","post_content_filtered":"","post_parent":0,"guid":"http:\/\/dev.claret.cat\/autor\/lemon-ribbon-studio-2\/","menu_order":0,"post_type":"autor","post_mime_type":"","comment_count":"0","filter":"raw"}]},"aioseo_notices":[],"_links":{"self":[{"href":"https:\/\/www.claret.cat\/es\/wp-json\/wp\/v2\/product\/131806","targetHints":{"allow":["GET"]}}],"collection":[{"href":"https:\/\/www.claret.cat\/es\/wp-json\/wp\/v2\/product"}],"about":[{"href":"https:\/\/www.claret.cat\/es\/wp-json\/wp\/v2\/types\/product"}],"wp:featuredmedia":[{"embeddable":true,"href":"https:\/\/www.claret.cat\/es\/wp-json\/wp\/v2\/media\/131807"}],"wp:attachment":[{"href":"https:\/\/www.claret.cat\/es\/wp-json\/wp\/v2\/media?parent=131806"}],"wp:term":[{"taxonomy":"product_brand","embeddable":true,"href":"https:\/\/www.claret.cat\/es\/wp-json\/wp\/v2\/product_brand?post=131806"},{"taxonomy":"product_cat","embeddable":true,"href":"https:\/\/www.claret.cat\/es\/wp-json\/wp\/v2\/product_cat?post=131806"},{"taxonomy":"product_tag","embeddable":true,"href":"https:\/\/www.claret.cat\/es\/wp-json\/wp\/v2\/product_tag?post=131806"}],"curies":[{"name":"wp","href":"https:\/\/api.w.org\/{rel}","templated":true}]}}