{"id":132115,"date":"2022-10-13T00:39:49","date_gmt":"2022-10-12T22:39:49","guid":{"rendered":"http:\/\/dev.claret.cat\/producte\/un-cor-senzill-2\/"},"modified":"2023-01-28T15:16:43","modified_gmt":"2023-01-28T14:16:43","slug":"un-cor-senzill-9788416987528","status":"publish","type":"product","link":"https:\/\/www.claret.cat\/es\/libro\/un-cor-senzill-9788416987528\/","title":{"rendered":"UN COR SENZILL"},"content":{"rendered":"<p>F\u00e9licit\u00e9, una criada analfabeta de Normandia, perd, l&#8217;una rere l&#8217;altra, totes les persones que estima i s&#8217;acaba encapritxant d&#8217;un lloro que li recorda el seu nebot mort a Cuba; quan l&#8217;ocell passa avall, l&#8217;anciana el fa dissecar i, quan ella tamb\u00e9 comen\u00e7a a anar-se&#8217;n d&#8217;aquest m\u00f3n, veu en aquell lloro r\u00edgid, esventrat, mig devorat pels cucs, una imatge de l&#8217;Esperit Sant.<\/p>\n<p> Un cor senzill \u00e9s la hist\u00f2ria d&#8217;un dolor que no es rebel\u00b7la ni un instant, que ni imagina la possibilitat d&#8221;una vida alliberada de patiments i servituds.<\/p>\n<p> Del pr\u00f2leg de Ra\u00fcl Garrigasait <\/p>\n<p> Criticat en la seva \u00e8poca per raons morals, Gustave Flaubert (Rouen, 1821  Croisset, 1880) avui se&#8217;ns mostra com un dels novel\u00b7listes m\u00e9s importants del seu temps, conegut principalment per les novel\u00b7les Madame Bovary i L&#8217;educaci\u00f3 sentimental i per la seva escrupolosa devoci\u00f3 per la perfecci\u00f3 art\u00edstica.<\/p>\n","protected":false},"excerpt":{"rendered":"<p>FLAUBERT, GUSTAVE<\/p>\n","protected":false},"featured_media":132116,"template":"","meta":{"_acf_changed":false,"om_disable_all_campaigns":false,"rs_blank_template":"","rs_page_bg_color":"","slide_template_v7":"","inline_featured_image":false,"_monsterinsights_skip_tracking":false,"_monsterinsights_sitenote_active":false,"_monsterinsights_sitenote_note":"","_monsterinsights_sitenote_category":0},"product_brand":[],"product_cat":[123],"product_tag":[],"class_list":{"0":"post-132115","1":"product","2":"type-product","3":"status-publish","4":"has-post-thumbnail","6":"product_cat-classica","8":"first","9":"instock","10":"taxable","11":"shipping-taxable","12":"purchasable","13":"product-type-simple"},"acf":{"editorial":[{"ID":6211,"post_author":"3","post_date":"2022-07-28 17:47:15","post_date_gmt":"2022-07-28 15:47:15","post_content":"","post_title":"EDICIONS DE 1984","post_excerpt":"","post_status":"publish","comment_status":"closed","ping_status":"closed","post_password":"","post_name":"edicions-de-1984","to_ping":"","pinged":"","post_modified":"2022-07-28 17:47:15","post_modified_gmt":"2022-07-28 15:47:15","post_content_filtered":"","post_parent":0,"guid":"http:\/\/dev.claret.cat\/editorial\/edicions-de-1984\/","menu_order":0,"post_type":"editorial","post_mime_type":"","comment_count":"0","filter":"raw"}],"autores-libros":[{"ID":157258,"post_author":"3","post_date":"2022-10-14 15:27:23","post_date_gmt":"2022-10-14 13:27:23","post_content":"","post_title":"GUSTAVE FLAUBERT","post_excerpt":"","post_status":"publish","comment_status":"closed","ping_status":"closed","post_password":"","post_name":"gustave-flaubert","to_ping":"","pinged":"","post_modified":"2022-10-14 15:27:23","post_modified_gmt":"2022-10-14 13:27:23","post_content_filtered":"","post_parent":0,"guid":"http:\/\/dev.claret.cat\/autor\/gustave-flaubert\/","menu_order":0,"post_type":"autor","post_mime_type":"","comment_count":"0","filter":"raw"}],"autor":"FLAUBERT, GUSTAVE","codart":"841698752","libros-coleccion":"Inc\u00eds","ediciones":"1","encuadernacion":"R\u00fastica","fecha_de_publicacion":"01\/09\/2019","novedad":"1","paginas":"77","subtitulo":"","orden":"0","portada":"0","idioma":"cat"},"aioseo_notices":[],"_links":{"self":[{"href":"https:\/\/www.claret.cat\/es\/wp-json\/wp\/v2\/product\/132115","targetHints":{"allow":["GET"]}}],"collection":[{"href":"https:\/\/www.claret.cat\/es\/wp-json\/wp\/v2\/product"}],"about":[{"href":"https:\/\/www.claret.cat\/es\/wp-json\/wp\/v2\/types\/product"}],"wp:featuredmedia":[{"embeddable":true,"href":"https:\/\/www.claret.cat\/es\/wp-json\/wp\/v2\/media\/132116"}],"wp:attachment":[{"href":"https:\/\/www.claret.cat\/es\/wp-json\/wp\/v2\/media?parent=132115"}],"wp:term":[{"taxonomy":"product_brand","embeddable":true,"href":"https:\/\/www.claret.cat\/es\/wp-json\/wp\/v2\/product_brand?post=132115"},{"taxonomy":"product_cat","embeddable":true,"href":"https:\/\/www.claret.cat\/es\/wp-json\/wp\/v2\/product_cat?post=132115"},{"taxonomy":"product_tag","embeddable":true,"href":"https:\/\/www.claret.cat\/es\/wp-json\/wp\/v2\/product_tag?post=132115"}],"curies":[{"name":"wp","href":"https:\/\/api.w.org\/{rel}","templated":true}]}}