{"id":132211,"date":"2022-10-13T00:41:20","date_gmt":"2022-10-12T22:41:20","guid":{"rendered":"http:\/\/dev.claret.cat\/producte\/mister-folch\/"},"modified":"2024-02-05T14:27:33","modified_gmt":"2024-02-05T13:27:33","slug":"mister-folch-9788417879112","status":"publish","type":"product","link":"https:\/\/www.claret.cat\/es\/libro\/mister-folch-9788417879112\/","title":{"rendered":"M\u00cdSTER FOLCH"},"content":{"rendered":"<p>La primera novel\u00b7la sobre la postguerra civil a Catalunya que no parla ni de la postguerra ni de Catalunya. Nascut l&#8217;any 1942, en condicions ben galdoses, el protagonista \u00e9s agraciat amb poders sobrehumans. El que passa \u00e9s que no els aprofita de la manera que voldria D\u00e9u, el mentor i pare a l&#8217;ombra, un d\u00e9u en hores baixes, a punt d&#8217;acabar-se. Militars, prostitutes, wagnerians, gitanos, obrers i criades, el panorama de Mr. Folch no \u00e9s per cantar vict\u00f2ria, per\u00f2 ell far\u00e0 que aquest rac\u00f3 del m\u00f3n sigui una mica millor.<\/p>\n","protected":false},"excerpt":{"rendered":"<p>PUJOL CRUELLS, ADRI\u00c0<\/p>\n","protected":false},"featured_media":132212,"template":"","meta":{"_acf_changed":false,"om_disable_all_campaigns":false,"rs_blank_template":"","rs_page_bg_color":"","slide_template_v7":"","inline_featured_image":false,"_monsterinsights_skip_tracking":false,"_monsterinsights_sitenote_active":false,"_monsterinsights_sitenote_note":"","_monsterinsights_sitenote_category":0},"product_brand":[],"product_cat":[127,357],"product_tag":[],"class_list":{"0":"post-132211","1":"product","2":"type-product","3":"status-publish","4":"has-post-thumbnail","6":"product_cat-novella-contemporania","7":"product_cat-novela-contemporanea","9":"first","10":"instock","11":"taxable","12":"shipping-taxable","13":"purchasable","14":"product-type-simple"},"acf":{"editorial":[{"ID":6223,"post_author":"3","post_date":"2022-07-28 17:47:32","post_date_gmt":"2022-07-28 15:47:32","post_content":"","post_title":"EDITORIAL EMP\u00daRIES","post_excerpt":"","post_status":"publish","comment_status":"closed","ping_status":"closed","post_password":"","post_name":"editorial-empuries","to_ping":"","pinged":"","post_modified":"2022-07-28 17:47:32","post_modified_gmt":"2022-07-28 15:47:32","post_content_filtered":"","post_parent":0,"guid":"http:\/\/dev.claret.cat\/editorial\/editorial-empuries\/","menu_order":0,"post_type":"editorial","post_mime_type":"","comment_count":"0","filter":"raw"}],"autor":"PUJOL CRUELLS, ADRI\u00c0","codart":"841787911","libros-coleccion":"EMP\u00daRIES NARRATIVA","ediciones":"1","encuadernacion":"R\u00fastica","fecha_de_publicacion":"01\/09\/2019","novedad":"1","paginas":"271","subtitulo":"","orden":"0","portada":"0","idioma":"cat","autores-libros":[{"ID":149171,"post_author":"3","post_date":"2022-10-14 14:22:43","post_date_gmt":"2022-10-14 12:22:43","post_content":"","post_title":"ADRI\u00c0 PUJOL CRUELLS","post_excerpt":"","post_status":"publish","comment_status":"closed","ping_status":"closed","post_password":"","post_name":"adria-pujol-cruells","to_ping":"","pinged":"","post_modified":"2022-10-14 14:22:43","post_modified_gmt":"2022-10-14 12:22:43","post_content_filtered":"","post_parent":0,"guid":"http:\/\/dev.claret.cat\/autor\/adria-pujol-cruells\/","menu_order":0,"post_type":"autor","post_mime_type":"","comment_count":"0","filter":"raw"}]},"aioseo_notices":[],"_links":{"self":[{"href":"https:\/\/www.claret.cat\/es\/wp-json\/wp\/v2\/product\/132211","targetHints":{"allow":["GET"]}}],"collection":[{"href":"https:\/\/www.claret.cat\/es\/wp-json\/wp\/v2\/product"}],"about":[{"href":"https:\/\/www.claret.cat\/es\/wp-json\/wp\/v2\/types\/product"}],"wp:featuredmedia":[{"embeddable":true,"href":"https:\/\/www.claret.cat\/es\/wp-json\/wp\/v2\/media\/132212"}],"wp:attachment":[{"href":"https:\/\/www.claret.cat\/es\/wp-json\/wp\/v2\/media?parent=132211"}],"wp:term":[{"taxonomy":"product_brand","embeddable":true,"href":"https:\/\/www.claret.cat\/es\/wp-json\/wp\/v2\/product_brand?post=132211"},{"taxonomy":"product_cat","embeddable":true,"href":"https:\/\/www.claret.cat\/es\/wp-json\/wp\/v2\/product_cat?post=132211"},{"taxonomy":"product_tag","embeddable":true,"href":"https:\/\/www.claret.cat\/es\/wp-json\/wp\/v2\/product_tag?post=132211"}],"curies":[{"name":"wp","href":"https:\/\/api.w.org\/{rel}","templated":true}]}}