{"id":132226,"date":"2022-10-13T00:41:35","date_gmt":"2022-10-12T22:41:35","guid":{"rendered":"http:\/\/dev.claret.cat\/producte\/banderes-dels-altres\/"},"modified":"2024-01-31T20:43:01","modified_gmt":"2024-01-31T19:43:01","slug":"banderes-dels-altres-9788475887760","status":"publish","type":"product","link":"https:\/\/www.claret.cat\/es\/libro\/banderes-dels-altres-9788475887760\/","title":{"rendered":"BANDERES DELS ALTRES"},"content":{"rendered":"<p>Banderes dels altres ofereix el retrat ric d&#8217;una societat que intenta deixar enrere les ferides del<br \/>conflicte b\u00e8l\u00b7lic, retrobar-se i redre\u00e7ar-se. En un arc temporal que va del 1936 al 1975, diverses<br \/>nissagues familiars trenen les seves vides, tot i l&#8217;antic enfrontament a causa d&#8217;una guerra<br \/>que, de fet, tothom va perdre. El fil narratiu principal segueix el menut de tres germans orfes<br \/>d&#8217;una fam\u00edlia republicana de Banyoles, en Jepi Gual, que deixa els estudis per treballar en un<br \/>taller, lloga una barraca prop de l&#8217;estany on bull pells per fer-ne cola i crea una empresa que<br \/>amb els anys es converteix en una pr\u00f2spera f\u00e0brica. En Jepi acaba casant-se amb el seu amor<br \/>infantil, la filla d&#8217;un propietari que havia estat a l&#8217;altre b\u00e0ndol. A Banderes dels altres hi ha<br \/>venjan\u00e7a i reconciliaci\u00f3, amor i odi, sacrifici i triomf, i sobretot la for\u00e7a dels somnis.<\/p>\n","protected":false},"excerpt":{"rendered":"<p>N. SANTAEUL\u00c0LIA, J.<\/p>\n","protected":false},"featured_media":132227,"template":"","meta":{"_acf_changed":false,"om_disable_all_campaigns":false,"rs_blank_template":"","rs_page_bg_color":"","slide_template_v7":"","inline_featured_image":false,"_monsterinsights_skip_tracking":false,"_monsterinsights_sitenote_active":false,"_monsterinsights_sitenote_note":"","_monsterinsights_sitenote_category":0},"product_brand":[],"product_cat":[127,357],"product_tag":[],"class_list":{"0":"post-132226","1":"product","2":"type-product","3":"status-publish","4":"has-post-thumbnail","6":"product_cat-novella-contemporania","7":"product_cat-novela-contemporanea","9":"first","10":"instock","11":"taxable","12":"shipping-taxable","13":"purchasable","14":"product-type-simple"},"acf":{"editorial":[{"ID":6336,"post_author":"3","post_date":"2022-07-28 17:50:00","post_date_gmt":"2022-07-28 15:50:00","post_content":"","post_title":"Proa","post_excerpt":"","post_status":"publish","comment_status":"closed","ping_status":"closed","post_password":"","post_name":"proa","to_ping":"","pinged":"","post_modified":"2022-07-28 17:50:00","post_modified_gmt":"2022-07-28 15:50:00","post_content_filtered":"","post_parent":0,"guid":"http:\/\/dev.claret.cat\/editorial\/proa\/","menu_order":0,"post_type":"editorial","post_mime_type":"","comment_count":"0","filter":"raw"}],"autor":"N. SANTAEUL\u00c0LIA, J.","codart":"847588776","libros-coleccion":"A TOT VENT-R\u00daST","ediciones":"1","encuadernacion":"R\u00fastica","fecha_de_publicacion":"01\/09\/2019","novedad":"1","paginas":"269","subtitulo":"","orden":"0","portada":"0","idioma":"cat","autores-libros":[{"ID":158231,"post_author":"3","post_date":"2022-10-14 15:35:12","post_date_gmt":"2022-10-14 13:35:12","post_content":"","post_title":"J. N. SANTAEUL\u00c0LIA","post_excerpt":"","post_status":"publish","comment_status":"closed","ping_status":"closed","post_password":"","post_name":"j-n-santaeulalia-2","to_ping":"","pinged":"","post_modified":"2022-10-14 15:35:12","post_modified_gmt":"2022-10-14 13:35:12","post_content_filtered":"","post_parent":0,"guid":"http:\/\/dev.claret.cat\/autor\/j-n-santaeulalia-2\/","menu_order":0,"post_type":"autor","post_mime_type":"","comment_count":"0","filter":"raw"}]},"aioseo_notices":[],"_links":{"self":[{"href":"https:\/\/www.claret.cat\/es\/wp-json\/wp\/v2\/product\/132226","targetHints":{"allow":["GET"]}}],"collection":[{"href":"https:\/\/www.claret.cat\/es\/wp-json\/wp\/v2\/product"}],"about":[{"href":"https:\/\/www.claret.cat\/es\/wp-json\/wp\/v2\/types\/product"}],"wp:featuredmedia":[{"embeddable":true,"href":"https:\/\/www.claret.cat\/es\/wp-json\/wp\/v2\/media\/132227"}],"wp:attachment":[{"href":"https:\/\/www.claret.cat\/es\/wp-json\/wp\/v2\/media?parent=132226"}],"wp:term":[{"taxonomy":"product_brand","embeddable":true,"href":"https:\/\/www.claret.cat\/es\/wp-json\/wp\/v2\/product_brand?post=132226"},{"taxonomy":"product_cat","embeddable":true,"href":"https:\/\/www.claret.cat\/es\/wp-json\/wp\/v2\/product_cat?post=132226"},{"taxonomy":"product_tag","embeddable":true,"href":"https:\/\/www.claret.cat\/es\/wp-json\/wp\/v2\/product_tag?post=132226"}],"curies":[{"name":"wp","href":"https:\/\/api.w.org\/{rel}","templated":true}]}}