{"id":132274,"date":"2022-10-13T00:42:16","date_gmt":"2022-10-12T22:42:16","guid":{"rendered":"http:\/\/dev.claret.cat\/producte\/gramatica-basica-i-dus-de-la-llengua-catalana\/"},"modified":"2026-03-16T10:15:34","modified_gmt":"2026-03-16T09:15:34","slug":"gramatica-basica-i-dus-de-la-llengua-catalana-9788499654799","status":"publish","type":"product","link":"https:\/\/www.claret.cat\/es\/libro\/gramatica-basica-i-dus-de-la-llengua-catalana-9788499654799\/","title":{"rendered":"GRAM\u00c0TICA B\u00c0SICA I D&#8217;\u00daS DE LA LLENGUA CATALANA"},"content":{"rendered":"<p>La &#8216;Gram\u00e0tica b\u00e0sica i d&#8217;\u00fas de la llengua&#8217; (GBU) forma part del conjunt de gram\u00e0tiques institucionals de l&#8217;Institut d&#8217;Estudis Catalans. \u00c9s la gram\u00e0tica de car\u00e0cter descriptiu i normatiu destinada al gran p\u00fablic i a l&#8217;escola. Est\u00e0 redactada d&#8217;una manera clara i entenedora, amb una organitzaci\u00f3 basada en quadres resum i remarques normatives i d&#8217;\u00fas que contenen m\u00faltiples exemples. \u00c9s una gram\u00e0tica orientativa sobre els usos formals propis dels mitjans de comunicaci\u00f3, de l&#8217;escola i de l&#8217;Administraci\u00f3.<\/p>\n","protected":false},"excerpt":{"rendered":"<p>INSTITUT D&#8217;ESTUDIS CATALANS<\/p>\n","protected":false},"featured_media":1090192,"template":"","meta":{"_acf_changed":false,"om_disable_all_campaigns":false,"rs_blank_template":"","rs_page_bg_color":"","slide_template_v7":"","inline_featured_image":false,"_monsterinsights_skip_tracking":false,"_monsterinsights_sitenote_active":false,"_monsterinsights_sitenote_note":"","_monsterinsights_sitenote_category":0},"product_brand":[],"product_cat":[578,145],"product_tag":[],"class_list":{"0":"post-132274","1":"product","2":"type-product","3":"status-publish","4":"has-post-thumbnail","6":"product_cat-diccionarios-y-libros-de-consulta","7":"product_cat-diccionaris-i-llibres-de-consulta","9":"first","10":"outofstock","11":"taxable","12":"shipping-taxable","13":"purchasable","14":"product-type-simple"},"acf":{"editorial":[{"ID":148297,"post_author":"3","post_date":"2022-10-14 11:57:09","post_date_gmt":"2022-10-14 09:57:09","post_content":"","post_title":"INSTITUT D'ESTUDIS CATALANS","post_excerpt":"","post_status":"publish","comment_status":"closed","ping_status":"closed","post_password":"","post_name":"institut-destudis-catalans","to_ping":"","pinged":"","post_modified":"2022-10-14 11:57:09","post_modified_gmt":"2022-10-14 09:57:09","post_content_filtered":"","post_parent":0,"guid":"http:\/\/dev.claret.cat\/editorial\/institut-destudis-catalans\/","menu_order":0,"post_type":"editorial","post_mime_type":"","comment_count":"0","filter":"raw"}],"autor":"INSTITUT D'ESTUDIS CATALANS","codart":"849965479","libros-coleccion":"","ediciones":"1","encuadernacion":"R\u00fastica","fecha_de_publicacion":"01\/09\/2019","novedad":"0","paginas":"0","subtitulo":"","orden":"0","portada":"0","idioma":"cat","autores-libros":[{"ID":157938,"post_author":"3","post_date":"2022-10-14 15:32:51","post_date_gmt":"2022-10-14 13:32:51","post_content":"","post_title":"INSTITUT D\u00b4ESTUDIS CATALANS","post_excerpt":"","post_status":"publish","comment_status":"closed","ping_status":"closed","post_password":"","post_name":"institut-destudis-catalans","to_ping":"","pinged":"","post_modified":"2022-10-14 15:32:51","post_modified_gmt":"2022-10-14 13:32:51","post_content_filtered":"","post_parent":0,"guid":"http:\/\/dev.claret.cat\/autor\/institut-destudis-catalans\/","menu_order":0,"post_type":"autor","post_mime_type":"","comment_count":"0","filter":"raw"}],"booktrailer":"","resenas":""},"aioseo_notices":[],"_links":{"self":[{"href":"https:\/\/www.claret.cat\/es\/wp-json\/wp\/v2\/product\/132274","targetHints":{"allow":["GET"]}}],"collection":[{"href":"https:\/\/www.claret.cat\/es\/wp-json\/wp\/v2\/product"}],"about":[{"href":"https:\/\/www.claret.cat\/es\/wp-json\/wp\/v2\/types\/product"}],"wp:featuredmedia":[{"embeddable":true,"href":"https:\/\/www.claret.cat\/es\/wp-json\/wp\/v2\/media\/1090192"}],"wp:attachment":[{"href":"https:\/\/www.claret.cat\/es\/wp-json\/wp\/v2\/media?parent=132274"}],"wp:term":[{"taxonomy":"product_brand","embeddable":true,"href":"https:\/\/www.claret.cat\/es\/wp-json\/wp\/v2\/product_brand?post=132274"},{"taxonomy":"product_cat","embeddable":true,"href":"https:\/\/www.claret.cat\/es\/wp-json\/wp\/v2\/product_cat?post=132274"},{"taxonomy":"product_tag","embeddable":true,"href":"https:\/\/www.claret.cat\/es\/wp-json\/wp\/v2\/product_tag?post=132274"}],"curies":[{"name":"wp","href":"https:\/\/api.w.org\/{rel}","templated":true}]}}