{"id":132304,"date":"2022-10-13T00:42:44","date_gmt":"2022-10-12T22:42:44","guid":{"rendered":"http:\/\/dev.claret.cat\/producte\/ahora\/"},"modified":"2023-01-28T18:35:13","modified_gmt":"2023-01-28T17:35:13","slug":"ahora-9788467056570","status":"publish","type":"product","link":"https:\/\/www.claret.cat\/es\/libro\/ahora-9788467056570\/","title":{"rendered":"\u00a1AHORA!"},"content":{"rendered":"<p>Nos enfrentamos a una situaci\u00f3n l\u00edmite, el reto es inmenso. El planeta Tierra se muere. En los \u00faltimos cuarenta a\u00f1os, m\u00e1s de cuatrocientos millones de p\u00e1jaros europeos han desaparecido, alrededor de la mitad de la poblaci\u00f3n de fauna salvaje ha muerto, la contaminaci\u00f3n mata cada a\u00f1o tres veces m\u00e1s personas que el sida, la concentraci\u00f3n de CO2 en el aire no solo ha aumentado, sino que se ha acelerado, una buena parte de la Gran Barrera de Coral est\u00e1 abocada a desaparecer, el calentamiento global llevar\u00e1 al colapso del precario equilibrio planetario, los incendios forestales se han multiplicado por 4,5 en las \u00faltimas d\u00e9cadas El futuro est\u00e1 en peligro. Hay que hacer algo ya. \u00a1Ahora!<\/p>\n","protected":false},"excerpt":{"rendered":"<p>BARRAU, AUR\u00c9LIEN<\/p>\n","protected":false},"featured_media":132305,"template":"","meta":{"_acf_changed":false,"om_disable_all_campaigns":false,"rs_blank_template":"","rs_page_bg_color":"","slide_template_v7":"","inline_featured_image":false,"_monsterinsights_skip_tracking":false,"_monsterinsights_sitenote_active":false,"_monsterinsights_sitenote_note":"","_monsterinsights_sitenote_category":0},"product_brand":[],"product_cat":[120],"product_tag":[],"class_list":{"0":"post-132304","1":"product","2":"type-product","3":"status-publish","4":"has-post-thumbnail","6":"product_cat-politica","8":"first","9":"instock","10":"taxable","11":"shipping-taxable","12":"purchasable","13":"product-type-simple"},"acf":{"autor":"BARRAU, AUR\u00c9LIEN","codart":"846705657","libros-coleccion":"F. COLECCION","ediciones":"1","encuadernacion":"R\u00fastica","fecha_de_publicacion":"01\/09\/2019","novedad":"1","paginas":"0","subtitulo":"EL DESAF\u00cdO M\u00c1S GRANDE DE LA HISTORIA DE LA HUMANIDAD","orden":"0","portada":"0","idioma":"spa","editorial":[{"ID":148114,"post_author":"3","post_date":"2022-10-14 11:55:45","post_date_gmt":"2022-10-14 09:55:45","post_content":"","post_title":"Espasa","post_excerpt":"","post_status":"publish","comment_status":"closed","ping_status":"closed","post_password":"","post_name":"espasa","to_ping":"","pinged":"","post_modified":"2022-10-14 11:55:45","post_modified_gmt":"2022-10-14 09:55:45","post_content_filtered":"","post_parent":0,"guid":"http:\/\/dev.claret.cat\/editorial\/espasa\/","menu_order":0,"post_type":"editorial","post_mime_type":"","comment_count":"0","filter":"raw"}],"autores-libros":[{"ID":151247,"post_author":"3","post_date":"2022-10-14 14:39:22","post_date_gmt":"2022-10-14 12:39:22","post_content":"","post_title":"AUR\u00c9LIEN BARRAU","post_excerpt":"","post_status":"publish","comment_status":"closed","ping_status":"closed","post_password":"","post_name":"aurelien-barrau","to_ping":"","pinged":"","post_modified":"2022-10-14 14:39:22","post_modified_gmt":"2022-10-14 12:39:22","post_content_filtered":"","post_parent":0,"guid":"http:\/\/dev.claret.cat\/autor\/aurelien-barrau\/","menu_order":0,"post_type":"autor","post_mime_type":"","comment_count":"0","filter":"raw"}]},"aioseo_notices":[],"_links":{"self":[{"href":"https:\/\/www.claret.cat\/es\/wp-json\/wp\/v2\/product\/132304","targetHints":{"allow":["GET"]}}],"collection":[{"href":"https:\/\/www.claret.cat\/es\/wp-json\/wp\/v2\/product"}],"about":[{"href":"https:\/\/www.claret.cat\/es\/wp-json\/wp\/v2\/types\/product"}],"wp:featuredmedia":[{"embeddable":true,"href":"https:\/\/www.claret.cat\/es\/wp-json\/wp\/v2\/media\/132305"}],"wp:attachment":[{"href":"https:\/\/www.claret.cat\/es\/wp-json\/wp\/v2\/media?parent=132304"}],"wp:term":[{"taxonomy":"product_brand","embeddable":true,"href":"https:\/\/www.claret.cat\/es\/wp-json\/wp\/v2\/product_brand?post=132304"},{"taxonomy":"product_cat","embeddable":true,"href":"https:\/\/www.claret.cat\/es\/wp-json\/wp\/v2\/product_cat?post=132304"},{"taxonomy":"product_tag","embeddable":true,"href":"https:\/\/www.claret.cat\/es\/wp-json\/wp\/v2\/product_tag?post=132304"}],"curies":[{"name":"wp","href":"https:\/\/api.w.org\/{rel}","templated":true}]}}