{"id":13231,"date":"2022-10-01T22:09:17","date_gmt":"2022-10-01T20:09:17","guid":{"rendered":"http:\/\/dev.claret.cat\/producte\/todos-nosotros\/"},"modified":"2023-01-28T11:26:35","modified_gmt":"2023-01-28T10:26:35","slug":"todos-nosotros-9788433980250","status":"publish","type":"product","link":"https:\/\/www.claret.cat\/es\/libro\/todos-nosotros-9788433980250\/","title":{"rendered":"TODOS NOSOTROS"},"content":{"rendered":"<p>En poco m\u00e1s de diez a\u00f1os de intenso trabajo literario, los que van desde que dej\u00f3 atr\u00e1s el alcoholismo hasta su temprana muerte, Raymond Carver forj\u00f3 una obra de primer\u00edsima magnitud. Sus cuentos fueron celebrados internacionalmente y le valieron el calificativo de \u00abCh\u00e9jov americano\u00bb, pero, en paralelo a esa carrera como narrador, a lo largo de los a\u00f1os ochenta del pasado siglo tambi\u00e9n fue escribiendo varios poemarios.<br \/> De hecho, \u00e9l mismo dijo: \u00abEmpec\u00e9 como poeta. Lo primero que publiqu\u00e9 fue un poema. De modo que supongo que me gustar\u00eda que en mi l\u00e1pida pusiese Poeta, cuentista y ocasional ensayista, en ese orden.\u00bb Y es que los poemarios de Carver aqu\u00ed reunidos cinco libros, tres publicados en vida, uno p\u00f3stumo y un quinto que reun\u00eda sus in\u00e9ditos permiten constatar que su poes\u00eda no fue ni mucho menos un ejercicio menor, un capricho, una producci\u00f3n subsidiaria o marginal. Sus versos forman parte sustancial de su corpus literario, y no solo ayudan a construir un retrato completo de quien los escribi\u00f3, sino que son un complemento imprescindible para cualquier lector de sus cuentos.<br \/> Los m\u00e1s de trescientos poemas de este volumen que incorpora un emotivo pr\u00f3logo de su viuda, la escritora Tess Gallagher est\u00e1n arraigados a la vida, a lo cotidiano, y demuestran que Carver no fue solo un narrador superdotado, sino tambi\u00e9n un poeta profundo y emocionante, que sab\u00eda explorar los instantes de felicidad o desolaci\u00f3n, las flaquezas y la dignidad de los seres humanos, las escurridizas epifan\u00edas que asoman en las vidas m\u00e1s anodinas. Sus versos atrapan la intimidad sin pompa ni excesos ret\u00f3ricos, y muestran una emp\u00e1tica capacidad de comprensi\u00f3n hacia sus semejantes que lo conecta con su amado Ch\u00e9jov.<\/p>\n","protected":false},"excerpt":{"rendered":"<p>CARVER, RAYMOND<\/p>\n","protected":false},"featured_media":68518,"template":"","meta":{"_acf_changed":false,"om_disable_all_campaigns":false,"rs_blank_template":"","rs_page_bg_color":"","slide_template_v7":"","inline_featured_image":false,"_monsterinsights_skip_tracking":false,"_monsterinsights_sitenote_active":false,"_monsterinsights_sitenote_note":"","_monsterinsights_sitenote_category":0},"product_brand":[],"product_cat":[121],"product_tag":[],"class_list":{"0":"post-13231","1":"product","2":"type-product","3":"status-publish","4":"has-post-thumbnail","6":"product_cat-poesia","8":"first","9":"instock","10":"taxable","11":"shipping-taxable","12":"purchasable","13":"product-type-simple"},"acf":{"autor":"CARVER, RAYMOND","codart":"843398025","libros-coleccion":"Panorama de narrativas","ediciones":"1","encuadernacion":"R\u00fastica","fecha_de_publicacion":"01\/02\/2019","novedad":"1","paginas":"0","subtitulo":"POES\u00cdA COMPLETA","orden":"0","portada":"0","idioma":"spa","editorial":[{"ID":6219,"post_author":"3","post_date":"2022-07-28 17:47:26","post_date_gmt":"2022-07-28 15:47:26","post_content":"","post_title":"Editorial Anagrama S.A.","post_excerpt":"","post_status":"publish","comment_status":"closed","ping_status":"closed","post_password":"","post_name":"editorial-anagrama-s-a","to_ping":"","pinged":"","post_modified":"2022-07-28 17:47:26","post_modified_gmt":"2022-07-28 15:47:26","post_content_filtered":"","post_parent":0,"guid":"http:\/\/dev.claret.cat\/editorial\/editorial-anagrama-s-a\/","menu_order":0,"post_type":"editorial","post_mime_type":"","comment_count":"0","filter":"raw"}],"autores-libros":[{"ID":167883,"post_author":"3","post_date":"2022-10-14 18:14:46","post_date_gmt":"2022-10-14 16:14:46","post_content":"","post_title":"RAYMOND CARVER","post_excerpt":"","post_status":"publish","comment_status":"closed","ping_status":"closed","post_password":"","post_name":"raymond-carver","to_ping":"","pinged":"","post_modified":"2022-10-14 18:14:46","post_modified_gmt":"2022-10-14 16:14:46","post_content_filtered":"","post_parent":0,"guid":"http:\/\/dev.claret.cat\/autor\/raymond-carver\/","menu_order":0,"post_type":"autor","post_mime_type":"","comment_count":"0","filter":"raw"}]},"aioseo_notices":[],"_links":{"self":[{"href":"https:\/\/www.claret.cat\/es\/wp-json\/wp\/v2\/product\/13231","targetHints":{"allow":["GET"]}}],"collection":[{"href":"https:\/\/www.claret.cat\/es\/wp-json\/wp\/v2\/product"}],"about":[{"href":"https:\/\/www.claret.cat\/es\/wp-json\/wp\/v2\/types\/product"}],"wp:featuredmedia":[{"embeddable":true,"href":"https:\/\/www.claret.cat\/es\/wp-json\/wp\/v2\/media\/68518"}],"wp:attachment":[{"href":"https:\/\/www.claret.cat\/es\/wp-json\/wp\/v2\/media?parent=13231"}],"wp:term":[{"taxonomy":"product_brand","embeddable":true,"href":"https:\/\/www.claret.cat\/es\/wp-json\/wp\/v2\/product_brand?post=13231"},{"taxonomy":"product_cat","embeddable":true,"href":"https:\/\/www.claret.cat\/es\/wp-json\/wp\/v2\/product_cat?post=13231"},{"taxonomy":"product_tag","embeddable":true,"href":"https:\/\/www.claret.cat\/es\/wp-json\/wp\/v2\/product_tag?post=13231"}],"curies":[{"name":"wp","href":"https:\/\/api.w.org\/{rel}","templated":true}]}}