{"id":132421,"date":"2022-10-13T00:44:27","date_gmt":"2022-10-12T22:44:27","guid":{"rendered":"http:\/\/dev.claret.cat\/producte\/el-pequeno-libro-de-la-mala-leche\/"},"modified":"2025-01-30T19:11:28","modified_gmt":"2025-01-30T18:11:28","slug":"el-pequeno-libro-de-la-mala-leche-9788401023323","status":"publish","type":"product","link":"https:\/\/www.claret.cat\/es\/libro\/el-pequeno-libro-de-la-mala-leche-9788401023323\/","title":{"rendered":"EL PEQUE\u00d1O LIBRO DE LA MALA LECHE"},"content":{"rendered":"<p>Saca lo peor de ti con el libro de actividades para adultos m\u00e1s cat\u00e1rtico que existe. \u00bfEst\u00e1s harto de tener que ser positivo? \u00bfNo puedes m\u00e1s con el  \u00abbuenrollismo\u00bb que te rodea? A veces no estar\u00eda nada mal poder quejarse  a gusto del tr\u00e1fico, del aire acondicionado y de la calefacci\u00f3n de la  oficina, de todo lo malo que pasa en el mundo y de la gente insoportable  que te da la tabarra sin descanso, \u00bfverdad? \u00bfNo ser\u00eda de lo m\u00e1s  liberador? Pues bien, por fin ha nacido el libro de actividades que va a permit\u00edrtelo. El peque\u00f1o libro de la mala leche es un irreverente manual  creativo para canalizar todas esas vibraciones negativas, que dejar\u00e1 v\u00eda  libre al gru\u00f1\u00f3n que reside en lo m\u00e1s profundo (o no) de tu ser. Desah\u00f3gate rellenando sus p\u00e1ginas con ejercicios como: &#8211; Enumera los defectos de tu pareja, tu jefe\/a, tus hijos, tus padres y tus amigos. &#8211; \u00bfQu\u00e9 va mal en tu vida? \u00bfQui\u00e9n tiene la culpa? &#8211; Haz una lista de gente m\u00e1s incompetente que t\u00fa, pero a la que la vida le va mejor que a ti. &#8211; Escribe una nota enfurecida a tu vecino\/a tocapelotas, tu ex o a un profesor de quien a\u00fan tengas malos recuerdos. &#8211; Haz una lista de situaciones en las que no se te ocurri\u00f3 una respuesta ingeniosa hasta que ya era demasiado tarde. &#8211; Colorea mandalas que nada tienen que ver con las flores y las mariposas habituales. IMPORTANTE:<br \/>Puesto que las actividades de este libro te animan a portarte mal, muy  mal, aseg\u00farate de que lo tienes a buen recaudo. Imag\u00ednate lo que ocurrir\u00eda si cayera en las manos equivocadas \ud83d\ude09<\/p>\n","protected":false},"excerpt":{"rendered":"<p>SONNINEN, LOTTA<\/p>\n","protected":false},"featured_media":132422,"template":"","meta":{"_acf_changed":false,"om_disable_all_campaigns":false,"rs_blank_template":"","rs_page_bg_color":"","slide_template_v7":"","inline_featured_image":false,"_monsterinsights_skip_tracking":false,"_monsterinsights_sitenote_active":false,"_monsterinsights_sitenote_note":"","_monsterinsights_sitenote_category":0},"product_brand":[],"product_cat":[552,102,105,555],"product_tag":[],"class_list":{"0":"post-132421","1":"product","2":"type-product","3":"status-publish","4":"has-post-thumbnail","6":"product_cat-calendarios-y-agendas","7":"product_cat-calendaris-i-agendes","8":"product_cat-regal","9":"product_cat-regalo","11":"first","12":"instock","13":"taxable","14":"shipping-taxable","15":"purchasable","16":"product-type-simple"},"acf":{"editorial":[{"ID":6110,"post_author":"3","post_date":"2022-07-28 17:43:46","post_date_gmt":"2022-07-28 15:43:46","post_content":"","post_title":"(516).GRATA","post_excerpt":"","post_status":"publish","comment_status":"closed","ping_status":"closed","post_password":"","post_name":"516-grata","to_ping":"","pinged":"","post_modified":"2022-07-28 17:43:46","post_modified_gmt":"2022-07-28 15:43:46","post_content_filtered":"","post_parent":0,"guid":"http:\/\/dev.claret.cat\/editorial\/516-grata\/","menu_order":0,"post_type":"editorial","post_mime_type":"","comment_count":"0","filter":"raw"}],"autores-libros":[{"ID":162512,"post_author":"3","post_date":"2022-10-14 17:31:36","post_date_gmt":"2022-10-14 15:31:36","post_content":"","post_title":"LOTTA SONNINEN","post_excerpt":"","post_status":"publish","comment_status":"closed","ping_status":"closed","post_password":"","post_name":"lotta-sonninen","to_ping":"","pinged":"","post_modified":"2022-10-14 17:31:36","post_modified_gmt":"2022-10-14 15:31:36","post_content_filtered":"","post_parent":0,"guid":"http:\/\/dev.claret.cat\/autor\/lotta-sonninen\/","menu_order":0,"post_type":"autor","post_mime_type":"","comment_count":"0","filter":"raw"}],"autor":"SONNINEN, LOTTA","codart":"840102332","libros-coleccion":"OBRAS DIVERSAS","ediciones":"1","encuadernacion":"R\u00fastica","fecha_de_publicacion":"01\/09\/2019","novedad":"1","paginas":"105","subtitulo":"","orden":"0","portada":"0","idioma":"spa"},"aioseo_notices":[],"_links":{"self":[{"href":"https:\/\/www.claret.cat\/es\/wp-json\/wp\/v2\/product\/132421","targetHints":{"allow":["GET"]}}],"collection":[{"href":"https:\/\/www.claret.cat\/es\/wp-json\/wp\/v2\/product"}],"about":[{"href":"https:\/\/www.claret.cat\/es\/wp-json\/wp\/v2\/types\/product"}],"wp:featuredmedia":[{"embeddable":true,"href":"https:\/\/www.claret.cat\/es\/wp-json\/wp\/v2\/media\/132422"}],"wp:attachment":[{"href":"https:\/\/www.claret.cat\/es\/wp-json\/wp\/v2\/media?parent=132421"}],"wp:term":[{"taxonomy":"product_brand","embeddable":true,"href":"https:\/\/www.claret.cat\/es\/wp-json\/wp\/v2\/product_brand?post=132421"},{"taxonomy":"product_cat","embeddable":true,"href":"https:\/\/www.claret.cat\/es\/wp-json\/wp\/v2\/product_cat?post=132421"},{"taxonomy":"product_tag","embeddable":true,"href":"https:\/\/www.claret.cat\/es\/wp-json\/wp\/v2\/product_tag?post=132421"}],"curies":[{"name":"wp","href":"https:\/\/api.w.org\/{rel}","templated":true}]}}