{"id":132436,"date":"2022-10-13T00:44:41","date_gmt":"2022-10-12T22:44:41","guid":{"rendered":"http:\/\/dev.claret.cat\/producte\/la-polaroid\/"},"modified":"2023-12-13T13:55:52","modified_gmt":"2023-12-13T12:55:52","slug":"la-polaroid-9788417627881","status":"publish","type":"product","link":"https:\/\/www.claret.cat\/es\/libro\/la-polaroid-9788417627881\/","title":{"rendered":"LA POLAROID"},"content":{"rendered":"<p>Hist\u00f2ries personals entrella\u00e7ades, personatges que et sorprendran. La Polaroid s\u00f3n tretze hist\u00f2ries entrella\u00e7ades les unes amb les  altres a trav\u00e9s de personatges tan normals com especials que parlen de  l&#8217;excepcionalitat de les coses quotidianes i de la universalitat de la  intimitat. Contes curts i intensos que no deixaran cap lector  indiferent, sagetes que arriben directes al cor per despertar tots els sentits. Despr\u00e9s de l&#8217;\u00e8xit de Tots els noms del desig i de 22 homes i un desig, Marta Romagosa torna a la narrativa catalana amb una nova  selecci\u00f3 de relats intimistes, escrits per ser explicats, quasi sempre  amb una sorpresa argumental i amb la particular veu narrativa de l&#8217;autora.<\/p>\n","protected":false},"excerpt":{"rendered":"<p>ROMAGOSA, MARTA<\/p>\n","protected":false},"featured_media":132437,"template":"","meta":{"_acf_changed":false,"om_disable_all_campaigns":false,"rs_blank_template":"","rs_page_bg_color":"","slide_template_v7":"","inline_featured_image":false,"_monsterinsights_skip_tracking":false,"_monsterinsights_sitenote_active":false,"_monsterinsights_sitenote_note":"","_monsterinsights_sitenote_category":0},"product_brand":[],"product_cat":[127,357],"product_tag":[],"class_list":{"0":"post-132436","1":"product","2":"type-product","3":"status-publish","4":"has-post-thumbnail","6":"product_cat-novella-contemporania","7":"product_cat-novela-contemporanea","9":"first","10":"instock","11":"taxable","12":"shipping-taxable","13":"purchasable","14":"product-type-simple"},"acf":{"editorial":[{"ID":6350,"post_author":"3","post_date":"2022-07-28 17:50:18","post_date_gmt":"2022-07-28 15:50:18","post_content":"","post_title":"ROSA DELS VENTS","post_excerpt":"","post_status":"publish","comment_status":"closed","ping_status":"closed","post_password":"","post_name":"rosa-dels-vents","to_ping":"","pinged":"","post_modified":"2022-07-28 17:50:18","post_modified_gmt":"2022-07-28 15:50:18","post_content_filtered":"","post_parent":0,"guid":"http:\/\/dev.claret.cat\/editorial\/rosa-dels-vents\/","menu_order":0,"post_type":"editorial","post_mime_type":"","comment_count":"0","filter":"raw"}],"autor":"ROMAGOSA, MARTA","codart":"841762788","libros-coleccion":"Narrativa","ediciones":"1","encuadernacion":"R\u00fastica","fecha_de_publicacion":"01\/09\/2019","novedad":"1","paginas":"154","subtitulo":"I ALTRES RELATS","orden":"0","portada":"0","idioma":"cat","autores-libros":[{"ID":164212,"post_author":"3","post_date":"2022-10-14 17:45:16","post_date_gmt":"2022-10-14 15:45:16","post_content":"","post_title":"MARTA ROMAGOSA","post_excerpt":"","post_status":"publish","comment_status":"closed","ping_status":"closed","post_password":"","post_name":"marta-romagosa","to_ping":"","pinged":"","post_modified":"2022-10-14 17:45:16","post_modified_gmt":"2022-10-14 15:45:16","post_content_filtered":"","post_parent":0,"guid":"http:\/\/dev.claret.cat\/autor\/marta-romagosa\/","menu_order":0,"post_type":"autor","post_mime_type":"","comment_count":"0","filter":"raw"}]},"aioseo_notices":[],"_links":{"self":[{"href":"https:\/\/www.claret.cat\/es\/wp-json\/wp\/v2\/product\/132436","targetHints":{"allow":["GET"]}}],"collection":[{"href":"https:\/\/www.claret.cat\/es\/wp-json\/wp\/v2\/product"}],"about":[{"href":"https:\/\/www.claret.cat\/es\/wp-json\/wp\/v2\/types\/product"}],"wp:featuredmedia":[{"embeddable":true,"href":"https:\/\/www.claret.cat\/es\/wp-json\/wp\/v2\/media\/132437"}],"wp:attachment":[{"href":"https:\/\/www.claret.cat\/es\/wp-json\/wp\/v2\/media?parent=132436"}],"wp:term":[{"taxonomy":"product_brand","embeddable":true,"href":"https:\/\/www.claret.cat\/es\/wp-json\/wp\/v2\/product_brand?post=132436"},{"taxonomy":"product_cat","embeddable":true,"href":"https:\/\/www.claret.cat\/es\/wp-json\/wp\/v2\/product_cat?post=132436"},{"taxonomy":"product_tag","embeddable":true,"href":"https:\/\/www.claret.cat\/es\/wp-json\/wp\/v2\/product_tag?post=132436"}],"curies":[{"name":"wp","href":"https:\/\/api.w.org\/{rel}","templated":true}]}}