{"id":132460,"date":"2022-10-13T00:45:04","date_gmt":"2022-10-12T22:45:04","guid":{"rendered":"http:\/\/dev.claret.cat\/producte\/la-paciente-silenciosa-2\/"},"modified":"2025-05-12T11:41:37","modified_gmt":"2025-05-12T09:41:37","slug":"la-paciente-silenciosa-9788420435503","status":"publish","type":"product","link":"https:\/\/www.claret.cat\/es\/libro\/la-paciente-silenciosa-9788420435503\/","title":{"rendered":"LA PACIENTE SILENCIOSA"},"content":{"rendered":"<p>\u00abEl thriller perfecto\u00bb (seg\u00fan A.J. Finn, autor de La mujer en la ventana) que est\u00e1  conmocionando a treinta y siete pa\u00edses y cuyos derechos han sido  comprados para una adaptaci\u00f3n cinematogr\u00e1fica producida por Brad Pitt. SOLO ELLA SABE LO QUE SUCEDI\u00d3.<br \/>SOLO YO PUEDO HACERLA HABLAR. Alicia Berenson, una pintora de \u00e9xito, dispara cinco tiros en la cabeza  de su marido, y no vuelve a hablar nunca m\u00e1s. Su negativa a emitir  palabra alguna convierte una tragedia dom\u00e9stica en un misterio que atrapa la imaginaci\u00f3n de toda Inglaterra. Theo Faber, un ambicioso psicoterapeuta forense obsesionado con el caso,  est\u00e1 empe\u00f1ado en desentra\u00f1ar el misterio de lo que ocurri\u00f3 aquella noche  fatal y consigue una plaza en The Grove, la unidad de seguridad en el  norte de Londres a la que Alicia fue enviada hace seis a\u00f1os y en la que  sigue obstinada en su silencio. Pronto descubre que el mutismo de la  paciente est\u00e1 mucho m\u00e1s enraizado de lo que pensaba. Pero, si al final hablara, \u00bfestar\u00eda dispuesto a escuchar la verdad? La cr\u00edtica ha dicho&#8230;<br \/>\u00abUn impresionante thriller literario con un final digno de un cl\u00e1sico.\u00bb<br \/>The Wall Street Journal \u00abEl thriller perfecto. Esta extraordinaria novela hizo que me  hirviera la sangre, literalmente no pude dejar de leerla. Me sumerg\u00ed en  la lectura y, once horas despu\u00e9s, a las 5:47 h de la madrugada, lo termin\u00e9 absolutamente deslumbrado.\u00bb<br \/>A.J. Finn (autor de La mujer en la ventana) \u00abUn thriller inolvidable. Una mezcla de suspense hitchcockiano, complot de Agatha Christie y tragedia griega.\u00bb<br \/>Entertainment Weekly \u00abAbsolutamente brillante.\u00bb<br \/>Stephen Fry \u00abMagn\u00edfico. Este thriller psicol\u00f3gico intrigante y finamente  hilado coloca a Michaelides entre los mejores escritores del g\u00e9nero.\u00bb<br \/>Publisher&#8221;s Weekly \u00abInteligente, imaginativo, excelente.\u00bb<br \/>The Times (Mejor Libro del Mes) \u00abUn debut con el ritmo y la agudeza de un verdadero maestro.\u00bb<br \/>BBC Culture \u00abUna novela tensa, meticulosamente trazada y convincente.\u00bb<br \/>The Observer \u00abOscuroa, tensa y de lectura compulsiva.\u00bb<br \/>Library Journal \u00abImposible dejar de leerlo, escalofriante e intenso, con un toque que  har\u00e1 que incluso el lector de suspense m\u00e1s experimentado se ponga a sudar fr\u00edo.\u00bb<br \/>Booklist<\/p>\n","protected":false},"excerpt":{"rendered":"<p>MICHAELIDES, ALEX<\/p>\n","protected":false},"featured_media":132461,"template":"","meta":{"_acf_changed":false,"om_disable_all_campaigns":false,"rs_blank_template":"","rs_page_bg_color":"","slide_template_v7":"","inline_featured_image":false,"_monsterinsights_skip_tracking":false,"_monsterinsights_sitenote_active":false,"_monsterinsights_sitenote_note":"","_monsterinsights_sitenote_category":0},"product_brand":[],"product_cat":[127,357],"product_tag":[],"class_list":{"0":"post-132460","1":"product","2":"type-product","3":"status-publish","4":"has-post-thumbnail","6":"product_cat-novella-contemporania","7":"product_cat-novela-contemporanea","9":"first","10":"instock","11":"taxable","12":"shipping-taxable","13":"purchasable","14":"product-type-simple"},"acf":{"editorial":[{"ID":6118,"post_author":"3","post_date":"2022-07-28 17:45:17","post_date_gmt":"2022-07-28 15:45:17","post_content":"","post_title":"ALFAGUARA","post_excerpt":"","post_status":"publish","comment_status":"closed","ping_status":"closed","post_password":"","post_name":"alfaguara","to_ping":"","pinged":"","post_modified":"2022-07-28 17:45:17","post_modified_gmt":"2022-07-28 15:45:17","post_content_filtered":"","post_parent":0,"guid":"http:\/\/dev.claret.cat\/editorial\/alfaguara\/","menu_order":0,"post_type":"editorial","post_mime_type":"","comment_count":"0","filter":"raw"}],"autor":"MICHAELIDES, ALEX","codart":"842043550","libros-coleccion":"ALFAGUARA NEGRA","ediciones":"1","encuadernacion":"R\u00fastica","fecha_de_publicacion":"01\/09\/2019","novedad":"1","paginas":"375","subtitulo":"","orden":"0","portada":"0","idioma":"spa","autores-libros":[{"ID":149655,"post_author":"3","post_date":"2022-10-14 14:26:39","post_date_gmt":"2022-10-14 12:26:39","post_content":"","post_title":"ALEX MICHAELIDES","post_excerpt":"","post_status":"publish","comment_status":"closed","ping_status":"closed","post_password":"","post_name":"alex-michaelides","to_ping":"","pinged":"","post_modified":"2022-10-14 14:26:39","post_modified_gmt":"2022-10-14 12:26:39","post_content_filtered":"","post_parent":0,"guid":"http:\/\/dev.claret.cat\/autor\/alex-michaelides\/","menu_order":0,"post_type":"autor","post_mime_type":"","comment_count":"0","filter":"raw"}],"booktrailer":"","resenas":""},"aioseo_notices":[],"_links":{"self":[{"href":"https:\/\/www.claret.cat\/es\/wp-json\/wp\/v2\/product\/132460","targetHints":{"allow":["GET"]}}],"collection":[{"href":"https:\/\/www.claret.cat\/es\/wp-json\/wp\/v2\/product"}],"about":[{"href":"https:\/\/www.claret.cat\/es\/wp-json\/wp\/v2\/types\/product"}],"wp:featuredmedia":[{"embeddable":true,"href":"https:\/\/www.claret.cat\/es\/wp-json\/wp\/v2\/media\/132461"}],"wp:attachment":[{"href":"https:\/\/www.claret.cat\/es\/wp-json\/wp\/v2\/media?parent=132460"}],"wp:term":[{"taxonomy":"product_brand","embeddable":true,"href":"https:\/\/www.claret.cat\/es\/wp-json\/wp\/v2\/product_brand?post=132460"},{"taxonomy":"product_cat","embeddable":true,"href":"https:\/\/www.claret.cat\/es\/wp-json\/wp\/v2\/product_cat?post=132460"},{"taxonomy":"product_tag","embeddable":true,"href":"https:\/\/www.claret.cat\/es\/wp-json\/wp\/v2\/product_tag?post=132460"}],"curies":[{"name":"wp","href":"https:\/\/api.w.org\/{rel}","templated":true}]}}