{"id":132463,"date":"2022-10-13T00:45:07","date_gmt":"2022-10-12T22:45:07","guid":{"rendered":"http:\/\/dev.claret.cat\/producte\/la-danza-de-los-tulipanes\/"},"modified":"2025-01-30T19:12:50","modified_gmt":"2025-01-30T18:12:50","slug":"la-danza-de-los-tulipanes-9788401022715","status":"publish","type":"product","link":"https:\/\/www.claret.cat\/es\/libro\/la-danza-de-los-tulipanes-9788401022715\/","title":{"rendered":"LA DANZA DE LOS TULIPANES"},"content":{"rendered":"<p>La flor m\u00e1s bella puede inspirar los cr\u00edmenes m\u00e1s atroces.  Un thriller perfecto que consagra a Ibon Mart\u00edn como el maestro vasco del suspense. La periodista m\u00e1s popular de Gernika es arrollada por el tren que cubre  la l\u00ednea de Urdaibai. La v\u00edctima ha sido fijada a la v\u00eda con un delicado  tulip\u00e1n entre sus manos. La flor, de un intenso y brillante rojo, es tan  hermosa como dif\u00edcil de encontrar en pleno oto\u00f1o. La escena,  cuidadosamente preparada, ha sido retransmitida en directo a trav\u00e9s de Facebook. La danza de los tulipanes nos sumerge en la r\u00eda de Urdaibai, un  lugar m\u00e1gico donde el mar y la tierra se abrazan al comp\u00e1s de  las  mareas que mecen las tranquilas vidas de sus habitantes, que se ven repentinamente sacudidas por la brutal irrupci\u00f3n de un asesino complejo e inteligente, capaz de rivalizar con los ritmos de la  naturaleza que desde siempre han gobernado la comarca. _____________ \u00abEl albornoz cae en las escaleras talladas en la roca. El aire fr\u00edo de  la noche oto\u00f1al envuelve a Julia en el acto, acarici\u00e1ndole cada  cent\u00edmetro de su piel desnuda. Desciende un pelda\u00f1o y despu\u00e9s otro, y  otro m\u00e1s, hasta que el mar se abraza a sus tobillos. Est\u00e1 helado, m\u00e1s  que la v\u00edspera. Y todav\u00eda quedan por delante varios meses de descenso  t\u00e9rmico, hasta alcanzar los ocho o nueve grados a primeros de marzo. \u00bbNo importa. Es precisamente lo que busca. Necesita sentirse parte de la  naturaleza, reconciliarse con el mundo, olvidar los horrores a los que  su trabajo la enfrenta cada d\u00eda. Contin\u00faa descendiendo escalones hasta  que el agua le alcanza la cintura. Entonces respira con fuerza y se lanza al Cant\u00e1brico. \u00bbUnas \u00e1giles brazadas la alejan de la cala rocosa. El vaiv\u00e9n del mar es  mayor all\u00e1 fuera, sin la protecci\u00f3n que brindan las rocas. Sigue nadando, dejando atr\u00e1s la costa y adentr\u00e1ndose en la oscuridad.\u00bb Rese\u00f1as:<br \/>\u00abLa Danza de los Tulipanes es un thriller sobresaliente que engancha desde la primera p\u00e1gina. Un misterio, un asesino en serie, unos personajes muy carism\u00e1ticos y una trama muy bien  hilada, dura y sobrecogedora.\u00bb<br \/>Blog Sue\u00f1os entre letras \u00abLa Danza de los Tulipanes es una novela que necesitaba mucho aunque no lo supiera [&#8230;] hac\u00eda tiempo que no le\u00eda un thriller  que me gustase tanto, que me hiciera pensar.\u00bb<br \/>Blog Hojas de Vainilla<\/p>\n","protected":false},"excerpt":{"rendered":"<p>MART\u00cdN, IBON<\/p>\n","protected":false},"featured_media":132464,"template":"","meta":{"_acf_changed":false,"om_disable_all_campaigns":false,"rs_blank_template":"","rs_page_bg_color":"","slide_template_v7":"","inline_featured_image":false,"_monsterinsights_skip_tracking":false,"_monsterinsights_sitenote_active":false,"_monsterinsights_sitenote_note":"","_monsterinsights_sitenote_category":0},"product_brand":[],"product_cat":[127,357],"product_tag":[],"class_list":{"0":"post-132463","1":"product","2":"type-product","3":"status-publish","4":"has-post-thumbnail","6":"product_cat-novella-contemporania","7":"product_cat-novela-contemporanea","9":"first","10":"instock","11":"taxable","12":"shipping-taxable","13":"purchasable","14":"product-type-simple"},"acf":{"editorial":[{"ID":6110,"post_author":"3","post_date":"2022-07-28 17:43:46","post_date_gmt":"2022-07-28 15:43:46","post_content":"","post_title":"(516).GRATA","post_excerpt":"","post_status":"publish","comment_status":"closed","ping_status":"closed","post_password":"","post_name":"516-grata","to_ping":"","pinged":"","post_modified":"2022-07-28 17:43:46","post_modified_gmt":"2022-07-28 15:43:46","post_content_filtered":"","post_parent":0,"guid":"http:\/\/dev.claret.cat\/editorial\/516-grata\/","menu_order":0,"post_type":"editorial","post_mime_type":"","comment_count":"0","filter":"raw"}],"autores-libros":[{"ID":157726,"post_author":"3","post_date":"2022-10-14 15:31:08","post_date_gmt":"2022-10-14 13:31:08","post_content":"","post_title":"IBON MARTIN","post_excerpt":"","post_status":"publish","comment_status":"closed","ping_status":"closed","post_password":"","post_name":"ibon-martin","to_ping":"","pinged":"","post_modified":"2022-10-14 15:31:08","post_modified_gmt":"2022-10-14 13:31:08","post_content_filtered":"","post_parent":0,"guid":"http:\/\/dev.claret.cat\/autor\/ibon-martin\/","menu_order":0,"post_type":"autor","post_mime_type":"","comment_count":"0","filter":"raw"}],"autor":"MART\u00cdN, IBON","codart":"840102271","libros-coleccion":"\u00c9XITOS","ediciones":"1","encuadernacion":"R\u00fastica","fecha_de_publicacion":"01\/09\/2019","novedad":"1","paginas":"491","subtitulo":"","orden":"0","portada":"0","idioma":"spa"},"aioseo_notices":[],"_links":{"self":[{"href":"https:\/\/www.claret.cat\/es\/wp-json\/wp\/v2\/product\/132463","targetHints":{"allow":["GET"]}}],"collection":[{"href":"https:\/\/www.claret.cat\/es\/wp-json\/wp\/v2\/product"}],"about":[{"href":"https:\/\/www.claret.cat\/es\/wp-json\/wp\/v2\/types\/product"}],"wp:featuredmedia":[{"embeddable":true,"href":"https:\/\/www.claret.cat\/es\/wp-json\/wp\/v2\/media\/132464"}],"wp:attachment":[{"href":"https:\/\/www.claret.cat\/es\/wp-json\/wp\/v2\/media?parent=132463"}],"wp:term":[{"taxonomy":"product_brand","embeddable":true,"href":"https:\/\/www.claret.cat\/es\/wp-json\/wp\/v2\/product_brand?post=132463"},{"taxonomy":"product_cat","embeddable":true,"href":"https:\/\/www.claret.cat\/es\/wp-json\/wp\/v2\/product_cat?post=132463"},{"taxonomy":"product_tag","embeddable":true,"href":"https:\/\/www.claret.cat\/es\/wp-json\/wp\/v2\/product_tag?post=132463"}],"curies":[{"name":"wp","href":"https:\/\/api.w.org\/{rel}","templated":true}]}}