{"id":132478,"date":"2022-10-13T00:45:20","date_gmt":"2022-10-12T22:45:20","guid":{"rendered":"http:\/\/dev.claret.cat\/producte\/coaching-a-jovenes-y-familias\/"},"modified":"2023-01-28T14:08:24","modified_gmt":"2023-01-28T13:08:24","slug":"coaching-a-jovenes-y-familias-9788417208882","status":"publish","type":"product","link":"https:\/\/www.claret.cat\/es\/libro\/coaching-a-jovenes-y-familias-9788417208882\/","title":{"rendered":"COACHING A J\u00d3VENES Y FAMILIAS"},"content":{"rendered":"<p>Los profesionales que acompa\u00f1an a los j\u00f3venes en su desarrollo personal y a sus familias est\u00e1n hechos de una pasta especial, ya que su vocaci\u00f3n es conseguir, a largo plazo, una sociedad mejor. Esta obra es una gu\u00eda pr\u00e1ctica que proporciona a profesores, psic\u00f3logos, pedagogos y coaches las herramientas m\u00e1s eficaces para que puedan seguir alentando a los j\u00f3venes a liberar todo su potencial. De forma estructurada, el libro incluye toda una serie de ejercicios, ejemplos reales y plantillas de trabajo que facilitan su aplicaci\u00f3n en cada caso. Una metodolog\u00eda de eficacia probada por los mismos autores que ayudar\u00e1 a crear v\u00ednculos, generar espacios de crecimiento y confianza, y solucionar los problemas m\u00e1s habituales en la educaci\u00f3n de los j\u00f3venes.<\/p>\n","protected":false},"excerpt":{"rendered":"<p>BOUTON P\u00c9REZ, LOURDES \/ VENTURA ROVIRA, CARLES<\/p>\n","protected":false},"featured_media":317750,"template":"","meta":{"_acf_changed":false,"om_disable_all_campaigns":false,"rs_blank_template":"","rs_page_bg_color":"","slide_template_v7":"","inline_featured_image":false,"_monsterinsights_skip_tracking":false,"_monsterinsights_sitenote_active":false,"_monsterinsights_sitenote_note":"","_monsterinsights_sitenote_category":0},"product_brand":[],"product_cat":[188,381],"product_tag":[],"class_list":{"0":"post-132478","1":"product","2":"type-product","3":"status-publish","4":"has-post-thumbnail","6":"product_cat-psicopedagogia","7":"product_cat-psicopedagogia-pedagogia-2_humanidades","9":"first","10":"instock","11":"taxable","12":"shipping-taxable","13":"purchasable","14":"product-type-simple"},"acf":{"autor":"BOUTON P\u00c9REZ, LOURDES \/ VENTURA ROVIRA, CARLES","codart":"841720888","libros-coleccion":"Familia y Educaci\u00f3n","ediciones":"1","encuadernacion":"R\u00fastica","fecha_de_publicacion":"01\/09\/2019","novedad":"1","paginas":"185","subtitulo":"PARA CONSTRUIR UN MA\u00d1ANA MEJOR","orden":"0","portada":"0","idioma":"spa","editorial":[{"ID":147420,"post_author":"3","post_date":"2022-10-14 11:50:26","post_date_gmt":"2022-10-14 09:50:26","post_content":"","post_title":"AMAT EDITORIAL","post_excerpt":"","post_status":"publish","comment_status":"closed","ping_status":"closed","post_password":"","post_name":"amat-editorial","to_ping":"","pinged":"","post_modified":"2022-10-14 11:50:26","post_modified_gmt":"2022-10-14 09:50:26","post_content_filtered":"","post_parent":0,"guid":"http:\/\/dev.claret.cat\/editorial\/amat-editorial\/","menu_order":0,"post_type":"editorial","post_mime_type":"","comment_count":"0","filter":"raw"}],"autores-libros":[{"ID":162538,"post_author":"3","post_date":"2022-10-14 17:31:49","post_date_gmt":"2022-10-14 15:31:49","post_content":"","post_title":"LOURDES BOUTON P\u00c9REZ","post_excerpt":"","post_status":"publish","comment_status":"closed","ping_status":"closed","post_password":"","post_name":"lourdes-bouton-perez","to_ping":"","pinged":"","post_modified":"2022-10-14 17:31:49","post_modified_gmt":"2022-10-14 15:31:49","post_content_filtered":"","post_parent":0,"guid":"http:\/\/dev.claret.cat\/autor\/lourdes-bouton-perez\/","menu_order":0,"post_type":"autor","post_mime_type":"","comment_count":"0","filter":"raw"},{"ID":152179,"post_author":"3","post_date":"2022-10-14 14:46:43","post_date_gmt":"2022-10-14 12:46:43","post_content":"","post_title":"CARLES VENTURA ROVIRA","post_excerpt":"","post_status":"publish","comment_status":"closed","ping_status":"closed","post_password":"","post_name":"carles-ventura-rovira","to_ping":"","pinged":"","post_modified":"2022-10-14 14:46:43","post_modified_gmt":"2022-10-14 12:46:43","post_content_filtered":"","post_parent":0,"guid":"http:\/\/dev.claret.cat\/autor\/carles-ventura-rovira\/","menu_order":0,"post_type":"autor","post_mime_type":"","comment_count":"0","filter":"raw"}]},"aioseo_notices":[],"_links":{"self":[{"href":"https:\/\/www.claret.cat\/es\/wp-json\/wp\/v2\/product\/132478","targetHints":{"allow":["GET"]}}],"collection":[{"href":"https:\/\/www.claret.cat\/es\/wp-json\/wp\/v2\/product"}],"about":[{"href":"https:\/\/www.claret.cat\/es\/wp-json\/wp\/v2\/types\/product"}],"wp:featuredmedia":[{"embeddable":true,"href":"https:\/\/www.claret.cat\/es\/wp-json\/wp\/v2\/media\/317750"}],"wp:attachment":[{"href":"https:\/\/www.claret.cat\/es\/wp-json\/wp\/v2\/media?parent=132478"}],"wp:term":[{"taxonomy":"product_brand","embeddable":true,"href":"https:\/\/www.claret.cat\/es\/wp-json\/wp\/v2\/product_brand?post=132478"},{"taxonomy":"product_cat","embeddable":true,"href":"https:\/\/www.claret.cat\/es\/wp-json\/wp\/v2\/product_cat?post=132478"},{"taxonomy":"product_tag","embeddable":true,"href":"https:\/\/www.claret.cat\/es\/wp-json\/wp\/v2\/product_tag?post=132478"}],"curies":[{"name":"wp","href":"https:\/\/api.w.org\/{rel}","templated":true}]}}