{"id":132550,"date":"2022-10-13T00:46:21","date_gmt":"2022-10-12T22:46:21","guid":{"rendered":"http:\/\/dev.claret.cat\/producte\/odissea-vol-i-cants-i-xii\/"},"modified":"2025-03-13T19:14:53","modified_gmt":"2025-03-13T18:14:53","slug":"odissea-vol-i-cants-ixii-9788498593136","status":"publish","type":"product","link":"https:\/\/www.claret.cat\/es\/libro\/odissea-vol-i-cants-ixii-9788498593136\/","title":{"rendered":"ODISSEA, ( VOL I) CANTS I-XII"},"content":{"rendered":"<p>Aquest volum aplega els dotze darrers cants de l\u2019Odissea que comprenen l\u2019arribada d\u2019Ulisses a \u00cdtaca, la venjan\u00e7a contra els pretendents i l\u2019emotiu retrobament amb el fill, els servents i l\u2019esposa fidel, entre d\u2019altres, en la c\u00e8lebre traducci\u00f3 po\u00e8tica que en f\u00e9u Carles Riba. El text reprodu\u00eft \u00e9s el de l\u2019edici\u00f3 d\u2019Alpha de 1953, l\u2019\u00faltima controlada directament pel poeta, al qual s\u2019han afegit les escasses correccions que el mateix traductor va anotar en un exemplar particular seu i en unes proves de tiratge no enquadernades, que actualment es troben a l\u2019Arxiu Nacional de Catalunya. L\u2019edici\u00f3 ha estat completada amb el text hom\u00e8ric en grec, establert segons els criteris filol\u00f2gics moderns.<\/p>\n","protected":false},"excerpt":{"rendered":"<p>HOMER,<\/p>\n","protected":false},"featured_media":132551,"template":"","meta":{"_acf_changed":false,"om_disable_all_campaigns":false,"rs_blank_template":"","rs_page_bg_color":"","slide_template_v7":"","inline_featured_image":false,"_monsterinsights_skip_tracking":false,"_monsterinsights_sitenote_active":false,"_monsterinsights_sitenote_note":"","_monsterinsights_sitenote_category":0},"product_brand":[],"product_cat":[83,349],"product_tag":[],"class_list":{"0":"post-132550","1":"product","2":"type-product","3":"status-publish","4":"has-post-thumbnail","6":"product_cat-filosofia","7":"product_cat-filosofia-2_humanidades","9":"first","10":"instock","11":"taxable","12":"shipping-taxable","13":"purchasable","14":"product-type-simple"},"acf":{"editorial":[{"ID":6216,"post_author":"3","post_date":"2022-07-28 17:47:22","post_date_gmt":"2022-07-28 15:47:22","post_content":"","post_title":"Editorial Alpha","post_excerpt":"","post_status":"publish","comment_status":"closed","ping_status":"closed","post_password":"","post_name":"editorial-alpha","to_ping":"","pinged":"","post_modified":"2022-07-28 17:47:22","post_modified_gmt":"2022-07-28 15:47:22","post_content_filtered":"","post_parent":0,"guid":"http:\/\/dev.claret.cat\/editorial\/editorial-alpha\/","menu_order":0,"post_type":"editorial","post_mime_type":"","comment_count":"0","filter":"raw"}],"autores-libros":[{"ID":5542,"post_author":"3","post_date":"2022-07-28 17:26:13","post_date_gmt":"2022-07-28 15:26:13","post_content":"","post_title":"HOMER","post_excerpt":"","post_status":"publish","comment_status":"closed","ping_status":"closed","post_password":"","post_name":"homer","to_ping":"","pinged":"","post_modified":"2022-07-28 17:26:13","post_modified_gmt":"2022-07-28 15:26:13","post_content_filtered":"","post_parent":0,"guid":"http:\/\/dev.claret.cat\/autor\/homer\/","menu_order":0,"post_type":"autor","post_mime_type":"","comment_count":"0","filter":"raw"}],"autor":"HOMER,","codart":"849859313","libros-coleccion":"BERNAT METGE ESSENCIAL","ediciones":"1","encuadernacion":"R\u00fastica","fecha_de_publicacion":"01\/09\/2019","novedad":"1","paginas":"380","subtitulo":"","orden":"0","portada":"0","idioma":"cat"},"aioseo_notices":[],"_links":{"self":[{"href":"https:\/\/www.claret.cat\/es\/wp-json\/wp\/v2\/product\/132550","targetHints":{"allow":["GET"]}}],"collection":[{"href":"https:\/\/www.claret.cat\/es\/wp-json\/wp\/v2\/product"}],"about":[{"href":"https:\/\/www.claret.cat\/es\/wp-json\/wp\/v2\/types\/product"}],"wp:featuredmedia":[{"embeddable":true,"href":"https:\/\/www.claret.cat\/es\/wp-json\/wp\/v2\/media\/132551"}],"wp:attachment":[{"href":"https:\/\/www.claret.cat\/es\/wp-json\/wp\/v2\/media?parent=132550"}],"wp:term":[{"taxonomy":"product_brand","embeddable":true,"href":"https:\/\/www.claret.cat\/es\/wp-json\/wp\/v2\/product_brand?post=132550"},{"taxonomy":"product_cat","embeddable":true,"href":"https:\/\/www.claret.cat\/es\/wp-json\/wp\/v2\/product_cat?post=132550"},{"taxonomy":"product_tag","embeddable":true,"href":"https:\/\/www.claret.cat\/es\/wp-json\/wp\/v2\/product_tag?post=132550"}],"curies":[{"name":"wp","href":"https:\/\/api.w.org\/{rel}","templated":true}]}}