{"id":132583,"date":"2022-10-13T00:46:51","date_gmt":"2022-10-12T22:46:51","guid":{"rendered":"http:\/\/dev.claret.cat\/producte\/expresion-oral-y-escrita\/"},"modified":"2026-01-19T12:06:42","modified_gmt":"2026-01-19T11:06:42","slug":"expresion-oral-y-escrita-9788431334079","status":"publish","type":"product","link":"https:\/\/www.claret.cat\/es\/libro\/expresion-oral-y-escrita-9788431334079\/","title":{"rendered":"EXPRESI\u00d3N ORAL Y ESCRITA"},"content":{"rendered":"<p>Correos electr\u00f3nicos, ensayos, rese\u00f1as, debates, exposiciones orales Los alumnos universitarios deben dominar una amplia variedad de textos, tanto escritos como orales. Para ayudarles en este prop\u00f3sito, se ha preparado este manual, en cuyas p\u00e1ginas y a<br \/> trav\u00e9s de fragmentos textuales relacionados con el \u00e1mbito educativo se presentan de forma sencilla y clara las claves para aprender a elaborarlos.<\/p>\n","protected":false},"excerpt":{"rendered":"<p>ZU\u00d1IGA LACRUZ, ANA<\/p>\n","protected":false},"featured_media":132584,"template":"","meta":{"_acf_changed":false,"om_disable_all_campaigns":false,"rs_blank_template":"","rs_page_bg_color":"","slide_template_v7":"","inline_featured_image":false,"_monsterinsights_skip_tracking":false,"_monsterinsights_sitenote_active":false,"_monsterinsights_sitenote_note":"","_monsterinsights_sitenote_category":0},"product_brand":[],"product_cat":[194,457,78,344],"product_tag":[],"class_list":{"0":"post-132583","1":"product","2":"type-product","3":"status-publish","4":"has-post-thumbnail","6":"product_cat-comunicacio-i-noves-teconologies","7":"product_cat-comunicacion-y-nuevas-teconologias","8":"product_cat-pastoral","9":"product_cat-pastoral-1_espiritualidad","11":"first","12":"instock","13":"taxable","14":"shipping-taxable","15":"purchasable","16":"product-type-simple"},"acf":{"editorial":[{"ID":6251,"post_author":"3","post_date":"2022-07-28 17:48:11","post_date_gmt":"2022-07-28 15:48:11","post_content":"","post_title":"EUNSA. EDICIONES UNIVERSIDAD DE NAVARRA","post_excerpt":"","post_status":"publish","comment_status":"closed","ping_status":"closed","post_password":"","post_name":"eunsa-ediciones-universidad-de-navarra","to_ping":"","pinged":"","post_modified":"2022-07-28 17:48:11","post_modified_gmt":"2022-07-28 15:48:11","post_content_filtered":"","post_parent":0,"guid":"http:\/\/dev.claret.cat\/editorial\/eunsa-ediciones-universidad-de-navarra\/","menu_order":0,"post_type":"editorial","post_mime_type":"","comment_count":"0","filter":"raw"}],"autor":"ZU\u00d1IGA LACRUZ, ANA","codart":"843133407","libros-coleccion":"Apuntes","ediciones":"1","encuadernacion":"R\u00fastica","fecha_de_publicacion":"01\/08\/2019","novedad":"1","paginas":"0","subtitulo":"MANUAL PARA ESTUDIANTES DE EDUCACI\u00d3N","orden":"0","portada":"0","idioma":"spa","autores-libros":[{"ID":150152,"post_author":"3","post_date":"2022-10-14 14:30:39","post_date_gmt":"2022-10-14 12:30:39","post_content":"","post_title":"ANA ZU\u00d1IGA LACRUZ","post_excerpt":"","post_status":"publish","comment_status":"closed","ping_status":"closed","post_password":"","post_name":"ana-zuniga-lacruz","to_ping":"","pinged":"","post_modified":"2022-10-14 14:30:39","post_modified_gmt":"2022-10-14 12:30:39","post_content_filtered":"","post_parent":0,"guid":"http:\/\/dev.claret.cat\/autor\/ana-zuniga-lacruz\/","menu_order":0,"post_type":"autor","post_mime_type":"","comment_count":"0","filter":"raw"}],"booktrailer":"","resenas":""},"aioseo_notices":[],"_links":{"self":[{"href":"https:\/\/www.claret.cat\/es\/wp-json\/wp\/v2\/product\/132583","targetHints":{"allow":["GET"]}}],"collection":[{"href":"https:\/\/www.claret.cat\/es\/wp-json\/wp\/v2\/product"}],"about":[{"href":"https:\/\/www.claret.cat\/es\/wp-json\/wp\/v2\/types\/product"}],"wp:featuredmedia":[{"embeddable":true,"href":"https:\/\/www.claret.cat\/es\/wp-json\/wp\/v2\/media\/132584"}],"wp:attachment":[{"href":"https:\/\/www.claret.cat\/es\/wp-json\/wp\/v2\/media?parent=132583"}],"wp:term":[{"taxonomy":"product_brand","embeddable":true,"href":"https:\/\/www.claret.cat\/es\/wp-json\/wp\/v2\/product_brand?post=132583"},{"taxonomy":"product_cat","embeddable":true,"href":"https:\/\/www.claret.cat\/es\/wp-json\/wp\/v2\/product_cat?post=132583"},{"taxonomy":"product_tag","embeddable":true,"href":"https:\/\/www.claret.cat\/es\/wp-json\/wp\/v2\/product_tag?post=132583"}],"curies":[{"name":"wp","href":"https:\/\/api.w.org\/{rel}","templated":true}]}}