{"id":132598,"date":"2022-10-13T00:47:04","date_gmt":"2022-10-12T22:47:04","guid":{"rendered":"http:\/\/dev.claret.cat\/producte\/lesqueix-de-carn\/"},"modified":"2026-02-25T16:25:06","modified_gmt":"2026-02-25T15:25:06","slug":"lesqueix-de-carn-9788417214760","status":"publish","type":"product","link":"https:\/\/www.claret.cat\/es\/libro\/lesqueix-de-carn-9788417214760\/","title":{"rendered":"L&#8217;ESQUEIX DE CARN"},"content":{"rendered":"<p>La vida de Philippe Lan\u00e7on va canviar el 7 de gener de 2015 quan va ser ferit en l&#8221;atemptat islamista contra la revista Charlie Hebdo. Dotze companys i amics hi van morir. El m\u00f3n sencer va quedar commocionat. Parafrasejant l&#8221;autor, L&#8221;esqueix de carn \u00e9s la hist\u00f2ria d&#8221;un home que va ser v\u00edctima d&#8221;un atac, que va passar nou mesos a l&#8221;hospital i que narra, amb tota la precisi\u00f3 i tota la lleugeresa possible, com aquest atac ha canviat la seva vida i la vida dels altres al seu voltant, els seus sentiments, les seves sensacions, la seva mem\u00f2ria, el seu cos i la seva percepci\u00f3 del cos, la seva forma de respirar i d&#8221;escriure. El resultat \u00e9s un llibre llumin\u00f3s, profund, amb un estil captivador. Poques vegades tenim l&#8221;oportunitat d&#8221;endinsar-nos en una hist\u00f2ria tan personal i alhora tan carregada d&#8221;esperan\u00e7a i de vida.  Premi Femina, Premi Especial Renaudot, Premi Roger-Caillois, Premi de l&#8221;Acad\u00e8mia de Medicina, Premi de novel\u00b7la News i Premi dels Premis Literaris. Millor Llibre de l&#8221;Any per a Lire.  \u00abGran literatura.\u00bb &#8211; Bernard Pivot, Le Journal du Dimanche   \u00abUna obra mestra indiscutible, absoluta.\u00bb &#8211; Fr\u00e9d\u00e9ric Beigbeder, Le Figaro   \u00abFeia temps que un llibre no em subjugava tant.\u00bb &#8211; Antonio Mu\u00f1oz Molina, El Pa\u00eds   \u00abIncre\u00efblement honest, escandalosament \u00edntim, inquietantment bell, trist i reconfortant.\u00bb &#8211; Martina Meister, Die Welt<\/p>\n","protected":false},"excerpt":{"rendered":"<p>LAN\u00c7ON, PHILIPPE<\/p>\n","protected":false},"featured_media":317873,"template":"","meta":{"_acf_changed":false,"om_disable_all_campaigns":false,"rs_blank_template":"","rs_page_bg_color":"","slide_template_v7":"","inline_featured_image":false,"_monsterinsights_skip_tracking":false,"_monsterinsights_sitenote_active":false,"_monsterinsights_sitenote_note":"","_monsterinsights_sitenote_category":0},"product_brand":[],"product_cat":[87,353],"product_tag":[],"class_list":{"0":"post-132598","1":"product","2":"type-product","3":"status-publish","4":"has-post-thumbnail","6":"product_cat-literatura","7":"product_cat-literatura-2_humanidades","9":"first","10":"instock","11":"taxable","12":"shipping-taxable","13":"purchasable","14":"product-type-simple"},"acf":{"editorial":[{"ID":6122,"post_author":"3","post_date":"2022-07-28 17:45:22","post_date_gmt":"2022-07-28 15:45:22","post_content":"","post_title":"ANGLE EDITORIAL","post_excerpt":"","post_status":"publish","comment_status":"closed","ping_status":"closed","post_password":"","post_name":"angle-editorial","to_ping":"","pinged":"","post_modified":"2022-07-28 17:45:22","post_modified_gmt":"2022-07-28 15:45:22","post_content_filtered":"","post_parent":0,"guid":"http:\/\/dev.claret.cat\/editorial\/angle-editorial\/","menu_order":0,"post_type":"editorial","post_mime_type":"","comment_count":"0","filter":"raw"}],"autor":"LAN\u00c7ON, PHILIPPE","codart":"841721476","libros-coleccion":"Narratives","ediciones":"1","encuadernacion":"R\u00fastica","fecha_de_publicacion":"01\/08\/2019","novedad":"1","paginas":"511","subtitulo":"","orden":"0","portada":"0","idioma":"cat","autores-libros":[{"ID":167202,"post_author":"3","post_date":"2022-10-14 18:09:20","post_date_gmt":"2022-10-14 16:09:20","post_content":"","post_title":"PHILIPPE LAN\u00c7ON","post_excerpt":"","post_status":"publish","comment_status":"closed","ping_status":"closed","post_password":"","post_name":"philippe-lancon","to_ping":"","pinged":"","post_modified":"2022-10-14 18:09:20","post_modified_gmt":"2022-10-14 16:09:20","post_content_filtered":"","post_parent":0,"guid":"http:\/\/dev.claret.cat\/autor\/philippe-lancon\/","menu_order":0,"post_type":"autor","post_mime_type":"","comment_count":"0","filter":"raw"}],"booktrailer":"","resenas":""},"aioseo_notices":[],"_links":{"self":[{"href":"https:\/\/www.claret.cat\/es\/wp-json\/wp\/v2\/product\/132598","targetHints":{"allow":["GET"]}}],"collection":[{"href":"https:\/\/www.claret.cat\/es\/wp-json\/wp\/v2\/product"}],"about":[{"href":"https:\/\/www.claret.cat\/es\/wp-json\/wp\/v2\/types\/product"}],"wp:featuredmedia":[{"embeddable":true,"href":"https:\/\/www.claret.cat\/es\/wp-json\/wp\/v2\/media\/317873"}],"wp:attachment":[{"href":"https:\/\/www.claret.cat\/es\/wp-json\/wp\/v2\/media?parent=132598"}],"wp:term":[{"taxonomy":"product_brand","embeddable":true,"href":"https:\/\/www.claret.cat\/es\/wp-json\/wp\/v2\/product_brand?post=132598"},{"taxonomy":"product_cat","embeddable":true,"href":"https:\/\/www.claret.cat\/es\/wp-json\/wp\/v2\/product_cat?post=132598"},{"taxonomy":"product_tag","embeddable":true,"href":"https:\/\/www.claret.cat\/es\/wp-json\/wp\/v2\/product_tag?post=132598"}],"curies":[{"name":"wp","href":"https:\/\/api.w.org\/{rel}","templated":true}]}}