{"id":13267,"date":"2022-10-01T22:09:56","date_gmt":"2022-10-01T20:09:56","guid":{"rendered":"http:\/\/dev.claret.cat\/producte\/el-colgajo\/"},"modified":"2023-01-28T22:26:20","modified_gmt":"2023-01-28T21:26:20","slug":"el-colgajo-9788433980410","status":"publish","type":"product","link":"https:\/\/www.claret.cat\/es\/libro\/el-colgajo-9788433980410\/","title":{"rendered":"EL COLGAJO"},"content":{"rendered":"<p>El esperado y sobrecogedor libro de Philippe Lan\u00e7on, uno de los supervivientes del atentado de Charlie Hebdo.<br \/> La \u00fanica manera de entender algunas cosas es ponerlas por escrito. Quiz\u00e1 al final no se consiga desentra\u00f1ar por completo el misterio, pero s\u00ed iluminar las zonas de sombra a su alrededor. Eso es lo que se ha propuesto y logrado Philippe Lan\u00e7on en este libro memorable, mezcla de cr\u00f3nica, memoir y gran literatura. Con una prosa llana y un estilo depurad\u00edsimo, Lan\u00e7on nos ofrece en El colgajo un vast\u00edsimo retrato de su vida de Par\u00eds, de Francia, del mundo despu\u00e9s de haber sobrevivido al terrible atentado de Charlie Hebdo del 7 de enero de 2015. Ese retrato, que es necesariamente una reconstrucci\u00f3n, corre paralelo a otras reconstrucciones: la de su mand\u00edbula destrozada por una bala y la de su nueva vida despu\u00e9s de aquella ma\u00f1ana. Porque \u00bfc\u00f3mo es posible vivir despu\u00e9s de haber sufrido un atentado, uno en el que tantos compa\u00f1eros y amigos han perdido la vida? \u00bfQu\u00e9 supone seguir viviendo cuando se ha estado en el infierno en la tierra? \u00bfNo es eso tambi\u00e9n una condena?<br \/> Con un tono mesurado, lleno de reflexiones sobre el paso del tiempo, sobre las personas que fuimos y las que seremos, Philippe Lan\u00e7on traza una estupenda cartograf\u00eda emocional del individuo vulnerable de nuestros d\u00edas. Sin rehuir la crueldad del acontecimiento, se detiene en los hechos cotidianos de antes y despu\u00e9s del atentado, en la vida hospitalaria y la larga reconfiguraci\u00f3n de una nueva identidad. El ingreso modifica su vida y la vida de las personas de su entorno; modifica sus sentimientos, sus recuerdos, su manera de leer, de escribir y hasta de respirar. El miedo, la dependencia y la culpa se apoderan del narrador, que busca se\u00f1ales sin cesar cuando las referencias se pierden de continuo.<br \/> Por estas p\u00e1ginas desfilan amigos, familiares, parejas y compa\u00f1eros de trabajo que conocieron al viejo Lan\u00e7on y que contribuir\u00e1n a que nazca el nuevo, el otro. Pero sobre todo destacan los miembros del personal sanitario, esos \u00e1ngeles que le dar\u00e1n al autor un nuevo rostro y cuya presencia, como la de la literatura (Shakespeare, Kafka, Proust) y la de la m\u00fasica (Bach, Bill Evans), va punteando todo el libro y el nacimiento de la nueva existencia. Aclamado por la cr\u00edtica y el p\u00fablico, este no es un libro oscuro, sino tremendamente luminoso; un libro necesario que nadie querr\u00eda haber escrito y cuya absorbente lectura abre tantos interrogantes como brechas de esperanza.<\/p>\n","protected":false},"excerpt":{"rendered":"<p>LAN\u00c7ON, PHILIPPE<\/p>\n","protected":false},"featured_media":67774,"template":"","meta":{"_acf_changed":false,"om_disable_all_campaigns":false,"rs_blank_template":"","rs_page_bg_color":"","slide_template_v7":"","inline_featured_image":false,"_monsterinsights_skip_tracking":false,"_monsterinsights_sitenote_active":false,"_monsterinsights_sitenote_note":"","_monsterinsights_sitenote_category":0},"product_brand":[],"product_cat":[87],"product_tag":[],"class_list":{"0":"post-13267","1":"product","2":"type-product","3":"status-publish","4":"has-post-thumbnail","6":"product_cat-literatura","8":"first","9":"instock","10":"taxable","11":"shipping-taxable","12":"purchasable","13":"product-type-simple"},"acf":{"autor":"LAN\u00c7ON, PHILIPPE","codart":"843398041","libros-coleccion":"Panorama de narrativas","ediciones":"1","encuadernacion":"R\u00fastica","fecha_de_publicacion":"01\/08\/2019","novedad":"1","paginas":"443","subtitulo":"","orden":"0","portada":"0","idioma":"spa","editorial":[{"ID":6219,"post_author":"3","post_date":"2022-07-28 17:47:26","post_date_gmt":"2022-07-28 15:47:26","post_content":"","post_title":"Editorial Anagrama S.A.","post_excerpt":"","post_status":"publish","comment_status":"closed","ping_status":"closed","post_password":"","post_name":"editorial-anagrama-s-a","to_ping":"","pinged":"","post_modified":"2022-07-28 17:47:26","post_modified_gmt":"2022-07-28 15:47:26","post_content_filtered":"","post_parent":0,"guid":"http:\/\/dev.claret.cat\/editorial\/editorial-anagrama-s-a\/","menu_order":0,"post_type":"editorial","post_mime_type":"","comment_count":"0","filter":"raw"}],"autores-libros":[{"ID":167202,"post_author":"3","post_date":"2022-10-14 18:09:20","post_date_gmt":"2022-10-14 16:09:20","post_content":"","post_title":"PHILIPPE LAN\u00c7ON","post_excerpt":"","post_status":"publish","comment_status":"closed","ping_status":"closed","post_password":"","post_name":"philippe-lancon","to_ping":"","pinged":"","post_modified":"2022-10-14 18:09:20","post_modified_gmt":"2022-10-14 16:09:20","post_content_filtered":"","post_parent":0,"guid":"http:\/\/dev.claret.cat\/autor\/philippe-lancon\/","menu_order":0,"post_type":"autor","post_mime_type":"","comment_count":"0","filter":"raw"}]},"aioseo_notices":[],"_links":{"self":[{"href":"https:\/\/www.claret.cat\/es\/wp-json\/wp\/v2\/product\/13267","targetHints":{"allow":["GET"]}}],"collection":[{"href":"https:\/\/www.claret.cat\/es\/wp-json\/wp\/v2\/product"}],"about":[{"href":"https:\/\/www.claret.cat\/es\/wp-json\/wp\/v2\/types\/product"}],"wp:featuredmedia":[{"embeddable":true,"href":"https:\/\/www.claret.cat\/es\/wp-json\/wp\/v2\/media\/67774"}],"wp:attachment":[{"href":"https:\/\/www.claret.cat\/es\/wp-json\/wp\/v2\/media?parent=13267"}],"wp:term":[{"taxonomy":"product_brand","embeddable":true,"href":"https:\/\/www.claret.cat\/es\/wp-json\/wp\/v2\/product_brand?post=13267"},{"taxonomy":"product_cat","embeddable":true,"href":"https:\/\/www.claret.cat\/es\/wp-json\/wp\/v2\/product_cat?post=13267"},{"taxonomy":"product_tag","embeddable":true,"href":"https:\/\/www.claret.cat\/es\/wp-json\/wp\/v2\/product_tag?post=13267"}],"curies":[{"name":"wp","href":"https:\/\/api.w.org\/{rel}","templated":true}]}}