{"id":132841,"date":"2022-10-13T00:50:46","date_gmt":"2022-10-12T22:50:46","guid":{"rendered":"http:\/\/dev.claret.cat\/producte\/1713-la-preparacio-de-la-guerra-dels-catalans\/"},"modified":"2023-01-28T10:24:36","modified_gmt":"2023-01-28T09:24:36","slug":"1713-la-preparacio-de-la-guerra-dels-catalans-9788423208548","status":"publish","type":"product","link":"https:\/\/www.claret.cat\/es\/libro\/1713-la-preparacio-de-la-guerra-dels-catalans-9788423208548\/","title":{"rendered":"1713. LA PREPARACI\u00d3 DE LA GUERRA DELS CATALANS"},"content":{"rendered":"<p>A principis del segle XVIII Catalunya mantenia viva una cultura militar que li va permetre d&#8217;organitzar un ex\u00e8rcit propi per a la defensa del pa\u00eds un cop es va produir la retirada dels ex\u00e8rcits forans dels partidaris de l&#8217;Arxiduc Carles.<\/p>\n","protected":false},"excerpt":{"rendered":"<p>SERRA I SELLAR\u00c8S, FRANCESC \/ RIART I JOU, FRANCESC<\/p>\n","protected":false},"featured_media":132842,"template":"","meta":{"_acf_changed":false,"om_disable_all_campaigns":false,"rs_blank_template":"","rs_page_bg_color":"","slide_template_v7":"","inline_featured_image":false,"_monsterinsights_skip_tracking":false,"_monsterinsights_sitenote_active":false,"_monsterinsights_sitenote_note":"","_monsterinsights_sitenote_category":0},"product_brand":[],"product_cat":[85],"product_tag":[],"class_list":{"0":"post-132841","1":"product","2":"type-product","3":"status-publish","4":"has-post-thumbnail","6":"product_cat-historia","8":"first","9":"instock","10":"taxable","11":"shipping-taxable","12":"purchasable","13":"product-type-simple"},"acf":{"autor":"SERRA I SELLAR\u00c8S, FRANCESC \/ RIART I JOU, FRANCESC","codart":"842320854","libros-coleccion":"BOFARULL","ediciones":"1","encuadernacion":"R\u00fastica","fecha_de_publicacion":"01\/07\/2019","novedad":"1","paginas":"272","subtitulo":"","orden":"0","portada":"0","idioma":"cat","editorial":[{"ID":148724,"post_author":"3","post_date":"2022-10-14 12:00:29","post_date_gmt":"2022-10-14 10:00:29","post_content":"","post_title":"Rafael dalmau","post_excerpt":"","post_status":"publish","comment_status":"closed","ping_status":"closed","post_password":"","post_name":"rafael-dalmau","to_ping":"","pinged":"","post_modified":"2022-10-14 12:00:29","post_modified_gmt":"2022-10-14 10:00:29","post_content_filtered":"","post_parent":0,"guid":"http:\/\/dev.claret.cat\/editorial\/rafael-dalmau\/","menu_order":0,"post_type":"editorial","post_mime_type":"","comment_count":"0","filter":"raw"}],"autores-libros":[{"ID":156132,"post_author":"3","post_date":"2022-10-14 15:18:22","post_date_gmt":"2022-10-14 13:18:22","post_content":"","post_title":"FRANCESC RIART I JOU","post_excerpt":"","post_status":"publish","comment_status":"closed","ping_status":"closed","post_password":"","post_name":"francesc-riart-i-jou","to_ping":"","pinged":"","post_modified":"2022-10-14 15:18:22","post_modified_gmt":"2022-10-14 13:18:22","post_content_filtered":"","post_parent":0,"guid":"http:\/\/dev.claret.cat\/autor\/francesc-riart-i-jou\/","menu_order":0,"post_type":"autor","post_mime_type":"","comment_count":"0","filter":"raw"},{"ID":156144,"post_author":"3","post_date":"2022-10-14 15:18:28","post_date_gmt":"2022-10-14 13:18:28","post_content":"","post_title":"FRANCESC SERRA I SELLAR\u00c9S","post_excerpt":"","post_status":"publish","comment_status":"closed","ping_status":"closed","post_password":"","post_name":"francesc-serra-i-sellares","to_ping":"","pinged":"","post_modified":"2022-10-14 15:18:28","post_modified_gmt":"2022-10-14 13:18:28","post_content_filtered":"","post_parent":0,"guid":"http:\/\/dev.claret.cat\/autor\/francesc-serra-i-sellares\/","menu_order":0,"post_type":"autor","post_mime_type":"","comment_count":"0","filter":"raw"}]},"aioseo_notices":[],"_links":{"self":[{"href":"https:\/\/www.claret.cat\/es\/wp-json\/wp\/v2\/product\/132841","targetHints":{"allow":["GET"]}}],"collection":[{"href":"https:\/\/www.claret.cat\/es\/wp-json\/wp\/v2\/product"}],"about":[{"href":"https:\/\/www.claret.cat\/es\/wp-json\/wp\/v2\/types\/product"}],"wp:featuredmedia":[{"embeddable":true,"href":"https:\/\/www.claret.cat\/es\/wp-json\/wp\/v2\/media\/132842"}],"wp:attachment":[{"href":"https:\/\/www.claret.cat\/es\/wp-json\/wp\/v2\/media?parent=132841"}],"wp:term":[{"taxonomy":"product_brand","embeddable":true,"href":"https:\/\/www.claret.cat\/es\/wp-json\/wp\/v2\/product_brand?post=132841"},{"taxonomy":"product_cat","embeddable":true,"href":"https:\/\/www.claret.cat\/es\/wp-json\/wp\/v2\/product_cat?post=132841"},{"taxonomy":"product_tag","embeddable":true,"href":"https:\/\/www.claret.cat\/es\/wp-json\/wp\/v2\/product_tag?post=132841"}],"curies":[{"name":"wp","href":"https:\/\/api.w.org\/{rel}","templated":true}]}}