{"id":132856,"date":"2022-10-13T00:50:59","date_gmt":"2022-10-12T22:50:59","guid":{"rendered":"http:\/\/dev.claret.cat\/producte\/gtc-e-guia-catedral-de-tarragona\/"},"modified":"2026-04-07T17:20:26","modified_gmt":"2026-04-07T15:20:26","slug":"gtce-guia-catedral-de-tarragona-9788484788768","status":"publish","type":"product","link":"https:\/\/www.claret.cat\/es\/libro\/gtce-guia-catedral-de-tarragona-9788484788768\/","title":{"rendered":"GTC-E GU\u00cdA CATEDRAL DE TARRAGONA"},"content":{"rendered":"<p>La Catedral Metropolitana y Primada de Tarragona, puede clasificarse por su estilo como protog\u00f3tica y vinculada en sus principios con el rom\u00e1nico. Su solidez arquitect\u00f3nica, severa elegancia ,colosal traza y riqueza ornamental ensalzan este emblem\u00e1tico espacio de culto en el que los diferentes estilos y singulares obras art\u00edsticas reflejan su excelencia. Por su armon\u00eda y grandiosidad estructural es considerada como la m\u00e1s importante catedral g\u00f3tica de Catalu\u00f1a.<\/p>\n","protected":false},"excerpt":{"rendered":"<p>PUIG CASTELLANO, JORDI \/ MART\u00cdNEZ SUB\u00cdAS, ANTONIO PEDRO<\/p>\n","protected":false},"featured_media":307859,"template":"","meta":{"_acf_changed":false,"om_disable_all_campaigns":false,"rs_blank_template":"","rs_page_bg_color":"","slide_template_v7":"","inline_featured_image":false,"_monsterinsights_skip_tracking":false,"_monsterinsights_sitenote_active":false,"_monsterinsights_sitenote_note":"","_monsterinsights_sitenote_category":0},"product_brand":[],"product_cat":[90,540],"product_tag":[],"class_list":{"0":"post-132856","1":"product","2":"type-product","3":"status-publish","4":"has-post-thumbnail","6":"product_cat-altres","7":"product_cat-otros","9":"first","10":"instock","11":"taxable","12":"shipping-taxable","13":"purchasable","14":"product-type-simple"},"acf":{"autor":"PUIG CASTELLANO, JORDI \/ MART\u00cdNEZ SUB\u00cdAS, ANTONIO PEDRO","codart":"848478876","libros-coleccion":"Guies","ediciones":"1","encuadernacion":"R\u00fastica","fecha_de_publicacion":"01\/07\/2019","novedad":"1","paginas":"160","subtitulo":"","orden":"0","portada":"0","idioma":"spa","editorial":[{"ID":148898,"post_author":"3","post_date":"2022-10-14 12:01:51","post_date_gmt":"2022-10-14 10:01:51","post_content":"","post_title":"TRIANGLE POSTALS","post_excerpt":"","post_status":"publish","comment_status":"closed","ping_status":"closed","post_password":"","post_name":"triangle-postals","to_ping":"","pinged":"","post_modified":"2022-10-14 12:01:51","post_modified_gmt":"2022-10-14 10:01:51","post_content_filtered":"","post_parent":0,"guid":"http:\/\/dev.claret.cat\/editorial\/triangle-postals\/","menu_order":0,"post_type":"editorial","post_mime_type":"","comment_count":"0","filter":"raw"}],"autores-libros":[{"ID":159985,"post_author":"3","post_date":"2022-10-14 15:49:21","post_date_gmt":"2022-10-14 13:49:21","post_content":"","post_title":"JORDI PUIG CASTELLANO","post_excerpt":"","post_status":"publish","comment_status":"closed","ping_status":"closed","post_password":"","post_name":"jordi-puig-castellano","to_ping":"","pinged":"","post_modified":"2022-10-14 15:49:21","post_modified_gmt":"2022-10-14 13:49:21","post_content_filtered":"","post_parent":0,"guid":"http:\/\/dev.claret.cat\/autor\/jordi-puig-castellano\/","menu_order":0,"post_type":"autor","post_mime_type":"","comment_count":"0","filter":"raw"},{"ID":150986,"post_author":"3","post_date":"2022-10-14 14:37:18","post_date_gmt":"2022-10-14 12:37:18","post_content":"","post_title":"ANTONIO PEDRO MART\u00cdNEZ SUB\u00cdAS","post_excerpt":"","post_status":"publish","comment_status":"closed","ping_status":"closed","post_password":"","post_name":"antonio-pedro-martinez-subias","to_ping":"","pinged":"","post_modified":"2022-10-14 14:37:18","post_modified_gmt":"2022-10-14 12:37:18","post_content_filtered":"","post_parent":0,"guid":"http:\/\/dev.claret.cat\/autor\/antonio-pedro-martinez-subias\/","menu_order":0,"post_type":"autor","post_mime_type":"","comment_count":"0","filter":"raw"}],"booktrailer":"","resenas":""},"aioseo_notices":[],"_links":{"self":[{"href":"https:\/\/www.claret.cat\/es\/wp-json\/wp\/v2\/product\/132856","targetHints":{"allow":["GET"]}}],"collection":[{"href":"https:\/\/www.claret.cat\/es\/wp-json\/wp\/v2\/product"}],"about":[{"href":"https:\/\/www.claret.cat\/es\/wp-json\/wp\/v2\/types\/product"}],"wp:featuredmedia":[{"embeddable":true,"href":"https:\/\/www.claret.cat\/es\/wp-json\/wp\/v2\/media\/307859"}],"wp:attachment":[{"href":"https:\/\/www.claret.cat\/es\/wp-json\/wp\/v2\/media?parent=132856"}],"wp:term":[{"taxonomy":"product_brand","embeddable":true,"href":"https:\/\/www.claret.cat\/es\/wp-json\/wp\/v2\/product_brand?post=132856"},{"taxonomy":"product_cat","embeddable":true,"href":"https:\/\/www.claret.cat\/es\/wp-json\/wp\/v2\/product_cat?post=132856"},{"taxonomy":"product_tag","embeddable":true,"href":"https:\/\/www.claret.cat\/es\/wp-json\/wp\/v2\/product_tag?post=132856"}],"curies":[{"name":"wp","href":"https:\/\/api.w.org\/{rel}","templated":true}]}}