{"id":132907,"date":"2022-10-13T00:51:47","date_gmt":"2022-10-12T22:51:47","guid":{"rendered":"http:\/\/dev.claret.cat\/producte\/rutas-para-decubrir-lleida-sua\/"},"modified":"2023-01-28T06:58:07","modified_gmt":"2023-01-28T05:58:07","slug":"rutas-para-decubrir-lleida-sua-9788482167176","status":"publish","type":"product","link":"https:\/\/www.claret.cat\/es\/libro\/rutas-para-decubrir-lleida-sua-9788482167176\/","title":{"rendered":"RUTAS PARA DECUBRIR LLEIDA -SUA"},"content":{"rendered":"<p>A trav\u00e9s de 6 itinerarios para realizar en coche, encontrar\u00e9is la informaci\u00f3n necesaria para recorrer las comarcas que configuran la provincia de Lleida. Desde los Pirineos hasta la Plana de Lleida, con el parque nacional de Aig\u00fcestortes i Estanys de Sant Maurici, el rom\u00e1nico de la Vall de Bo\u00ed y la Val d\u2019Aran, deportes como el rafting y el esqu\u00ed, rutas de senderismo por el desfiladero de Mont-rebei o el parque natural del Alt Pirineu, pueblos medievales defendidos por castillos, formando una frontera a medida que estas tierras eran recuperadas a los \u00e1rabes. Todo esto y mucho m\u00e1s, acompa\u00f1ado por recetas tradicionales, un aceite excepcional de la D.O.P. Les Garrigues y los vinos de la D.O. Costers del Segre, nos ayudar\u00e1n a saborear mejor este territorio.<\/p>\n","protected":false},"excerpt":{"rendered":"<p>BASTART, JORDI<\/p>\n","protected":false},"featured_media":132908,"template":"","meta":{"_acf_changed":false,"om_disable_all_campaigns":false,"rs_blank_template":"","rs_page_bg_color":"","slide_template_v7":"","inline_featured_image":false,"_monsterinsights_skip_tracking":false,"_monsterinsights_sitenote_active":false,"_monsterinsights_sitenote_note":"","_monsterinsights_sitenote_category":0},"product_brand":[],"product_cat":[107],"product_tag":[],"class_list":{"0":"post-132907","1":"product","2":"type-product","3":"status-publish","4":"has-post-thumbnail","6":"product_cat-guies-de-viatge","8":"first","9":"instock","10":"taxable","11":"shipping-taxable","12":"purchasable","13":"product-type-simple"},"acf":{"autor":"BASTART, JORDI","codart":"848216717","libros-coleccion":"SUA","ediciones":"1","encuadernacion":"R\u00fastica","fecha_de_publicacion":"01\/06\/2019","novedad":"1","paginas":"184","subtitulo":"LOS MEJORES ITINERARIOS EN COCHE","orden":"0","portada":"0","idioma":"spa","editorial":[{"ID":147855,"post_author":"3","post_date":"2022-10-14 11:53:44","post_date_gmt":"2022-10-14 09:53:44","post_content":"","post_title":"EDICIONES SUA-TXINPARTETAN,S.L","post_excerpt":"","post_status":"publish","comment_status":"closed","ping_status":"closed","post_password":"","post_name":"ediciones-sua-txinpartetans-l","to_ping":"","pinged":"","post_modified":"2022-10-14 11:53:44","post_modified_gmt":"2022-10-14 09:53:44","post_content_filtered":"","post_parent":0,"guid":"http:\/\/dev.claret.cat\/editorial\/ediciones-sua-txinpartetans-l\/","menu_order":0,"post_type":"editorial","post_mime_type":"","comment_count":"0","filter":"raw"}],"autores-libros":[{"ID":159826,"post_author":"3","post_date":"2022-10-14 15:48:03","post_date_gmt":"2022-10-14 13:48:03","post_content":"","post_title":"JORDI BASTART","post_excerpt":"","post_status":"publish","comment_status":"closed","ping_status":"closed","post_password":"","post_name":"jordi-bastart","to_ping":"","pinged":"","post_modified":"2022-10-14 15:48:03","post_modified_gmt":"2022-10-14 13:48:03","post_content_filtered":"","post_parent":0,"guid":"http:\/\/dev.claret.cat\/autor\/jordi-bastart\/","menu_order":0,"post_type":"autor","post_mime_type":"","comment_count":"0","filter":"raw"}]},"aioseo_notices":[],"_links":{"self":[{"href":"https:\/\/www.claret.cat\/es\/wp-json\/wp\/v2\/product\/132907","targetHints":{"allow":["GET"]}}],"collection":[{"href":"https:\/\/www.claret.cat\/es\/wp-json\/wp\/v2\/product"}],"about":[{"href":"https:\/\/www.claret.cat\/es\/wp-json\/wp\/v2\/types\/product"}],"wp:featuredmedia":[{"embeddable":true,"href":"https:\/\/www.claret.cat\/es\/wp-json\/wp\/v2\/media\/132908"}],"wp:attachment":[{"href":"https:\/\/www.claret.cat\/es\/wp-json\/wp\/v2\/media?parent=132907"}],"wp:term":[{"taxonomy":"product_brand","embeddable":true,"href":"https:\/\/www.claret.cat\/es\/wp-json\/wp\/v2\/product_brand?post=132907"},{"taxonomy":"product_cat","embeddable":true,"href":"https:\/\/www.claret.cat\/es\/wp-json\/wp\/v2\/product_cat?post=132907"},{"taxonomy":"product_tag","embeddable":true,"href":"https:\/\/www.claret.cat\/es\/wp-json\/wp\/v2\/product_tag?post=132907"}],"curies":[{"name":"wp","href":"https:\/\/api.w.org\/{rel}","templated":true}]}}