{"id":132958,"date":"2022-10-13T00:52:34","date_gmt":"2022-10-12T22:52:34","guid":{"rendered":"http:\/\/dev.claret.cat\/producte\/historia-de-bolsillo-de-cataluna\/"},"modified":"2023-01-28T23:20:01","modified_gmt":"2023-01-28T22:20:01","slug":"historia-de-bolsillo-de-cataluna-9788417660628","status":"publish","type":"product","link":"https:\/\/www.claret.cat\/es\/libro\/historia-de-bolsillo-de-cataluna-9788417660628\/","title":{"rendered":"HISTORIA DE BOLSILLO DE CATALU\u00d1A"},"content":{"rendered":"<p>Historia de bolsillo de Catalu\u00f1a es un libro que recorre de manera rigurosa y amena la historia de Catalu\u00f1a, desde la prehistoria hasta el refer\u00e9ndum del 1 de octubre de 2017, a trav\u00e9s de un centenar de breves cap\u00edtulos escritos para todos los lectores.<br \/>Cabe destacar que los temas se presentan cronol\u00f3gicamente pero a la vez son independientes, por lo que el lector es libre de leerlos uno tras otro o navegar por los tiempos saltando de los \u00e1rabes del siglo VIII a los almog\u00e1vares del XIV, pasando por el turismo de nuestros tiempos o la Guerra de Sucesi\u00f3n del XVIII.<br \/>Adem\u00e1s, la mayor\u00eda de temas se ilustran con im\u00e1genes de obras de arte y lugares visitables actualmente como invitaci\u00f3n a disfrutar de la historia en primera persona. <br \/>Historia de bolsillo de Catalu\u00f1a, un libro para todo el mundo con inter\u00e9s o curiosidad por conocer los acontecimientos hist\u00f3ricos que han forjado Catalu\u00f1a.<\/p>\n","protected":false},"excerpt":{"rendered":"<p>ANDR\u00c9S CASAMIQUELA, ORIOL<\/p>\n","protected":false},"featured_media":132959,"template":"","meta":{"_acf_changed":false,"om_disable_all_campaigns":false,"rs_blank_template":"","rs_page_bg_color":"","slide_template_v7":"","inline_featured_image":false,"_monsterinsights_skip_tracking":false,"_monsterinsights_sitenote_active":false,"_monsterinsights_sitenote_note":"","_monsterinsights_sitenote_category":0},"product_brand":[],"product_cat":[16],"product_tag":[],"class_list":{"0":"post-132958","1":"product","2":"type-product","3":"status-publish","4":"has-post-thumbnail","6":"product_cat-sense-categoria","8":"first","9":"instock","10":"taxable","11":"shipping-taxable","12":"purchasable","13":"product-type-simple"},"acf":{"autor":"ANDR\u00c9S CASAMIQUELA, ORIOL","codart":"841766062","libros-coleccion":"Historia","ediciones":"1","encuadernacion":"R\u00fastica","fecha_de_publicacion":"01\/07\/2019","novedad":"1","paginas":"0","subtitulo":"","orden":"0","portada":"0","idioma":"spa","editorial":[{"ID":147983,"post_author":"3","post_date":"2022-10-14 11:54:44","post_date_gmt":"2022-10-14 09:54:44","post_content":"","post_title":"Editorial Gregal","post_excerpt":"","post_status":"publish","comment_status":"closed","ping_status":"closed","post_password":"","post_name":"editorial-gregal","to_ping":"","pinged":"","post_modified":"2022-10-14 11:54:44","post_modified_gmt":"2022-10-14 09:54:44","post_content_filtered":"","post_parent":0,"guid":"http:\/\/dev.claret.cat\/editorial\/editorial-gregal\/","menu_order":0,"post_type":"editorial","post_mime_type":"","comment_count":"0","filter":"raw"}],"autores-libros":[{"ID":166237,"post_author":"3","post_date":"2022-10-14 18:01:32","post_date_gmt":"2022-10-14 16:01:32","post_content":"","post_title":"ORIOL ANDR\u00c9S CASAMIQUELA","post_excerpt":"","post_status":"publish","comment_status":"closed","ping_status":"closed","post_password":"","post_name":"oriol-andres-casamiquela-2","to_ping":"","pinged":"","post_modified":"2022-10-14 18:01:32","post_modified_gmt":"2022-10-14 16:01:32","post_content_filtered":"","post_parent":0,"guid":"http:\/\/dev.claret.cat\/autor\/oriol-andres-casamiquela-2\/","menu_order":0,"post_type":"autor","post_mime_type":"","comment_count":"0","filter":"raw"}]},"aioseo_notices":[],"_links":{"self":[{"href":"https:\/\/www.claret.cat\/es\/wp-json\/wp\/v2\/product\/132958","targetHints":{"allow":["GET"]}}],"collection":[{"href":"https:\/\/www.claret.cat\/es\/wp-json\/wp\/v2\/product"}],"about":[{"href":"https:\/\/www.claret.cat\/es\/wp-json\/wp\/v2\/types\/product"}],"wp:featuredmedia":[{"embeddable":true,"href":"https:\/\/www.claret.cat\/es\/wp-json\/wp\/v2\/media\/132959"}],"wp:attachment":[{"href":"https:\/\/www.claret.cat\/es\/wp-json\/wp\/v2\/media?parent=132958"}],"wp:term":[{"taxonomy":"product_brand","embeddable":true,"href":"https:\/\/www.claret.cat\/es\/wp-json\/wp\/v2\/product_brand?post=132958"},{"taxonomy":"product_cat","embeddable":true,"href":"https:\/\/www.claret.cat\/es\/wp-json\/wp\/v2\/product_cat?post=132958"},{"taxonomy":"product_tag","embeddable":true,"href":"https:\/\/www.claret.cat\/es\/wp-json\/wp\/v2\/product_tag?post=132958"}],"curies":[{"name":"wp","href":"https:\/\/api.w.org\/{rel}","templated":true}]}}