{"id":133012,"date":"2022-10-13T00:53:22","date_gmt":"2022-10-12T22:53:22","guid":{"rendered":"http:\/\/dev.claret.cat\/producte\/frankenstein-6\/"},"modified":"2023-01-28T06:41:40","modified_gmt":"2023-01-28T05:41:40","slug":"frankenstein-9788421658956","status":"publish","type":"product","link":"https:\/\/www.claret.cat\/es\/libro\/frankenstein-9788421658956\/","title":{"rendered":"FRANKENSTEIN"},"content":{"rendered":"<p>Un joven estudiante de medicina, V\u00edctor Frankenstein, en su af\u00e1n por desentra\u00f1ar los secretos del alma humana, crea -a partir de restos de cad\u00e1veres- un nuevo ser; pero es tal el horror de su apariencia que se ve condenado a la m\u00e1s cruel de las soledades, y el deseo de una lenta y maquiav\u00e9lica venganza empieza a cobrar fuerza en su interior&#8230;<\/p>\n","protected":false},"excerpt":{"rendered":"<p>SHELLEY, MARY<\/p>\n","protected":false},"featured_media":133013,"template":"","meta":{"_acf_changed":false,"om_disable_all_campaigns":false,"rs_blank_template":"","rs_page_bg_color":"","slide_template_v7":"","inline_featured_image":false,"_monsterinsights_skip_tracking":false,"_monsterinsights_sitenote_active":false,"_monsterinsights_sitenote_note":"","_monsterinsights_sitenote_category":0},"product_brand":[],"product_cat":[87],"product_tag":[],"class_list":{"0":"post-133012","1":"product","2":"type-product","3":"status-publish","4":"has-post-thumbnail","6":"product_cat-literatura","8":"first","9":"instock","10":"taxable","11":"shipping-taxable","12":"purchasable","13":"product-type-simple"},"acf":{"autor":"SHELLEY, MARY","codart":"842165895","libros-coleccion":"Castellano - A Partir De 12 A\u00f1os - Cl\u00e1si","ediciones":"1","encuadernacion":"R\u00fastica","fecha_de_publicacion":"01\/03\/2008","novedad":"1","paginas":"318","subtitulo":"","orden":"0","portada":"0","idioma":"spa","editorial":[{"ID":147936,"post_author":"3","post_date":"2022-10-14 11:54:22","post_date_gmt":"2022-10-14 09:54:22","post_content":"","post_title":"Editorial Bru\u00f1o","post_excerpt":"","post_status":"publish","comment_status":"closed","ping_status":"closed","post_password":"","post_name":"editorial-bruno","to_ping":"","pinged":"","post_modified":"2022-10-14 11:54:22","post_modified_gmt":"2022-10-14 09:54:22","post_content_filtered":"","post_parent":0,"guid":"http:\/\/dev.claret.cat\/editorial\/editorial-bruno\/","menu_order":0,"post_type":"editorial","post_mime_type":"","comment_count":"0","filter":"raw"}],"autores-libros":[{"ID":164378,"post_author":"3","post_date":"2022-10-14 17:46:35","post_date_gmt":"2022-10-14 15:46:35","post_content":"","post_title":"MARY SHELLEY","post_excerpt":"","post_status":"publish","comment_status":"closed","ping_status":"closed","post_password":"","post_name":"mary-shelley","to_ping":"","pinged":"","post_modified":"2022-10-14 17:46:35","post_modified_gmt":"2022-10-14 15:46:35","post_content_filtered":"","post_parent":0,"guid":"http:\/\/dev.claret.cat\/autor\/mary-shelley\/","menu_order":0,"post_type":"autor","post_mime_type":"","comment_count":"0","filter":"raw"}]},"aioseo_notices":[],"_links":{"self":[{"href":"https:\/\/www.claret.cat\/es\/wp-json\/wp\/v2\/product\/133012","targetHints":{"allow":["GET"]}}],"collection":[{"href":"https:\/\/www.claret.cat\/es\/wp-json\/wp\/v2\/product"}],"about":[{"href":"https:\/\/www.claret.cat\/es\/wp-json\/wp\/v2\/types\/product"}],"wp:featuredmedia":[{"embeddable":true,"href":"https:\/\/www.claret.cat\/es\/wp-json\/wp\/v2\/media\/133013"}],"wp:attachment":[{"href":"https:\/\/www.claret.cat\/es\/wp-json\/wp\/v2\/media?parent=133012"}],"wp:term":[{"taxonomy":"product_brand","embeddable":true,"href":"https:\/\/www.claret.cat\/es\/wp-json\/wp\/v2\/product_brand?post=133012"},{"taxonomy":"product_cat","embeddable":true,"href":"https:\/\/www.claret.cat\/es\/wp-json\/wp\/v2\/product_cat?post=133012"},{"taxonomy":"product_tag","embeddable":true,"href":"https:\/\/www.claret.cat\/es\/wp-json\/wp\/v2\/product_tag?post=133012"}],"curies":[{"name":"wp","href":"https:\/\/api.w.org\/{rel}","templated":true}]}}