{"id":133024,"date":"2022-10-13T00:53:32","date_gmt":"2022-10-12T22:53:32","guid":{"rendered":"http:\/\/dev.claret.cat\/producte\/romancero-gitano-1924-1927-otros-romances-del-teatro-1924-1935\/"},"modified":"2023-01-28T20:28:11","modified_gmt":"2023-01-28T19:28:11","slug":"romancero-gitano-19241927-otros-romances-del-teatro-19241935-9788420671789","status":"publish","type":"product","link":"https:\/\/www.claret.cat\/es\/libro\/romancero-gitano-19241927-otros-romances-del-teatro-19241935-9788420671789\/","title":{"rendered":"ROMANCERO GITANO (1924-1927). OTROS ROMANCES DEL TEATRO (1924-1935)"},"content":{"rendered":"<p>El &#8216;Romancero gitano&#8217; (1928) es, con justicia, uno de los libros m\u00e1s c\u00e9lebres de la poes\u00eda en lengua espa\u00f1ola. Esta edici\u00f3n se enriquece, adem\u00e1s, con los \u00abRomances del teatro\u00bb de Federico Garc\u00eda Lorca (1898-1936) y con el valioso complemento de todos los escritos del poeta -cartas, declaraciones, conferencias- en torno a esta obra. La cronolog\u00eda razonada que incluye puede seguirse como un diario de la creaci\u00f3n del libro, que a\u00f1ade circunstancias de su edici\u00f3n y de su propagaci\u00f3n hasta 1936.<\/p>\n","protected":false},"excerpt":{"rendered":"<p>GARC\u00cdA LORCA, FEDERICO<\/p>\n","protected":false},"featured_media":133025,"template":"","meta":{"_acf_changed":false,"om_disable_all_campaigns":false,"rs_blank_template":"","rs_page_bg_color":"","slide_template_v7":"","inline_featured_image":false,"_monsterinsights_skip_tracking":false,"_monsterinsights_sitenote_active":false,"_monsterinsights_sitenote_note":"","_monsterinsights_sitenote_category":0},"product_brand":[],"product_cat":[87],"product_tag":[],"class_list":{"0":"post-133024","1":"product","2":"type-product","3":"status-publish","4":"has-post-thumbnail","6":"product_cat-literatura","8":"first","9":"instock","10":"taxable","11":"shipping-taxable","12":"purchasable","13":"product-type-simple"},"acf":{"editorial":[{"ID":6119,"post_author":"3","post_date":"2022-07-28 17:45:18","post_date_gmt":"2022-07-28 15:45:18","post_content":"","post_title":"Alianza Editorial","post_excerpt":"","post_status":"publish","comment_status":"closed","ping_status":"closed","post_password":"","post_name":"alianza-editorial","to_ping":"","pinged":"","post_modified":"2022-07-28 17:45:18","post_modified_gmt":"2022-07-28 15:45:18","post_content_filtered":"","post_parent":0,"guid":"http:\/\/dev.claret.cat\/editorial\/alianza-editorial\/","menu_order":0,"post_type":"editorial","post_mime_type":"","comment_count":"0","filter":"raw"}],"autor":"GARC\u00cdA LORCA, FEDERICO","codart":"842067178","libros-coleccion":"El Libro De Bolsillo - Bibliotecas De Au","ediciones":"1","encuadernacion":"R\u00fastica","fecha_de_publicacion":"01\/04\/2012","novedad":"1","paginas":"334","subtitulo":"","orden":"0","portada":"0","idioma":"spa","autores-libros":[{"ID":155689,"post_author":"3","post_date":"2022-10-14 15:14:50","post_date_gmt":"2022-10-14 13:14:50","post_content":"","post_title":"FEDERICO GARC\u00cdA LORCA","post_excerpt":"","post_status":"publish","comment_status":"closed","ping_status":"closed","post_password":"","post_name":"federico-garcia-lorca","to_ping":"","pinged":"","post_modified":"2022-10-14 15:14:50","post_modified_gmt":"2022-10-14 13:14:50","post_content_filtered":"","post_parent":0,"guid":"http:\/\/dev.claret.cat\/autor\/federico-garcia-lorca\/","menu_order":0,"post_type":"autor","post_mime_type":"","comment_count":"0","filter":"raw"}]},"aioseo_notices":[],"_links":{"self":[{"href":"https:\/\/www.claret.cat\/es\/wp-json\/wp\/v2\/product\/133024","targetHints":{"allow":["GET"]}}],"collection":[{"href":"https:\/\/www.claret.cat\/es\/wp-json\/wp\/v2\/product"}],"about":[{"href":"https:\/\/www.claret.cat\/es\/wp-json\/wp\/v2\/types\/product"}],"wp:featuredmedia":[{"embeddable":true,"href":"https:\/\/www.claret.cat\/es\/wp-json\/wp\/v2\/media\/133025"}],"wp:attachment":[{"href":"https:\/\/www.claret.cat\/es\/wp-json\/wp\/v2\/media?parent=133024"}],"wp:term":[{"taxonomy":"product_brand","embeddable":true,"href":"https:\/\/www.claret.cat\/es\/wp-json\/wp\/v2\/product_brand?post=133024"},{"taxonomy":"product_cat","embeddable":true,"href":"https:\/\/www.claret.cat\/es\/wp-json\/wp\/v2\/product_cat?post=133024"},{"taxonomy":"product_tag","embeddable":true,"href":"https:\/\/www.claret.cat\/es\/wp-json\/wp\/v2\/product_tag?post=133024"}],"curies":[{"name":"wp","href":"https:\/\/api.w.org\/{rel}","templated":true}]}}