{"id":133039,"date":"2022-10-13T00:53:46","date_gmt":"2022-10-12T22:53:46","guid":{"rendered":"http:\/\/dev.claret.cat\/producte\/la-celestina-4\/"},"modified":"2023-01-28T12:10:34","modified_gmt":"2023-01-28T11:10:34","slug":"la-celestina-9788467871319","status":"publish","type":"product","link":"https:\/\/www.claret.cat\/es\/libro\/la-celestina-9788467871319\/","title":{"rendered":"LA CELESTINA"},"content":{"rendered":"<p>Obra que culmina la literatura medieval espa\u00f1ola y preludia el Renacimiento.<br \/> Edici\u00f3n con notas explicativas y de vocabulario, introducci\u00f3n, ap\u00e9ndice y actividades.<br \/> La Celestina es una de las obras m\u00e1s complejas de toda nuestra literatura cl\u00e1sica. Su \u00e9xito inmediato produjo la sucesi\u00f3n ininterrumpida de ediciones y la pronta traducci\u00f3n a otras lenguas a principios del siglo XVI (italiano, alem\u00e1n, franc\u00e9s). Se ha convertido en una genial aportaci\u00f3n de la literatura espa\u00f1ola a la literatura universal, porque retrata pasiones humanas elementales y no ha perdido nunca actualidad. Al margen del envoltorio ling\u00fc\u00edstico, al margen de los cambios en lo exterior, al margen incluso de la intenci\u00f3n del autor, los seres humanos comprendemos a trav\u00e9s de ella lo m\u00e1s \u00edntimo de nuestras debilidades, que son las mismas que hace quinientos a\u00f1os. (Edici\u00f3n de Jos\u00e9 Antonio Torregrosa D\u00edaz)<\/p>\n","protected":false},"excerpt":{"rendered":"<p>ROJAS, FERNANDO DE<\/p>\n","protected":false},"featured_media":133040,"template":"","meta":{"_acf_changed":false,"om_disable_all_campaigns":false,"rs_blank_template":"","rs_page_bg_color":"","slide_template_v7":"","inline_featured_image":false,"_monsterinsights_skip_tracking":false,"_monsterinsights_sitenote_active":false,"_monsterinsights_sitenote_note":"","_monsterinsights_sitenote_category":0},"product_brand":[],"product_cat":[87],"product_tag":[],"class_list":{"0":"post-133039","1":"product","2":"type-product","3":"status-publish","4":"has-post-thumbnail","6":"product_cat-literatura","8":"first","9":"instock","10":"taxable","11":"shipping-taxable","12":"purchasable","13":"product-type-simple"},"acf":{"autor":"ROJAS, FERNANDO DE","codart":"846787131","libros-coleccion":"Cl\u00e1sicos - Cl\u00e1sicos Hisp\u00e1nicos","ediciones":"1","encuadernacion":"R\u00fastica","fecha_de_publicacion":"01\/04\/2017","novedad":"1","paginas":"446","subtitulo":"","orden":"0","portada":"0","idioma":"spa","editorial":[{"ID":147433,"post_author":"3","post_date":"2022-10-14 11:50:32","post_date_gmt":"2022-10-14 09:50:32","post_content":"","post_title":"ANAYA INFANTIL Y JUVENIL","post_excerpt":"","post_status":"publish","comment_status":"closed","ping_status":"closed","post_password":"","post_name":"anaya-infantil-y-juvenil","to_ping":"","pinged":"","post_modified":"2022-10-14 11:50:32","post_modified_gmt":"2022-10-14 09:50:32","post_content_filtered":"","post_parent":0,"guid":"http:\/\/dev.claret.cat\/editorial\/anaya-infantil-y-juvenil\/","menu_order":0,"post_type":"editorial","post_mime_type":"","comment_count":"0","filter":"raw"}],"autores-libros":[{"ID":155811,"post_author":"3","post_date":"2022-10-14 15:15:49","post_date_gmt":"2022-10-14 13:15:49","post_content":"","post_title":"FERNANDO DE ROJAS","post_excerpt":"","post_status":"publish","comment_status":"closed","ping_status":"closed","post_password":"","post_name":"fernando-de-rojas","to_ping":"","pinged":"","post_modified":"2022-10-14 15:15:49","post_modified_gmt":"2022-10-14 13:15:49","post_content_filtered":"","post_parent":0,"guid":"http:\/\/dev.claret.cat\/autor\/fernando-de-rojas\/","menu_order":0,"post_type":"autor","post_mime_type":"","comment_count":"0","filter":"raw"}]},"aioseo_notices":[],"_links":{"self":[{"href":"https:\/\/www.claret.cat\/es\/wp-json\/wp\/v2\/product\/133039","targetHints":{"allow":["GET"]}}],"collection":[{"href":"https:\/\/www.claret.cat\/es\/wp-json\/wp\/v2\/product"}],"about":[{"href":"https:\/\/www.claret.cat\/es\/wp-json\/wp\/v2\/types\/product"}],"wp:featuredmedia":[{"embeddable":true,"href":"https:\/\/www.claret.cat\/es\/wp-json\/wp\/v2\/media\/133040"}],"wp:attachment":[{"href":"https:\/\/www.claret.cat\/es\/wp-json\/wp\/v2\/media?parent=133039"}],"wp:term":[{"taxonomy":"product_brand","embeddable":true,"href":"https:\/\/www.claret.cat\/es\/wp-json\/wp\/v2\/product_brand?post=133039"},{"taxonomy":"product_cat","embeddable":true,"href":"https:\/\/www.claret.cat\/es\/wp-json\/wp\/v2\/product_cat?post=133039"},{"taxonomy":"product_tag","embeddable":true,"href":"https:\/\/www.claret.cat\/es\/wp-json\/wp\/v2\/product_tag?post=133039"}],"curies":[{"name":"wp","href":"https:\/\/api.w.org\/{rel}","templated":true}]}}