{"id":133063,"date":"2022-10-13T00:54:07","date_gmt":"2022-10-12T22:54:07","guid":{"rendered":"http:\/\/dev.claret.cat\/producte\/dios-es-nuestro-creador\/"},"modified":"2024-05-02T05:58:27","modified_gmt":"2024-05-02T03:58:27","slug":"dios-es-nuestro-creador-9788428834186","status":"publish","type":"product","link":"https:\/\/www.claret.cat\/es\/libro\/dios-es-nuestro-creador-9788428834186\/","title":{"rendered":"DIOS ES NUESTRO CREADOR"},"content":{"rendered":"<p>Dios es nuestro creador es el primer cuaderno de la colecci\u00f3n Vivir la aventura de Dios, un f\u00e1cil compendio de la fe cristiana. La colecci\u00f3n va dirigida a personas con problemas de comprensi\u00f3n lectora y, por su atractivo y sencillez, tambi\u00e9n es un buen recurso para quien quiera acceder al mensaje de Jesucristo de forma directa. Para hacer m\u00e1s f\u00e1cil su comprensi\u00f3n, estos cuadernos siguen las recomendaciones europeas de Lectura F\u00e1cil. Tambi\u00e9n podemos escuchar su contenido a trav\u00e9s de los c\u00f3digos QR. Este primer cuaderno hace un recorrido que comienza con la creaci\u00f3n del mundo y acaba con nuestra respuesta a Dios, nuestro creador. Contiene el relato b\u00edblico de la Creaci\u00f3n y una escueta explicaci\u00f3n. Contin\u00faa con 5 sencillos cap\u00edtulos que hablan de la mano creadora de Dios, su presencia en la vida y su propuesta para seguirlo. En cada cap\u00edtulo vas a encontrar un dibujo para aproximarte a Dios y compartir tus sentimientos en grupo.<\/p>\n","protected":false},"excerpt":{"rendered":"<p>CERVERA, ANA<\/p>\n","protected":false},"featured_media":337935,"template":"","meta":{"_acf_changed":false,"om_disable_all_campaigns":false,"rs_blank_template":"","rs_page_bg_color":"","slide_template_v7":"","inline_featured_image":false,"_monsterinsights_skip_tracking":false,"_monsterinsights_sitenote_active":false,"_monsterinsights_sitenote_note":"","_monsterinsights_sitenote_category":0},"product_brand":[],"product_cat":[344,78],"product_tag":[],"class_list":{"0":"post-133063","1":"product","2":"type-product","3":"status-publish","4":"has-post-thumbnail","6":"product_cat-pastoral-1_espiritualidad","7":"product_cat-pastoral","9":"first","10":"instock","11":"taxable","12":"shipping-taxable","13":"purchasable","14":"product-type-simple"},"acf":{"editorial":[{"ID":6335,"post_author":"3","post_date":"2022-07-28 17:49:59","post_date_gmt":"2022-07-28 15:49:59","post_content":"","post_title":"PPC altres","post_excerpt":"","post_status":"publish","comment_status":"closed","ping_status":"closed","post_password":"","post_name":"ppc-altres","to_ping":"","pinged":"","post_modified":"2022-07-28 17:49:59","post_modified_gmt":"2022-07-28 15:49:59","post_content_filtered":"","post_parent":0,"guid":"http:\/\/dev.claret.cat\/editorial\/ppc-altres\/","menu_order":0,"post_type":"editorial","post_mime_type":"","comment_count":"0","filter":"raw"}],"autor":"CERVERA, ANA","codart":"842883418","libros-coleccion":"VIVIR LA AVENTURA DE DIOS","ediciones":"1","encuadernacion":"R\u00fastica","fecha_de_publicacion":"22\/07\/2019","novedad":"1","paginas":"68","subtitulo":"VIVIR LA AVENTURA DE DIOS - UNA CATEQUESIS SENCILLA PARA ADULTOS","orden":"0","portada":"0","idioma":"spa","autores-libros":[{"ID":158052,"post_author":"3","post_date":"2022-10-14 15:33:46","post_date_gmt":"2022-10-14 13:33:46","post_content":"","post_title":"ISABEL CANO","post_excerpt":"","post_status":"publish","comment_status":"closed","ping_status":"closed","post_password":"","post_name":"isabel-cano","to_ping":"","pinged":"","post_modified":"2022-10-14 15:33:46","post_modified_gmt":"2022-10-14 13:33:46","post_content_filtered":"","post_parent":0,"guid":"http:\/\/dev.claret.cat\/autor\/isabel-cano\/","menu_order":0,"post_type":"autor","post_mime_type":"","comment_count":"0","filter":"raw"}],"ilustradores-libros":[{"ID":150065,"post_author":"3","post_date":"2022-10-14 14:29:57","post_date_gmt":"2022-10-14 12:29:57","post_content":"","post_title":"ANA CERVERA","post_excerpt":"","post_status":"publish","comment_status":"closed","ping_status":"closed","post_password":"","post_name":"ana-cervera","to_ping":"","pinged":"","post_modified":"2022-10-14 14:29:57","post_modified_gmt":"2022-10-14 12:29:57","post_content_filtered":"","post_parent":0,"guid":"http:\/\/dev.claret.cat\/autor\/ana-cervera\/","menu_order":0,"post_type":"autor","post_mime_type":"","comment_count":"0","filter":"raw"}]},"aioseo_notices":[],"_links":{"self":[{"href":"https:\/\/www.claret.cat\/es\/wp-json\/wp\/v2\/product\/133063","targetHints":{"allow":["GET"]}}],"collection":[{"href":"https:\/\/www.claret.cat\/es\/wp-json\/wp\/v2\/product"}],"about":[{"href":"https:\/\/www.claret.cat\/es\/wp-json\/wp\/v2\/types\/product"}],"wp:featuredmedia":[{"embeddable":true,"href":"https:\/\/www.claret.cat\/es\/wp-json\/wp\/v2\/media\/337935"}],"wp:attachment":[{"href":"https:\/\/www.claret.cat\/es\/wp-json\/wp\/v2\/media?parent=133063"}],"wp:term":[{"taxonomy":"product_brand","embeddable":true,"href":"https:\/\/www.claret.cat\/es\/wp-json\/wp\/v2\/product_brand?post=133063"},{"taxonomy":"product_cat","embeddable":true,"href":"https:\/\/www.claret.cat\/es\/wp-json\/wp\/v2\/product_cat?post=133063"},{"taxonomy":"product_tag","embeddable":true,"href":"https:\/\/www.claret.cat\/es\/wp-json\/wp\/v2\/product_tag?post=133063"}],"curies":[{"name":"wp","href":"https:\/\/api.w.org\/{rel}","templated":true}]}}