{"id":133084,"date":"2022-10-13T00:54:26","date_gmt":"2022-10-12T22:54:26","guid":{"rendered":"http:\/\/dev.claret.cat\/producte\/diccionari-manual-de-sinonims-i-antonims-de-la-llengua-catalana\/"},"modified":"2023-01-28T02:23:53","modified_gmt":"2023-01-28T01:23:53","slug":"diccionari-manual-de-sinonims-i-antonims-de-la-llengua-catalana-9788499740454","status":"publish","type":"product","link":"https:\/\/www.claret.cat\/es\/libro\/diccionari-manual-de-sinonims-i-antonims-de-la-llengua-catalana-9788499740454\/","title":{"rendered":"DICCIONARI MANUAL DE SIN\u00d2NIMS I ANT\u00d2NIMS DE LA LLENGUA CATALANA"},"content":{"rendered":"<p>Un diccionari fonamental per dominar la llengua catalana<br \/>\u00b7 82 000 sin\u00f2nims i ant\u00f2nims<br \/>\u00b7 26 000 entrades i 2 000 lemes comentats<br \/>\u00b7 Incorpora comentaris per facilitar l&#8217;elecci\u00f3 del sin\u00f2nim o de l&#8217;ant\u00f2nim m\u00e9s adient a cada context<br \/>\u00b7 Inclou, degudament marcades, les variants sinon\u00edmiques balears, valencianes i nord-occidentals<br \/>\u00b7 Concebut per satisfer les necessitats dels estudiants de Secund\u00e0ria i Batxillerat<\/p>\n","protected":false},"excerpt":{"rendered":"<p>VOX<\/p>\n","protected":false},"featured_media":133085,"template":"","meta":{"_acf_changed":false,"om_disable_all_campaigns":false,"rs_blank_template":"","rs_page_bg_color":"","slide_template_v7":"","inline_featured_image":false,"_monsterinsights_skip_tracking":false,"_monsterinsights_sitenote_active":false,"_monsterinsights_sitenote_note":"","_monsterinsights_sitenote_category":0},"product_brand":[],"product_cat":[98],"product_tag":[],"class_list":{"0":"post-133084","1":"product","2":"type-product","3":"status-publish","4":"has-post-thumbnail","6":"product_cat-diccionaris","8":"first","9":"instock","10":"taxable","11":"shipping-taxable","12":"purchasable","13":"product-type-simple"},"acf":{"editorial":[{"ID":6393,"post_author":"3","post_date":"2022-07-28 17:51:11","post_date_gmt":"2022-07-28 15:51:11","post_content":"","post_title":"VOX","post_excerpt":"","post_status":"publish","comment_status":"closed","ping_status":"closed","post_password":"","post_name":"vox","to_ping":"","pinged":"","post_modified":"2022-07-28 17:51:11","post_modified_gmt":"2022-07-28 15:51:11","post_content_filtered":"","post_parent":0,"guid":"http:\/\/dev.claret.cat\/editorial\/vox\/","menu_order":0,"post_type":"editorial","post_mime_type":"","comment_count":"0","filter":"raw"}],"autor":"VOX","codart":"849974045","libros-coleccion":"Vox - Lengua Catalana - Diccionarios Gen","ediciones":"1","encuadernacion":"Carton\u00e9","fecha_de_publicacion":"01\/05\/2012","novedad":"1","paginas":"378","subtitulo":"","orden":"0","portada":"0","idioma":"cat","autores-libros":[{"ID":171198,"post_author":"3","post_date":"2022-10-14 22:41:28","post_date_gmt":"2022-10-14 20:41:28","post_content":"","post_title":"VOX","post_excerpt":"","post_status":"publish","comment_status":"closed","ping_status":"closed","post_password":"","post_name":"vox","to_ping":"","pinged":"","post_modified":"2022-10-14 22:41:28","post_modified_gmt":"2022-10-14 20:41:28","post_content_filtered":"","post_parent":0,"guid":"http:\/\/dev.claret.cat\/autor\/vox\/","menu_order":0,"post_type":"autor","post_mime_type":"","comment_count":"0","filter":"raw"}]},"aioseo_notices":[],"_links":{"self":[{"href":"https:\/\/www.claret.cat\/es\/wp-json\/wp\/v2\/product\/133084","targetHints":{"allow":["GET"]}}],"collection":[{"href":"https:\/\/www.claret.cat\/es\/wp-json\/wp\/v2\/product"}],"about":[{"href":"https:\/\/www.claret.cat\/es\/wp-json\/wp\/v2\/types\/product"}],"wp:featuredmedia":[{"embeddable":true,"href":"https:\/\/www.claret.cat\/es\/wp-json\/wp\/v2\/media\/133085"}],"wp:attachment":[{"href":"https:\/\/www.claret.cat\/es\/wp-json\/wp\/v2\/media?parent=133084"}],"wp:term":[{"taxonomy":"product_brand","embeddable":true,"href":"https:\/\/www.claret.cat\/es\/wp-json\/wp\/v2\/product_brand?post=133084"},{"taxonomy":"product_cat","embeddable":true,"href":"https:\/\/www.claret.cat\/es\/wp-json\/wp\/v2\/product_cat?post=133084"},{"taxonomy":"product_tag","embeddable":true,"href":"https:\/\/www.claret.cat\/es\/wp-json\/wp\/v2\/product_tag?post=133084"}],"curies":[{"name":"wp","href":"https:\/\/api.w.org\/{rel}","templated":true}]}}