{"id":133087,"date":"2022-10-13T00:54:29","date_gmt":"2022-10-12T22:54:29","guid":{"rendered":"http:\/\/dev.claret.cat\/producte\/diccionari-essencial-castellano-catalan-catala-castella\/"},"modified":"2026-02-25T18:55:05","modified_gmt":"2026-02-25T17:55:05","slug":"diccionari-essencial-castellanocatalan-catalacastella-9788499742717","status":"publish","type":"product","link":"https:\/\/www.claret.cat\/es\/libro\/diccionari-essencial-castellanocatalan-catalacastella-9788499742717\/","title":{"rendered":"DICCIONARI ESSENCIAL CASTELLANO-CATAL\u00c1N \/ CATAL\u00c0-CASTELL\u00c0"},"content":{"rendered":"<p>La major quantitat d&#8217;entrades possibles en un format redu\u00eft, eun diccionaris molt pr\u00e0ctic amb:<br \/> &#8211; 52 000 entrades<br \/> &#8211; Locucions I frases fetes<br \/> &#8211; Transcripci\u00f3 fon\u00e8tica d&#8217;ambues lleng\u00fces<\/p>\n<p> Actualitzat segons la nova ortografia de la llengua catalana<br \/> Amb acc\u00e9s a la versi\u00f3 en l\u00ednia del diccionari<\/p>\n","protected":false},"excerpt":{"rendered":"<p>VOX EDITORIAL<\/p>\n","protected":false},"featured_media":133088,"template":"","meta":{"_acf_changed":false,"om_disable_all_campaigns":false,"rs_blank_template":"","rs_page_bg_color":"","slide_template_v7":"","inline_featured_image":false,"_monsterinsights_skip_tracking":false,"_monsterinsights_sitenote_active":false,"_monsterinsights_sitenote_note":"","_monsterinsights_sitenote_category":0},"product_brand":[],"product_cat":[548,98],"product_tag":[],"class_list":{"0":"post-133087","1":"product","2":"type-product","3":"status-publish","4":"has-post-thumbnail","6":"product_cat-diccionarios-5_otras-spa","7":"product_cat-diccionaris","9":"first","10":"instock","11":"taxable","12":"shipping-taxable","13":"purchasable","14":"product-type-simple"},"acf":{"editorial":[{"ID":6393,"post_author":"3","post_date":"2022-07-28 17:51:11","post_date_gmt":"2022-07-28 15:51:11","post_content":"","post_title":"VOX","post_excerpt":"","post_status":"publish","comment_status":"closed","ping_status":"closed","post_password":"","post_name":"vox","to_ping":"","pinged":"","post_modified":"2022-07-28 17:51:11","post_modified_gmt":"2022-07-28 15:51:11","post_content_filtered":"","post_parent":0,"guid":"http:\/\/dev.claret.cat\/editorial\/vox\/","menu_order":0,"post_type":"editorial","post_mime_type":"","comment_count":"0","filter":"raw"}],"autores-libros":[{"ID":6084,"post_author":"3","post_date":"2022-07-28 17:37:48","post_date_gmt":"2022-07-28 15:37:48","post_content":"","post_title":"VOX EDITORIAL","post_excerpt":"","post_status":"publish","comment_status":"closed","ping_status":"closed","post_password":"","post_name":"vox-editorial","to_ping":"","pinged":"","post_modified":"2022-07-28 17:37:48","post_modified_gmt":"2022-07-28 15:37:48","post_content_filtered":"","post_parent":0,"guid":"http:\/\/dev.claret.cat\/autor\/vox-editorial\/","menu_order":0,"post_type":"autor","post_mime_type":"","comment_count":"0","filter":"raw"}],"autor":"VOX EDITORIAL","codart":"849974271","libros-coleccion":"Vox - Lengua Catalana - Diccionarios Gen","ediciones":"1","encuadernacion":"R\u00fastica","fecha_de_publicacion":"01\/05\/2018","novedad":"1","paginas":"298","subtitulo":"","orden":"0","portada":"0","idioma":"cat","booktrailer":"","resenas":""},"aioseo_notices":[],"_links":{"self":[{"href":"https:\/\/www.claret.cat\/es\/wp-json\/wp\/v2\/product\/133087","targetHints":{"allow":["GET"]}}],"collection":[{"href":"https:\/\/www.claret.cat\/es\/wp-json\/wp\/v2\/product"}],"about":[{"href":"https:\/\/www.claret.cat\/es\/wp-json\/wp\/v2\/types\/product"}],"wp:featuredmedia":[{"embeddable":true,"href":"https:\/\/www.claret.cat\/es\/wp-json\/wp\/v2\/media\/133088"}],"wp:attachment":[{"href":"https:\/\/www.claret.cat\/es\/wp-json\/wp\/v2\/media?parent=133087"}],"wp:term":[{"taxonomy":"product_brand","embeddable":true,"href":"https:\/\/www.claret.cat\/es\/wp-json\/wp\/v2\/product_brand?post=133087"},{"taxonomy":"product_cat","embeddable":true,"href":"https:\/\/www.claret.cat\/es\/wp-json\/wp\/v2\/product_cat?post=133087"},{"taxonomy":"product_tag","embeddable":true,"href":"https:\/\/www.claret.cat\/es\/wp-json\/wp\/v2\/product_tag?post=133087"}],"curies":[{"name":"wp","href":"https:\/\/api.w.org\/{rel}","templated":true}]}}