{"id":13315,"date":"2022-10-01T22:10:44","date_gmt":"2022-10-01T20:10:44","guid":{"rendered":"http:\/\/dev.claret.cat\/producte\/un-lugar-llamado-antano\/"},"modified":"2023-01-28T22:05:39","modified_gmt":"2023-01-28T21:05:39","slug":"un-lugar-llamado-antano-9788433980625","status":"publish","type":"product","link":"https:\/\/www.claret.cat\/es\/libro\/un-lugar-llamado-antano-9788433980625\/","title":{"rendered":"UN LUGAR LLAMADO ANTA\u00d1O"},"content":{"rendered":"<p>\u00abAnta\u00f1o es un lugar situado en el centro del universo\u00bb: con esta frase empieza esta obra. Anta\u00f1o es un pueblo m\u00edtico en el coraz\u00f3n de Polonia, un microcosmos habitado por personajes exc\u00e9ntricos y particulares y: Genowefa, Espiga, Misia, el Hombre Malo, el se\u00f1or Popielski, Micha, el viejo Boski, Izydor, Florentynka, Ruta, la se\u00f1ora Papug, un rabino que regala un extra\u00f1o Juego, cosacos invasores,  viejas locas que entienden a los animales, perros sabios como Pepona, almas en pena que se creen vivas, caballos, vacas, \u00e1ngeles guardianes e incluso el mism\u00edsimo Dios.<br \/>Un lugar llamado Anta\u00f1o, la tercera novela de Olga Tokarczuk, la consagr\u00f3 como una autora de imaginaci\u00f3n deslumbrante y una voz imprescindible de la literatura polaca actual, y la lanz\u00f3 internacionalmente, en un significativo primer paso que desembocar\u00eda en dos premios concedidos en 2018: el Man Booker Internacional y ante todo el Nobel.<br \/>Acaso podr\u00edamos definir esta obra como un cruce entre Cien a\u00f1os de soledad y un cuadro de Chagall. Hay en ella realismo, magia y realismo m\u00e1gico. Por sus p\u00e1ginas desfilan la historia de un siglo, dos guerras mundiales, campos de concentraci\u00f3n&#8230; y varias generaciones de personas movidos por las pasiones, las duda,los anhelos y los miedos. Hay nacimientos, amor\u00edos, violencia, amistad, envejecimiento, dignidad, traiciones y fallecimientos. Hay mil y una historias que se narran y se entrecruzan en cortos cap\u00edtulos, una sucesi\u00f3n de narraciones que conforman una novela total y coral, en la que asoman el coraz\u00f3n del Ser Humano, de la Historia, del Mundo y de la Vida.<br \/>En este libro sorprendente, inagotable y deslumbrante se encuentran y chocan lo viejo y lo nuevo, la masculino y lo femenino, la vida y la muerte.<\/p>\n","protected":false},"excerpt":{"rendered":"<p>TOKARCZUK, OLGA<\/p>\n","protected":false},"featured_media":66500,"template":"","meta":{"_acf_changed":false,"om_disable_all_campaigns":false,"rs_blank_template":"","rs_page_bg_color":"","slide_template_v7":"","inline_featured_image":false,"_monsterinsights_skip_tracking":false,"_monsterinsights_sitenote_active":false,"_monsterinsights_sitenote_note":"","_monsterinsights_sitenote_category":0},"product_brand":[],"product_cat":[127],"product_tag":[],"class_list":{"0":"post-13315","1":"product","2":"type-product","3":"status-publish","4":"has-post-thumbnail","6":"product_cat-novella-contemporania","8":"first","9":"instock","10":"taxable","11":"shipping-taxable","12":"purchasable","13":"product-type-simple"},"acf":{"autor":"TOKARCZUK, OLGA","codart":"843398062","libros-coleccion":"Panorama de narrativas","ediciones":"1","encuadernacion":"R\u00fastica","fecha_de_publicacion":"01\/03\/2020","novedad":"1","paginas":"0","subtitulo":"","orden":"0","portada":"0","idioma":"spa","editorial":[{"ID":6219,"post_author":"3","post_date":"2022-07-28 17:47:26","post_date_gmt":"2022-07-28 15:47:26","post_content":"","post_title":"Editorial Anagrama S.A.","post_excerpt":"","post_status":"publish","comment_status":"closed","ping_status":"closed","post_password":"","post_name":"editorial-anagrama-s-a","to_ping":"","pinged":"","post_modified":"2022-07-28 17:47:26","post_modified_gmt":"2022-07-28 15:47:26","post_content_filtered":"","post_parent":0,"guid":"http:\/\/dev.claret.cat\/editorial\/editorial-anagrama-s-a\/","menu_order":0,"post_type":"editorial","post_mime_type":"","comment_count":"0","filter":"raw"}],"autores-libros":[{"ID":166160,"post_author":"3","post_date":"2022-10-14 18:00:54","post_date_gmt":"2022-10-14 16:00:54","post_content":"","post_title":"OLGA TOKARCZUK","post_excerpt":"","post_status":"publish","comment_status":"closed","ping_status":"closed","post_password":"","post_name":"olga-tokarczuk","to_ping":"","pinged":"","post_modified":"2022-10-14 18:00:54","post_modified_gmt":"2022-10-14 16:00:54","post_content_filtered":"","post_parent":0,"guid":"http:\/\/dev.claret.cat\/autor\/olga-tokarczuk\/","menu_order":0,"post_type":"autor","post_mime_type":"","comment_count":"0","filter":"raw"}]},"aioseo_notices":[],"_links":{"self":[{"href":"https:\/\/www.claret.cat\/es\/wp-json\/wp\/v2\/product\/13315","targetHints":{"allow":["GET"]}}],"collection":[{"href":"https:\/\/www.claret.cat\/es\/wp-json\/wp\/v2\/product"}],"about":[{"href":"https:\/\/www.claret.cat\/es\/wp-json\/wp\/v2\/types\/product"}],"wp:featuredmedia":[{"embeddable":true,"href":"https:\/\/www.claret.cat\/es\/wp-json\/wp\/v2\/media\/66500"}],"wp:attachment":[{"href":"https:\/\/www.claret.cat\/es\/wp-json\/wp\/v2\/media?parent=13315"}],"wp:term":[{"taxonomy":"product_brand","embeddable":true,"href":"https:\/\/www.claret.cat\/es\/wp-json\/wp\/v2\/product_brand?post=13315"},{"taxonomy":"product_cat","embeddable":true,"href":"https:\/\/www.claret.cat\/es\/wp-json\/wp\/v2\/product_cat?post=13315"},{"taxonomy":"product_tag","embeddable":true,"href":"https:\/\/www.claret.cat\/es\/wp-json\/wp\/v2\/product_tag?post=13315"}],"curies":[{"name":"wp","href":"https:\/\/api.w.org\/{rel}","templated":true}]}}